{"id":173,"date":"2024-10-25T11:15:08","date_gmt":"2024-10-25T11:15:08","guid":{"rendered":"https:\/\/dummy.xtemos.com\/woodmart2\/makeup-elementor\/?page_id=173"},"modified":"2025-11-07T12:14:33","modified_gmt":"2025-11-07T12:14:33","slug":"contact-us","status":"publish","type":"page","link":"https:\/\/fushaco.com\/sq\/contact-us\/","title":{"rendered":"Kontakti"},"content":{"rendered":"<div data-elementor-type=\"wp-page\" data-elementor-id=\"173\" class=\"elementor elementor-173\">\n\t\t\t\t<div class=\"wd-negative-gap elementor-element elementor-element-6039999 e-flex e-con-boxed e-con e-parent\" data-id=\"6039999\" data-element_type=\"container\">\n\t\t\t\t\t<div class=\"e-con-inner\">\n\t\t\t\t<div class=\"elementor-element elementor-element-a2eac42 elementor-widget elementor-widget-html\" data-id=\"a2eac42\" data-element_type=\"widget\" data-widget_type=\"html.default\">\n\t\t\t\t\t<iframe src=\"https:\/\/www.google.com\/maps\/embed?pb=!1m18!1m12!1m3!1d2923.0780873053577!2d21.17992337660045!3d42.89229920130968!2m3!1f0!2f0!3f0!3m2!1i1024!2i768!4f13.1!3m3!1m2!1s0x1354a97f54f10111%3A0x7f4398f93be155e5!2sFUSHA%20%26%20CO%20SH.P.K!5e0!3m2!1sen!2sus!4v1761946461781!5m2!1sen!2sus\" width=\"100%\" height=\"400\" style=\"border:0;\" allowfullscreen=\"\" loading=\"lazy\" referrerpolicy=\"no-referrer-when-downgrade\"><\/iframe>\t\t\t\t<\/div>\n\t\t\t\t\t<\/div>\n\t\t\t\t<\/div>\n\t\t<div class=\"wd-negative-gap elementor-element elementor-element-a25dedd e-flex e-con-boxed e-con e-parent\" data-id=\"a25dedd\" data-element_type=\"container\">\n\t\t\t\t\t<div class=\"e-con-inner\">\n\t\t<div class=\"elementor-element elementor-element-c8b07ff e-con-full color-scheme-light e-flex e-con e-child\" data-id=\"c8b07ff\" data-element_type=\"container\" data-settings=\"{&quot;background_background&quot;:&quot;classic&quot;}\">\n\t\t\t\t<div class=\"elementor-element elementor-element-b10fef3 wd-width-100 elementor-widget elementor-widget-wd_title\" data-id=\"b10fef3\" data-element_type=\"widget\" data-widget_type=\"wd_title.default\">\n\t\t\t\t<div class=\"elementor-widget-container\">\n\t\t\t\t\t\t\t<div class=\"title-wrapper wd-set-mb reset-last-child wd-title-color-default wd-title-style-default wd-title-size-default text-left\">\n\n\t\t\t\n\t\t\t<div class=\"liner-continer\">\n\t\t\t\t<h4 class=\"woodmart-title-container title wd-fontsize-l\">Adresa<\/h4> \n\t\t\t\t\t\t\t<\/div>\n\n\t\t\t\t\t<\/div>\n\t\t\t\t\t\t<\/div>\n\t\t\t\t<\/div>\n\t\t\t\t<div class=\"elementor-element elementor-element-3fbfee6 elementor-widget elementor-widget-wd_text_block\" data-id=\"3fbfee6\" data-element_type=\"widget\" data-widget_type=\"wd_text_block.default\">\n\t\t\t\t<div class=\"elementor-widget-container\">\n\t\t\t\t\t\t\t<div class=\"wd-text-block reset-last-child text-left\">\n\t\t\t\n\t\t\t<p>Rruga Skenderbeu, Podujev\u00eb, Kosov\u00eb 11000<\/p><p>E h\u00ebn\u00eb \u2013 E shtun\u00eb: 09:00 \u2013 18:00<br data-start=\"1238\" data-end=\"1241\" \/>E diel: Pushim<u><br \/><\/u><\/p>\n\t\t\t\t\t<\/div>\n\t\t\t\t\t\t<\/div>\n\t\t\t\t<\/div>\n\t\t<div class=\"elementor-element elementor-element-502863e e-con-full e-flex e-con e-child\" data-id=\"502863e\" data-element_type=\"container\">\n\t\t<div class=\"elementor-element elementor-element-da2808c e-con-full e-flex e-con e-child\" data-id=\"da2808c\" data-element_type=\"container\">\n\t\t\t\t<div class=\"elementor-element elementor-element-bf53086 wd-width-100 elementor-widget elementor-widget-wd_title\" data-id=\"bf53086\" data-element_type=\"widget\" data-widget_type=\"wd_title.default\">\n\t\t\t\t<div class=\"elementor-widget-container\">\n\t\t\t\t\t\t\t<div class=\"title-wrapper wd-set-mb reset-last-child wd-title-color-default wd-title-style-default wd-title-size-default text-left\">\n\n\t\t\t\n\t\t\t<div class=\"liner-continer\">\n\t\t\t\t<h4 class=\"woodmart-title-container title wd-fontsize-l\">Kontakti<\/h4> \n\t\t\t\t\t\t\t<\/div>\n\n\t\t\t\t\t<\/div>\n\t\t\t\t\t\t<\/div>\n\t\t\t\t<\/div>\n\t\t\t\t<div class=\"elementor-element elementor-element-a2aef5f elementor-widget elementor-widget-wd_text_block\" data-id=\"a2aef5f\" data-element_type=\"widget\" data-widget_type=\"wd_text_block.default\">\n\t\t\t\t<div class=\"elementor-widget-container\">\n\t\t\t\t\t\t\t<div class=\"wd-text-block reset-last-child text-left\">\n\t\t\t\n\t\t\t<p>FUSHA &amp; CO SH.P.K<br \/>NIB:811234567<\/p>\n\t\t\t\t\t<\/div>\n\t\t\t\t\t\t<\/div>\n\t\t\t\t<\/div>\n\t\t\t\t<div class=\"elementor-element elementor-element-e951df0 elementor-icon-list--layout-traditional elementor-list-item-link-full_width elementor-widget elementor-widget-icon-list\" data-id=\"e951df0\" data-element_type=\"widget\" data-widget_type=\"icon-list.default\">\n\t\t\t\t\t\t\t<ul class=\"elementor-icon-list-items\">\n\t\t\t\t\t\t\t<li class=\"elementor-icon-list-item\">\n\t\t\t\t\t\t\t\t\t\t\t<a href=\"tel:+383%2043%20700%20792\">\n\n\t\t\t\t\t\t\t\t\t\t\t\t<span class=\"elementor-icon-list-icon\">\n\t\t\t\t\t\t\t<svg xmlns=\"http:\/\/www.w3.org\/2000\/svg\" width=\"14\" height=\"14\" viewbox=\"0 0 14 14\" fill=\"none\"><path d=\"M9.9452 0H4.05481C3.49108 0 3.03601 0.457109 3.03601 1.01982V12.9812C3.03601 13.5434 3.49108 14 4.05481 14H9.9452C10.5079 14 10.964 13.5434 10.964 12.9812V1.01982C10.964 0.457109 10.5079 0 9.9452 0ZM5.54654 0.619343H8.45449C8.52796 0.619343 8.58765 0.729029 8.58765 0.864733C8.58765 1.00044 8.52796 1.11063 8.45449 1.11063H5.54654C5.47257 1.11063 5.4139 1.00044 5.4139 0.864733C5.4139 0.729029 5.47257 0.619343 5.54654 0.619343ZM7.00052 12.9934C6.64187 12.9934 6.35005 12.7016 6.35005 12.3425C6.35005 11.9833 6.64187 11.6925 7.00052 11.6925C7.35814 11.6925 7.64996 11.9833 7.64996 12.3425C7.64996 12.7016 7.35814 12.9934 7.00052 12.9934ZM10.2008 10.7645H3.79973V1.72079H10.2008V10.7645Z\" fill=\"white\" fill-opacity=\"0.8\"><\/path><\/svg>\t\t\t\t\t\t<\/span>\n\t\t\t\t\t\t\t\t\t\t<span class=\"elementor-icon-list-text\">+383 43 700 792<\/span>\n\t\t\t\t\t\t\t\t\t\t\t<\/a>\n\t\t\t\t\t\t\t\t\t<\/li>\n\t\t\t\t\t\t\t\t<li class=\"elementor-icon-list-item\">\n\t\t\t\t\t\t\t\t\t\t\t<a href=\"mailto:info@fushaco.com\">\n\n\t\t\t\t\t\t\t\t\t\t\t\t<span class=\"elementor-icon-list-icon\">\n\t\t\t\t\t\t\t<svg xmlns=\"http:\/\/www.w3.org\/2000\/svg\" width=\"14\" height=\"14\" viewbox=\"0 0 14 14\" fill=\"none\"><g clip-path=\"url(#clip0_317_6696)\"><path d=\"M12.6875 1.75H1.31251C0.588747 1.75 0 2.33875 0 3.06251V10.9375C0 11.6613 0.588747 12.25 1.31251 12.25H12.6875C13.4113 12.25 14 11.6613 14 10.9375V3.06251C14 2.33875 13.4113 1.75 12.6875 1.75ZM12.6875 2.625C12.7469 2.625 12.8035 2.63733 12.8552 2.65887L7 7.73359L1.14479 2.65887C1.19649 2.63736 1.25304 2.625 1.31248 2.625H12.6875ZM12.6875 11.375H1.31251C1.07112 11.375 0.874996 11.1789 0.874996 10.9375V3.58331L6.71331 8.64319C6.79578 8.71452 6.89789 8.75 7 8.75C7.10211 8.75 7.20422 8.71455 7.28669 8.64319L13.125 3.58331V10.9375C13.125 11.1789 12.9289 11.375 12.6875 11.375Z\" fill=\"white\" fill-opacity=\"0.8\"><\/path><\/g><defs><clippath id=\"clip0_317_6696\"><rect width=\"14\" height=\"14\" fill=\"white\"><\/rect><\/clippath><\/defs><\/svg>\t\t\t\t\t\t<\/span>\n\t\t\t\t\t\t\t\t\t\t<span class=\"elementor-icon-list-text\">info@fushaco.com<\/span>\n\t\t\t\t\t\t\t\t\t\t\t<\/a>\n\t\t\t\t\t\t\t\t\t<\/li>\n\t\t\t\t\t\t<\/ul>\n\t\t\t\t\t\t<\/div>\n\t\t\t\t<\/div>\n\t\t<div class=\"elementor-element elementor-element-ec483c4 e-con-full e-flex e-con e-child\" data-id=\"ec483c4\" data-element_type=\"container\">\n\t\t\t\t<div class=\"elementor-element elementor-element-cdbd9b3 wd-width-100 elementor-widget elementor-widget-wd_title\" data-id=\"cdbd9b3\" data-element_type=\"widget\" data-widget_type=\"wd_title.default\">\n\t\t\t\t<div class=\"elementor-widget-container\">\n\t\t\t\t\t\t\t<div class=\"title-wrapper wd-set-mb reset-last-child wd-title-color-default wd-title-style-default wd-title-size-default text-left\">\n\n\t\t\t\n\t\t\t<div class=\"liner-continer\">\n\t\t\t\t<h4 class=\"woodmart-title-container title wd-fontsize-l\"> Rrjete Sociale<\/h4> \n\t\t\t\t\t\t\t<\/div>\n\n\t\t\t\t\t<\/div>\n\t\t\t\t\t\t<\/div>\n\t\t\t\t<\/div>\n\t\t\t\t<div class=\"elementor-element elementor-element-c2c9556 elementor-shape-circle e-grid-align-left elementor-grid-0 elementor-widget elementor-widget-social-icons\" data-id=\"c2c9556\" data-element_type=\"widget\" data-widget_type=\"social-icons.default\">\n\t\t\t\t\t\t\t<div class=\"elementor-social-icons-wrapper elementor-grid\" role=\"list\">\n\t\t\t\t\t\t\t<span class=\"elementor-grid-item\" role=\"listitem\">\n\t\t\t\t\t<a class=\"elementor-icon elementor-social-icon elementor-social-icon-facebook elementor-repeater-item-189d165\" href=\"https:\/\/www.facebook.com\/p\/Fusha-Co-61574930579489\/\" target=\"_blank\">\n\t\t\t\t\t\t<span class=\"elementor-screen-only\">Facebook<\/span>\n\t\t\t\t\t\t<svg aria-hidden=\"true\" class=\"e-font-icon-svg e-fab-facebook\" viewbox=\"0 0 512 512\" xmlns=\"http:\/\/www.w3.org\/2000\/svg\"><path d=\"M504 256C504 119 393 8 256 8S8 119 8 256c0 123.78 90.69 226.38 209.25 245V327.69h-63V256h63v-54.64c0-62.15 37-96.48 93.67-96.48 27.14 0 55.52 4.84 55.52 4.84v61h-31.28c-30.8 0-40.41 19.12-40.41 38.73V256h68.78l-11 71.69h-57.78V501C413.31 482.38 504 379.78 504 256z\"><\/path><\/svg>\t\t\t\t\t<\/a>\n\t\t\t\t<\/span>\n\t\t\t\t\t\t\t<span class=\"elementor-grid-item\" role=\"listitem\">\n\t\t\t\t\t<a class=\"elementor-icon elementor-social-icon elementor-social-icon- elementor-repeater-item-d7d5212\" href=\"https:\/\/www.instagram.com\/fushagroup\" target=\"_blank\">\n\t\t\t\t\t\t<span class=\"elementor-screen-only\"><\/span>\n\t\t\t\t\t\t<svg xmlns=\"http:\/\/www.w3.org\/2000\/svg\" aria-hidden=\"true\" role=\"img\" width=\"24\" height=\"24\" fill=\"currentColor\" viewbox=\"0 0 13 12\"><path d=\"M6.70482 2.89996C5.00125 2.89996 3.62714 4.26262 3.62714 5.95199C3.62714 7.64137 5.00125 9.00402 6.70482 9.00402C8.40839 9.00402 9.7825 7.64137 9.7825 5.95199C9.7825 4.26262 8.40839 2.89996 6.70482 2.89996ZM6.70482 7.93621C5.60393 7.93621 4.70393 7.04637 4.70393 5.95199C4.70393 4.85762 5.60125 3.96777 6.70482 3.96777C7.80839 3.96777 8.70571 4.85762 8.70571 5.95199C8.70571 7.04637 7.80571 7.93621 6.70482 7.93621ZM10.6263 2.77512C10.6263 3.1709 10.3048 3.48699 9.90839 3.48699C9.50929 3.48699 9.19054 3.16824 9.19054 2.77512C9.19054 2.38199 9.51196 2.06324 9.90839 2.06324C10.3048 2.06324 10.6263 2.38199 10.6263 2.77512ZM12.6646 3.49762C12.6191 2.54402 12.3995 1.69934 11.695 1.0034C10.9932 0.307461 10.1414 0.0896484 9.17982 0.0418359C8.18875 -0.0139453 5.21821 -0.0139453 4.22714 0.0418359C3.26821 0.0869922 2.41643 0.304805 1.71196 1.00074C1.0075 1.69668 0.790536 2.54137 0.742322 3.49496C0.686072 4.47777 0.686072 7.42355 0.742322 8.40637C0.787857 9.35996 1.0075 10.2046 1.71196 10.9006C2.41643 11.5965 3.26554 11.8143 4.22714 11.8621C5.21821 11.9179 8.18875 11.9179 9.17982 11.8621C10.1414 11.817 10.9932 11.5992 11.695 10.9006C12.3968 10.2046 12.6164 9.35996 12.6646 8.40637C12.7209 7.42355 12.7209 4.48043 12.6646 3.49762ZM11.3843 9.4609C11.1754 9.98152 10.7709 10.3826 10.2432 10.5925C9.45304 10.9032 7.57804 10.8315 6.70482 10.8315C5.83161 10.8315 3.95393 10.9006 3.16643 10.5925C2.64143 10.3853 2.23696 9.98418 2.02536 9.4609C1.71196 8.67731 1.78429 6.81793 1.78429 5.95199C1.78429 5.08606 1.71464 3.22402 2.02536 2.44309C2.23429 1.92246 2.63875 1.52137 3.16643 1.31152C3.95661 1.00074 5.83161 1.07246 6.70482 1.07246C7.57804 1.07246 9.45572 1.0034 10.2432 1.31152C10.7682 1.51871 11.1727 1.9198 11.3843 2.44309C11.6977 3.22668 11.6254 5.08606 11.6254 5.95199C11.6254 6.81793 11.6977 8.67996 11.3843 9.4609Z\"><\/path><\/svg>\t\t\t\t\t<\/a>\n\t\t\t\t<\/span>\n\t\t\t\t\t\t\t<span class=\"elementor-grid-item\" role=\"listitem\">\n\t\t\t\t\t<a class=\"elementor-icon elementor-social-icon elementor-social-icon- elementor-repeater-item-eab8601\" href=\"https:\/\/www.tiktok.com\/@fushaco?_r=1&#038;_t=ZM-91CTZKVKnLX\" target=\"_blank\">\n\t\t\t\t\t\t<span class=\"elementor-screen-only\"><\/span>\n\t\t\t\t\t\t<svg xmlns=\"http:\/\/www.w3.org\/2000\/svg\" aria-hidden=\"true\" role=\"img\" width=\"24\" height=\"24\" fill=\"currentColor\" viewbox=\"0 0 24 24\"><path d=\"M22.601273,3.99398422 C22.3543419,3.81786432 22.035286,3.77722295 21.7519316,3.88579503 C20.7673827,4.3053476 19.6367473,4.19781761 18.749359,3.60023293 C17.8619707,3.00264826 17.3390468,1.99663905 17.3606558,0.92862387 C17.366873,0.687165991 17.2757319,0.453316101 17.1076605,0.279488738 C16.937965,0.101864383 16.7030375,0.000936521363 16.4571011,0 L12.8428824,0 C12.343863,0 11.9393277,0.403649581 11.9393277,0.901576573 L11.9393277,16.3365675 C11.9393277,17.581385 10.9279897,18.5905089 9.68044104,18.5905089 C8.43289237,18.5905089 7.42155434,17.581385 7.42155434,16.3365675 C7.42155434,15.09175 8.43289237,14.0826261 9.68044104,14.0826261 C10.1794605,14.0826261 10.5839957,13.6789765 10.5839957,13.1810495 L10.5839957,9.57474321 C10.5839957,9.07681622 10.1794605,8.67316663 9.68044104,8.67316663 C5.44083962,8.67813472 2.00520525,12.1062476 2.00022626,16.3365675 C1.98771579,17.9546233 2.49430163,19.5342383 3.44591375,20.8444504 C3.61458557,21.0808398 5.05966461,19.9481604 4.91870788,19.7535427 C4.19555103,18.760421 3.80646351,17.5641499 3.80733562,16.3365675 C3.81165144,13.4484211 5.91803869,10.991254 8.77688636,10.5394301 L8.77688636,12.3425833 C6.70706914,12.8134053 5.34862709,14.7938709 5.65804701,16.8895228 C5.96746693,18.9851748 7.84059425,20.4905907 9.95854931,20.3457987 C12.0765044,20.2010067 13.7263573,18.4547454 13.7464371,16.3365675 L13.7464371,1.80315315 L15.6167953,1.80315315 C16.0103639,4.20249558 18.0864975,5.96506252 20.5230972,5.96843692 C20.7496837,5.96688212 20.975975,5.95182905 21.2007632,5.92335809 L21.2007632,7.67241664 C19.7293748,7.92650626 18.2152284,7.66195137 16.917914,6.92410808 C16.6383532,6.76305694 16.2939201,6.76305694 16.0143593,6.92410808 C15.7336844,7.0857977 15.5612953,7.38509793 15.562582,7.7084797 L15.562582,16.3365675 C15.5580692,18.2941869 14.5756972,20.1206948 12.9432814,21.2065896 C11.9060301,21.8965766 10.6930991,22.229824 9.48148608,22.189012 C8.78627447,22.1655944 8.08246121,22.0477035 7.42155434,21.774707 C7.12504167,21.5395062 5.484375,20.8444504 4.91870788,19.7535427 C4.66351437,19.2613936 3.0238563,20.6306805 3.44591375,20.8444504 C4.91870788,23.1351563 7.99726562,23.9999684 9.69851213,23.9999684 C13.7074483,23.9999684 17.0406982,20.9190082 17.3606558,16.931608 C17.3657425,16.8836579 17.3657425,16.8353059 17.3606558,16.7873558 L17.3606558,9.10592339 C18.9684136,9.66657941 20.7106733,9.71696914 22.3482777,9.25017564 C22.7469793,9.13449784 23.0153499,8.76257691 22.998837,8.34859907 L22.998837,4.7873716 C23.0148813,4.47165088 22.8640303,4.17060935 22.601273,3.99398422 Z\"><\/path><\/svg>\t\t\t\t\t<\/a>\n\t\t\t\t<\/span>\n\t\t\t\t\t<\/div>\n\t\t\t\t\t\t<\/div>\n\t\t\t\t<\/div>\n\t\t\t\t<\/div>\n\t\t\t\t<\/div>\n\t\t<div class=\"elementor-element elementor-element-e19c3f1 e-con-full e-flex e-con e-child\" data-id=\"e19c3f1\" data-element_type=\"container\" data-settings=\"{&quot;background_background&quot;:&quot;classic&quot;}\">\n\t\t\t\t<div class=\"elementor-element elementor-element-15a74be wd-width-100 elementor-widget elementor-widget-wd_title\" data-id=\"15a74be\" data-element_type=\"widget\" data-widget_type=\"wd_title.default\">\n\t\t\t\t<div class=\"elementor-widget-container\">\n\t\t\t\t\t\t\t<div class=\"title-wrapper wd-set-mb reset-last-child wd-title-color-default wd-title-style-default wd-title-size-default text-left\">\n\n\t\t\t\n\t\t\t<div class=\"liner-continer\">\n\t\t\t\t<h4 class=\"woodmart-title-container title wd-fontsize-l\">Na kontaktoni<\/h4> \n\t\t\t\t\t\t\t<\/div>\n\n\t\t\t\t\t<\/div>\n\t\t\t\t\t\t<\/div>\n\t\t\t\t<\/div>\n\t\t\t\t<div class=\"elementor-element elementor-element-b9eef7a wd-cf7 elementor-widget elementor-widget-wd_contact_form_7\" data-id=\"b9eef7a\" data-element_type=\"widget\" data-widget_type=\"wd_contact_form_7.default\">\n\t\t\t\t<div class=\"elementor-widget-container\">\n\t\t\t\t\t\n<div class=\"wpcf7 no-js\" id=\"wpcf7-f177-o1\" lang=\"en-US\" dir=\"ltr\" data-wpcf7-id=\"177\">\n<div class=\"screen-reader-response\"><p role=\"status\" aria-live=\"polite\" aria-atomic=\"true\"><\/p> <ul><\/ul><\/div>\n<form action=\"\/sq\/wp-json\/wp\/v2\/pages\/173#wpcf7-f177-o1\" method=\"post\" class=\"wpcf7-form init\" aria-label=\"Contact form\" novalidate=\"novalidate\" data-status=\"init\" data-trp-original-action=\"\/sq\/wp-json\/wp\/v2\/pages\/173#wpcf7-f177-o1\">\n<fieldset class=\"hidden-fields-container\"><input type=\"hidden\" name=\"_wpcf7\" value=\"177\" \/><input type=\"hidden\" name=\"_wpcf7_version\" value=\"6.1.5\" \/><input type=\"hidden\" name=\"_wpcf7_locale\" value=\"en_US\" \/><input type=\"hidden\" name=\"_wpcf7_unit_tag\" value=\"wpcf7-f177-o1\" \/><input type=\"hidden\" name=\"_wpcf7_container_post\" value=\"0\" \/><input type=\"hidden\" name=\"_wpcf7_posted_data_hash\" value=\"\" \/>\n<\/fieldset>\n<div class=\"wd-grid-g\">\n\t<div class=\"wd-grid-f-stretch\">\n\t\t<div class=\"wd-col\">\n\t\t\t<p><span class=\"wpcf7-form-control-wrap\" data-name=\"your-name\"><input size=\"40\" maxlength=\"400\" class=\"wpcf7-form-control wpcf7-text wpcf7-validates-as-required\" aria-required=\"true\" aria-invalid=\"false\" placeholder=\"Emri\" value=\"\" type=\"text\" name=\"your-name\" \/><\/span>\n\t\t\t<\/p>\n\t\t<\/div>\n\t\t<div class=\"wd-col\">\n\t\t\t<p><span class=\"wpcf7-form-control-wrap\" data-name=\"your-email\"><input size=\"40\" maxlength=\"400\" class=\"wpcf7-form-control wpcf7-email wpcf7-validates-as-required wpcf7-text wpcf7-validates-as-email\" aria-required=\"true\" aria-invalid=\"false\" placeholder=\"Emaili\" value=\"\" type=\"email\" name=\"your-email\" \/><\/span>\n\t\t\t<\/p>\n\t\t<\/div>\n\t<\/div>\n\t<div>\n\t\t<p><span class=\"wpcf7-form-control-wrap\" data-name=\"your-message\"><input size=\"40\" maxlength=\"400\" class=\"wpcf7-form-control wpcf7-text wpcf7-validates-as-required\" aria-required=\"true\" aria-invalid=\"false\" placeholder=\"Subjekti\" value=\"\" type=\"text\" name=\"your-message\" \/><\/span>\n\t\t<\/p>\n\t<\/div>\n\t<div>\n\t\t<p><span class=\"wpcf7-form-control-wrap\" data-name=\"your-message\"><textarea cols=\"40\" rows=\"10\" maxlength=\"2000\" class=\"wpcf7-form-control wpcf7-textarea\" aria-invalid=\"false\" placeholder=\"Mesazhi\" name=\"your-message\"><\/textarea><\/span>\n\t\t<\/p>\n\t<\/div>\n\t<div>\n\t\t<p><input class=\"wpcf7-form-control wpcf7-submit has-spinner\" type=\"submit\" value=\"D\u00ebrgo\" \/>\n\t\t<\/p>\n\t<\/div>\n<\/div><div class=\"wpcf7-response-output\" aria-hidden=\"true\"><\/div>\n<input type=\"hidden\" name=\"trp-form-language\" value=\"sq\"\/><\/form>\n<\/div>\n\t\t\t\t<\/div>\n\t\t\t\t<\/div>\n\t\t\t\t<\/div>\n\t\t\t\t\t<\/div>\n\t\t\t\t<\/div>\n\t\t<div class=\"wd-negative-gap elementor-element elementor-element-57e590c e-flex e-con-boxed e-con e-parent\" data-id=\"57e590c\" data-element_type=\"container\">\n\t\t\t\t\t<div class=\"e-con-inner\">\n\t\t\t\t<div class=\"elementor-element elementor-element-1617df2 elementor-widget elementor-widget-wd_products_brands\" data-id=\"1617df2\" data-element_type=\"widget\" data-widget_type=\"wd_products_brands.default\">\n\t\t\t\t<div class=\"elementor-widget-container\">\n\t\t\t\t\t\t\t<div class=\"wd-brands brands-widget slider-brands_6240 wd-hover-default wd-style-default wd-with-bg wd-layout-carousel wd-carousel-container\" id=\"brands_6240\">\n\t\t\t\t\t\t\t<div class=\"wd-carousel-inner\">\n\t\t\t\n\t\t\t<div class=\"wd-carousel wd-grid\" data-scroll_per_page=\"yes\" style=\"--wd-col-lg:7;--wd-col-md:4;--wd-col-sm:2;\">\n\t\t\t\t\t\t\t\t\t<div class=\"wd-carousel-wrap\">\n\t\t\t\t\n\t\t\t\t\t\t\t\t\t\t\t\t\t<\/div>\n\t\t\t\t\t\t\t<\/div>\n\n\t\t\t\t\t\t\t\t\t\t\t\t\t\t<div class=\"wd-nav-arrows wd-pos-sep wd-hover-1 wd-icon-1\">\n\t\t\t<div class=\"wd-btn-arrow wd-prev wd-disabled\">\n\t\t\t\t<div class=\"wd-arrow-inner\"><\/div>\n\t\t\t<\/div>\n\t\t\t<div class=\"wd-btn-arrow wd-next\">\n\t\t\t\t<div class=\"wd-arrow-inner\"><\/div>\n\t\t\t<\/div>\n\t\t<\/div>\n\t\t\t\t\t\t\n\t\t\t\t<\/div>\n\n\t\t\t\t\t\t\t\t\t\t\t\t\t<\/div>\n\t\t\t\t\t\t<\/div>\n\t\t\t\t<\/div>\n\t\t\t\t\t<\/div>\n\t\t\t\t<\/div>\n\t\t\t\t<\/div>","protected":false},"excerpt":{"rendered":"<p>Adresa Rruga Skenderbeu, Podujev\u00eb, Kosov\u00eb 11000 E h\u00ebn\u00eb \u2013 E shtun\u00eb: 09:00 \u2013 18:00E diel: Pushim Kontakti FUSHA &amp; CO<\/p>","protected":false},"author":1,"featured_media":0,"parent":0,"menu_order":0,"comment_status":"closed","ping_status":"closed","template":"","meta":{"footnotes":""},"class_list":["post-173","page","type-page","status-publish","hentry"],"jetpack_sharing_enabled":true,"_links":{"self":[{"href":"https:\/\/fushaco.com\/sq\/wp-json\/wp\/v2\/pages\/173","targetHints":{"allow":["GET"]}}],"collection":[{"href":"https:\/\/fushaco.com\/sq\/wp-json\/wp\/v2\/pages"}],"about":[{"href":"https:\/\/fushaco.com\/sq\/wp-json\/wp\/v2\/types\/page"}],"author":[{"embeddable":true,"href":"https:\/\/fushaco.com\/sq\/wp-json\/wp\/v2\/users\/1"}],"replies":[{"embeddable":true,"href":"https:\/\/fushaco.com\/sq\/wp-json\/wp\/v2\/comments?post=173"}],"version-history":[{"count":58,"href":"https:\/\/fushaco.com\/sq\/wp-json\/wp\/v2\/pages\/173\/revisions"}],"predecessor-version":[{"id":31976,"href":"https:\/\/fushaco.com\/sq\/wp-json\/wp\/v2\/pages\/173\/revisions\/31976"}],"wp:attachment":[{"href":"https:\/\/fushaco.com\/sq\/wp-json\/wp\/v2\/media?parent=173"}],"curies":[{"name":"wp","href":"https:\/\/api.w.org\/{rel}","templated":true}]}}