{"id":29170,"date":"2025-10-04T07:19:02","date_gmt":"2025-10-04T07:19:02","guid":{"rendered":"https:\/\/fushaco.com\/?post_type=product&#038;p=29170"},"modified":"2026-02-19T21:48:05","modified_gmt":"2026-02-19T21:48:05","slug":"fush001","status":"publish","type":"product","link":"https:\/\/fushaco.com\/sq\/produkt\/fush001\/","title":{"rendered":"Paketime Bizhuterish &#8211; FUSH001"},"content":{"rendered":"<p>Kutia ekskluzive p\u00ebr unaza me dizajn elegant dhe lule 3D n\u00eb brend\u00ebsi. Material plastik me tekstil luksoz brenda.<\/p>","protected":false},"excerpt":{"rendered":"<ul data-start=\"871\" data-end=\"1142\">\n<li data-start=\"871\" data-end=\"939\">\n<p data-start=\"873\" data-end=\"939\"><strong data-start=\"873\" data-end=\"897\">Materiali i jasht\u00ebm:<\/strong> Plastik cil\u00ebsor me p\u00ebrfundim t\u00eb l\u00ebmuar.<\/p>\n<\/li>\n<li data-start=\"940\" data-end=\"1012\">\n<p data-start=\"942\" data-end=\"1012\"><strong data-start=\"942\" data-end=\"956\">Brend\u00ebsia:<\/strong> Lule 3D nga tekstil luksoz p\u00ebr nj\u00eb paraqitje premium.<\/p>\n<\/li>\n<li data-start=\"1046\" data-end=\"1108\">\n<p data-start=\"1048\" data-end=\"1063\"><strong data-start=\"1048\" data-end=\"1061\">P\u00ebrmasat:<\/strong><\/p>\n<ul data-start=\"1066\" data-end=\"1108\">\n<li data-start=\"1066\" data-end=\"1085\">\n<p data-start=\"1068\" data-end=\"1085\">Lart\u00ebsia: 12 cm<\/p>\n<\/li>\n<li data-start=\"1088\" data-end=\"1108\">\n<p data-start=\"1090\" data-end=\"1108\">Gjer\u00ebsia: 6.5 cm<\/p>\n<\/li>\n<\/ul>\n<\/li>\n<\/ul>","protected":false},"featured_media":29161,"template":"","meta":[],"product_brand":[],"product_cat":[278],"product_tag":[],"class_list":{"0":"post-29170","1":"product","2":"type-product","3":"status-publish","4":"has-post-thumbnail","6":"product_cat-paketime","8":"first","9":"instock","10":"sale","11":"taxable","12":"shipping-taxable","13":"purchasable","14":"product-type-variable"},"group_of_quantity":0,"min_quantity":5,"max_quantity":"","exclude_order_quantity_value_rules":"no","exclude_category_quantity_rules":"no","combine_variations":"yes","jetpack_sharing_enabled":true,"_links":{"self":[{"href":"https:\/\/fushaco.com\/sq\/wp-json\/wp\/v2\/product\/29170","targetHints":{"allow":["GET"]}}],"collection":[{"href":"https:\/\/fushaco.com\/sq\/wp-json\/wp\/v2\/product"}],"about":[{"href":"https:\/\/fushaco.com\/sq\/wp-json\/wp\/v2\/types\/product"}],"version-history":[{"count":5,"href":"https:\/\/fushaco.com\/sq\/wp-json\/wp\/v2\/product\/29170\/revisions"}],"predecessor-version":[{"id":33162,"href":"https:\/\/fushaco.com\/sq\/wp-json\/wp\/v2\/product\/29170\/revisions\/33162"}],"wp:featuredmedia":[{"embeddable":true,"href":"https:\/\/fushaco.com\/sq\/wp-json\/wp\/v2\/media\/29161"}],"wp:attachment":[{"href":"https:\/\/fushaco.com\/sq\/wp-json\/wp\/v2\/media?parent=29170"}],"wp:term":[{"taxonomy":"product_brand","embeddable":true,"href":"https:\/\/fushaco.com\/sq\/wp-json\/wp\/v2\/product_brand?post=29170"},{"taxonomy":"product_cat","embeddable":true,"href":"https:\/\/fushaco.com\/sq\/wp-json\/wp\/v2\/product_cat?post=29170"},{"taxonomy":"product_tag","embeddable":true,"href":"https:\/\/fushaco.com\/sq\/wp-json\/wp\/v2\/product_tag?post=29170"}],"curies":[{"name":"wp","href":"https:\/\/api.w.org\/{rel}","templated":true}]}}