{"id":29173,"date":"2025-10-04T08:09:55","date_gmt":"2025-10-04T08:09:55","guid":{"rendered":"https:\/\/fushaco.com\/?post_type=product&#038;p=29173"},"modified":"2026-02-19T21:47:52","modified_gmt":"2026-02-19T21:47:52","slug":"fush002","status":"publish","type":"product","link":"https:\/\/fushaco.com\/sq\/produkt\/fush002\/","title":{"rendered":"Paketime Bizhuterish &#8211; FUSH002"},"content":{"rendered":"<p>Nj\u00eb kuti moderne dhe praktike p\u00ebr ruajtjen dhe prezantimin e unazave. Me nj\u00eb <strong data-start=\"207\" data-end=\"233\">dizajn t\u00eb rrumbullak\u00ebt<\/strong> dhe mekaniz\u00ebm unik hapjeje me <strong data-start=\"264\" data-end=\"288\">rrotullim t\u00eb kapakut<\/strong>, kjo kuti ofron nj\u00eb kombinim t\u00eb thjesht\u00ebsis\u00eb dhe eleganc\u00ebs.<\/p>","protected":false},"excerpt":{"rendered":"<p data-start=\"352\" data-end=\"385\"><strong data-start=\"354\" data-end=\"383\">Karakteristikat kryesore:<\/strong><\/p>\n<ul data-start=\"386\" data-end=\"893\">\n<li data-start=\"386\" data-end=\"463\">\n<p data-start=\"388\" data-end=\"463\"><strong data-start=\"388\" data-end=\"402\">Materiali:<\/strong> Plastik\u00eb cil\u00ebsore, e q\u00ebndrueshme dhe e leht\u00eb p\u00ebr p\u00ebrdorim.<\/p>\n<\/li>\n<li data-start=\"464\" data-end=\"616\">\n<p data-start=\"466\" data-end=\"616\"><strong data-start=\"466\" data-end=\"489\">Mekanizmi i hapjes:<\/strong> Kapaku duhet t\u00eb rrotullohet p\u00ebrpara se t\u00eb hapet, duke e b\u00ebr\u00eb p\u00ebrvoj\u00ebn m\u00eb t\u00eb ve\u00e7ant\u00eb dhe siguruar mbrojtje t\u00eb mir\u00eb t\u00eb unaz\u00ebs.<\/p>\n<\/li>\n<li data-start=\"683\" data-end=\"790\">\n<p data-start=\"685\" data-end=\"790\"><strong data-start=\"685\" data-end=\"699\">Brend\u00ebsia:<\/strong> E dizajnuar posa\u00e7\u00ebrisht p\u00ebr unaza, duke i mbajtur t\u00eb sigurta dhe n\u00eb qend\u00ebr t\u00eb v\u00ebmendjes.<\/p>\n<\/li>\n<li data-start=\"791\" data-end=\"893\">\n<p data-start=\"793\" data-end=\"893\"><strong data-start=\"793\" data-end=\"807\">P\u00ebrdorimi:<\/strong> Ideale p\u00ebr fejesa, martesa, dhurata romantike apo ruajtje personale t\u00eb bizhuterive.<\/p>\n<\/li>\n<\/ul>","protected":false},"featured_media":29188,"template":"","meta":[],"product_brand":[],"product_cat":[278],"product_tag":[],"class_list":{"0":"post-29173","1":"product","2":"type-product","3":"status-publish","4":"has-post-thumbnail","6":"product_cat-paketime","8":"first","9":"instock","10":"sale","11":"taxable","12":"shipping-taxable","13":"purchasable","14":"product-type-variable","15":"has-default-attributes"},"group_of_quantity":0,"min_quantity":3,"max_quantity":"","exclude_order_quantity_value_rules":"no","exclude_category_quantity_rules":"no","combine_variations":"yes","jetpack_sharing_enabled":true,"_links":{"self":[{"href":"https:\/\/fushaco.com\/sq\/wp-json\/wp\/v2\/product\/29173","targetHints":{"allow":["GET"]}}],"collection":[{"href":"https:\/\/fushaco.com\/sq\/wp-json\/wp\/v2\/product"}],"about":[{"href":"https:\/\/fushaco.com\/sq\/wp-json\/wp\/v2\/types\/product"}],"version-history":[{"count":4,"href":"https:\/\/fushaco.com\/sq\/wp-json\/wp\/v2\/product\/29173\/revisions"}],"predecessor-version":[{"id":33161,"href":"https:\/\/fushaco.com\/sq\/wp-json\/wp\/v2\/product\/29173\/revisions\/33161"}],"wp:featuredmedia":[{"embeddable":true,"href":"https:\/\/fushaco.com\/sq\/wp-json\/wp\/v2\/media\/29188"}],"wp:attachment":[{"href":"https:\/\/fushaco.com\/sq\/wp-json\/wp\/v2\/media?parent=29173"}],"wp:term":[{"taxonomy":"product_brand","embeddable":true,"href":"https:\/\/fushaco.com\/sq\/wp-json\/wp\/v2\/product_brand?post=29173"},{"taxonomy":"product_cat","embeddable":true,"href":"https:\/\/fushaco.com\/sq\/wp-json\/wp\/v2\/product_cat?post=29173"},{"taxonomy":"product_tag","embeddable":true,"href":"https:\/\/fushaco.com\/sq\/wp-json\/wp\/v2\/product_tag?post=29173"}],"curies":[{"name":"wp","href":"https:\/\/api.w.org\/{rel}","templated":true}]}}