{"id":29194,"date":"2025-10-04T08:21:55","date_gmt":"2025-10-04T08:21:55","guid":{"rendered":"https:\/\/fushaco.com\/?post_type=product&#038;p=29194"},"modified":"2026-04-13T15:59:46","modified_gmt":"2026-04-13T15:59:46","slug":"fush004","status":"publish","type":"product","link":"https:\/\/fushaco.com\/sq\/produkt\/fush004\/","title":{"rendered":"Paketime Bizhuterish &#8211; FUSH004"},"content":{"rendered":"<p data-start=\"963\" data-end=\"1051\">Nj\u00eb m\u00ebnyr\u00eb magjike dhe elegante p\u00ebr t\u00eb prezantuar unaz\u00ebn tuaj t\u00eb ve\u00e7ant\u00eb! Kjo kuti n\u00eb form\u00eb <strong data-start=\"254\" data-end=\"273\">tr\u00ebndafili <\/strong>me detaje luksoze dhe <strong data-start=\"296\" data-end=\"324\">ndri\u00e7im LED t\u00eb brendsh\u00ebm<\/strong> \u00ebsht\u00eb krijuar p\u00ebr t\u00eb b\u00ebr\u00eb \u00e7do moment edhe m\u00eb t\u00eb paharruesh\u00ebm.<\/p>\n<p data-start=\"1053\" data-end=\"1084\">","protected":false},"excerpt":{"rendered":"<ul data-start=\"424\" data-end=\"961\">\n<li data-start=\"424\" data-end=\"499\">\n<h3 data-start=\"677\" data-end=\"712\"><strong data-start=\"681\" data-end=\"710\">Karakteristikat kryesore:<\/strong><\/h3>\n<\/li>\n<li data-start=\"424\" data-end=\"499\"><strong data-start=\"426\" data-end=\"442\">\u00a0Dizajn unik:<\/strong> Form\u00eb tr\u00ebndafili q\u00eb simbolizon dashurin\u00eb dhe romanc\u00ebn.<\/li>\n<li data-start=\"500\" data-end=\"574\">\n<p data-start=\"502\" data-end=\"574\"><strong data-start=\"502\" data-end=\"516\">Materiali:<\/strong> Plastik\u00eb cil\u00ebsore, e q\u00ebndrueshme dhe me pamje elegante.<\/p>\n<\/li>\n<li data-start=\"575\" data-end=\"657\">\n<p data-start=\"577\" data-end=\"657\"><strong data-start=\"577\" data-end=\"593\">Ndri\u00e7im LED:<\/strong> Hapet dhe ndri\u00e7on unaz\u00ebn, duke e v\u00ebn\u00eb n\u00eb qend\u00ebr t\u00eb v\u00ebmendjes.<\/p>\n<\/li>\n<li data-start=\"734\" data-end=\"802\">\n<p data-start=\"736\" data-end=\"754\"><strong data-start=\"736\" data-end=\"752\">Dimensionet:<\/strong><\/p>\n<ul data-start=\"758\" data-end=\"802\">\n<li data-start=\"758\" data-end=\"778\">\n<p data-start=\"760\" data-end=\"778\">Lart\u00ebsia: 7.5 cm<\/p>\n<\/li>\n<li data-start=\"782\" data-end=\"802\">\n<p data-start=\"784\" data-end=\"802\">Gjer\u00ebsia: 5.5 cm<\/p>\n<\/li>\n<\/ul>\n<\/li>\n<li data-start=\"803\" data-end=\"879\">\n<p data-start=\"805\" data-end=\"879\"><strong data-start=\"805\" data-end=\"819\">Brend\u00ebsia:<\/strong> Mb\u00ebshtjellje prej materiali t\u00eb but\u00eb q\u00eb mbron bizhuterit\u00eb.<\/p>\n<\/li>\n<li data-start=\"880\" data-end=\"961\">\n<p data-start=\"882\" data-end=\"961\"><strong data-start=\"882\" data-end=\"896\">P\u00ebrdorimi:<\/strong> Perfekte p\u00ebr propozime, fejesa, martesa apo dhurata romantike.<\/p>\n<\/li>\n<\/ul>","protected":false},"featured_media":29199,"template":"","meta":[],"product_brand":[],"product_cat":[278],"product_tag":[],"class_list":{"0":"post-29194","1":"product","2":"type-product","3":"status-publish","4":"has-post-thumbnail","6":"product_cat-paketime","8":"first","9":"instock","10":"sale","11":"taxable","12":"shipping-taxable","13":"purchasable","14":"product-type-variable","15":"has-default-attributes"},"group_of_quantity":0,"min_quantity":5,"max_quantity":"","exclude_order_quantity_value_rules":"no","exclude_category_quantity_rules":"no","combine_variations":"yes","jetpack_sharing_enabled":true,"_links":{"self":[{"href":"https:\/\/fushaco.com\/sq\/wp-json\/wp\/v2\/product\/29194","targetHints":{"allow":["GET"]}}],"collection":[{"href":"https:\/\/fushaco.com\/sq\/wp-json\/wp\/v2\/product"}],"about":[{"href":"https:\/\/fushaco.com\/sq\/wp-json\/wp\/v2\/types\/product"}],"version-history":[{"count":4,"href":"https:\/\/fushaco.com\/sq\/wp-json\/wp\/v2\/product\/29194\/revisions"}],"predecessor-version":[{"id":33160,"href":"https:\/\/fushaco.com\/sq\/wp-json\/wp\/v2\/product\/29194\/revisions\/33160"}],"wp:featuredmedia":[{"embeddable":true,"href":"https:\/\/fushaco.com\/sq\/wp-json\/wp\/v2\/media\/29199"}],"wp:attachment":[{"href":"https:\/\/fushaco.com\/sq\/wp-json\/wp\/v2\/media?parent=29194"}],"wp:term":[{"taxonomy":"product_brand","embeddable":true,"href":"https:\/\/fushaco.com\/sq\/wp-json\/wp\/v2\/product_brand?post=29194"},{"taxonomy":"product_cat","embeddable":true,"href":"https:\/\/fushaco.com\/sq\/wp-json\/wp\/v2\/product_cat?post=29194"},{"taxonomy":"product_tag","embeddable":true,"href":"https:\/\/fushaco.com\/sq\/wp-json\/wp\/v2\/product_tag?post=29194"}],"curies":[{"name":"wp","href":"https:\/\/api.w.org\/{rel}","templated":true}]}}