{"id":29204,"date":"2025-10-04T09:12:50","date_gmt":"2025-10-04T09:12:50","guid":{"rendered":"https:\/\/fushaco.com\/?post_type=product&#038;p=29204"},"modified":"2026-02-19T21:41:29","modified_gmt":"2026-02-19T21:41:29","slug":"fush005","status":"publish","type":"product","link":"https:\/\/fushaco.com\/sq\/produkt\/fush005\/","title":{"rendered":"Paketime Bizhuterish &#8211; FUSH005"},"content":{"rendered":"<p data-start=\"880\" data-end=\"1028\">Nj\u00eb paketim i ve\u00e7ant\u00eb dhe romantik p\u00ebr momente t\u00eb paharrueshme! Kjo kuti elegante \u00ebsht\u00eb e dizajnuar p\u00ebr t\u00eb mbajtur <strong data-start=\"264\" data-end=\"292\">nj\u00eb unaz\u00eb dhe nj\u00eb var\u00ebse<\/strong> s\u00eb bashku, duke e b\u00ebr\u00eb dhurat\u00ebn tuaj t\u00eb duket edhe m\u00eb luksoze dhe t\u00eb paharrueshme.<\/p>","protected":false},"excerpt":{"rendered":"<p data-start=\"379\" data-end=\"412\"><strong data-start=\"381\" data-end=\"410\">Karakteristikat kryesore:<\/strong><\/p>\n<ul data-start=\"413\" data-end=\"878\">\n<li data-start=\"413\" data-end=\"518\">\n<p data-start=\"415\" data-end=\"518\"><strong data-start=\"415\" data-end=\"436\">Dizajn ekskluziv:<\/strong> Kuti e kuqe me hapje an\u00ebsore dhe mbishkrimin \u201cMy beloved\u201d me detaje ngjyr\u00eb ari.<\/p>\n<\/li>\n<li data-start=\"519\" data-end=\"627\">\n<p data-start=\"521\" data-end=\"627\"><strong data-start=\"521\" data-end=\"535\">Materiali:<\/strong> Karton premium me cil\u00ebsi t\u00eb lart\u00eb dhe shtres\u00eb t\u00eb but\u00eb brenda p\u00ebr mbrojtje t\u00eb bizhuterive.<\/p>\n<\/li>\n<li data-start=\"628\" data-end=\"700\">\n<p data-start=\"630\" data-end=\"700\"><strong data-start=\"630\" data-end=\"645\">Kapaciteti:<\/strong> P\u00ebrmban dy vende \u2013 nj\u00eb p\u00ebr unaz\u00eb dhe nj\u00eb p\u00ebr var\u00ebse.<\/p>\n<\/li>\n<li data-start=\"701\" data-end=\"785\">\n<p data-start=\"703\" data-end=\"785\"><strong data-start=\"703\" data-end=\"723\">Aksesore shtes\u00eb:<\/strong> P\u00ebrfshin qese dhuratash \u201cMy beloved\u201d p\u00ebr prezantim perfekt.<\/p>\n<\/li>\n<li data-start=\"786\" data-end=\"878\">\n<p data-start=\"788\" data-end=\"878\"><strong data-start=\"788\" data-end=\"802\">P\u00ebrdorimi:<\/strong> Ideale p\u00ebr dhurata romantike, fejesa, martesa, dit\u00eblindje apo p\u00ebrvjetor\u00eb.<\/p>\n<\/li>\n<\/ul>","protected":false},"featured_media":29208,"template":"","meta":[],"product_brand":[],"product_cat":[278],"product_tag":[],"class_list":{"0":"post-29204","1":"product","2":"type-product","3":"status-publish","4":"has-post-thumbnail","6":"product_cat-paketime","8":"first","9":"instock","10":"sale","11":"taxable","12":"shipping-taxable","13":"purchasable","14":"product-type-simple"},"group_of_quantity":0,"min_quantity":7,"max_quantity":"","exclude_order_quantity_value_rules":"no","exclude_category_quantity_rules":"no","combine_variations":"no","jetpack_sharing_enabled":true,"_links":{"self":[{"href":"https:\/\/fushaco.com\/sq\/wp-json\/wp\/v2\/product\/29204","targetHints":{"allow":["GET"]}}],"collection":[{"href":"https:\/\/fushaco.com\/sq\/wp-json\/wp\/v2\/product"}],"about":[{"href":"https:\/\/fushaco.com\/sq\/wp-json\/wp\/v2\/types\/product"}],"version-history":[{"count":4,"href":"https:\/\/fushaco.com\/sq\/wp-json\/wp\/v2\/product\/29204\/revisions"}],"predecessor-version":[{"id":33159,"href":"https:\/\/fushaco.com\/sq\/wp-json\/wp\/v2\/product\/29204\/revisions\/33159"}],"wp:featuredmedia":[{"embeddable":true,"href":"https:\/\/fushaco.com\/sq\/wp-json\/wp\/v2\/media\/29208"}],"wp:attachment":[{"href":"https:\/\/fushaco.com\/sq\/wp-json\/wp\/v2\/media?parent=29204"}],"wp:term":[{"taxonomy":"product_brand","embeddable":true,"href":"https:\/\/fushaco.com\/sq\/wp-json\/wp\/v2\/product_brand?post=29204"},{"taxonomy":"product_cat","embeddable":true,"href":"https:\/\/fushaco.com\/sq\/wp-json\/wp\/v2\/product_cat?post=29204"},{"taxonomy":"product_tag","embeddable":true,"href":"https:\/\/fushaco.com\/sq\/wp-json\/wp\/v2\/product_tag?post=29204"}],"curies":[{"name":"wp","href":"https:\/\/api.w.org\/{rel}","templated":true}]}}