{"id":29236,"date":"2025-10-04T09:28:14","date_gmt":"2025-10-04T09:28:14","guid":{"rendered":"https:\/\/fushaco.com\/?post_type=product&#038;p=29236"},"modified":"2026-02-19T21:42:38","modified_gmt":"2026-02-19T21:42:38","slug":"fush006","status":"publish","type":"product","link":"https:\/\/fushaco.com\/sq\/produkt\/fush006\/","title":{"rendered":"Paketime Bizhuterish &#8211; FUSH006"},"content":{"rendered":"<p data-start=\"168\" data-end=\"490\">Nj\u00eb m\u00ebnyr\u00eb e ve\u00e7ant\u00eb p\u00ebr t\u00eb treguar dashurin\u00eb tuaj!<br data-start=\"219\" data-end=\"222\" \/>Kjo <strong data-start=\"226\" data-end=\"258\">kuti elegante n\u00eb form\u00eb zemre<\/strong> p\u00ebrmban nj\u00eb dizajn artistik dhe simbolik me ngjyr\u00eb t\u00eb pasionante dhe detaje ari. Kur hapet, kutia shpalos fjal\u00ebn <strong data-start=\"377\" data-end=\"387\">\u201cLOVE\u201d<\/strong> dhe nj\u00eb sken\u00eb t\u00eb mrekullueshme romantike, e cila e kthen momentin e dhurimit n\u00eb nj\u00eb p\u00ebrvoj\u00eb magjike.<\/p>\n<p data-start=\"492\" data-end=\"670\">Ideale p\u00ebr t\u00eb prezantuar <strong data-start=\"517\" data-end=\"561\">var\u00ebse, unaza, vath\u00eb apo set bizhuterish<\/strong>, kjo kuti \u00ebsht\u00eb zgjedhja perfekte p\u00ebr <strong data-start=\"600\" data-end=\"670\">Sh\u00ebn Valentin, p\u00ebrvjetor\u00eb, fejesa apo dhurata t\u00eb ve\u00e7anta dashurie.<\/strong><\/p>","protected":false},"excerpt":{"rendered":"<h3 data-start=\"677\" data-end=\"712\"><strong data-start=\"681\" data-end=\"710\">Karakteristikat kryesore:<\/strong><\/h3>\n<ul data-start=\"713\" data-end=\"1177\">\n<li data-start=\"713\" data-end=\"767\">\n<p data-start=\"715\" data-end=\"767\"><strong data-start=\"718\" data-end=\"743\">Dizajn n\u00eb form\u00eb zemre<\/strong> me detaje luksoze ari<\/p>\n<\/li>\n<li data-start=\"768\" data-end=\"847\">\n<p data-start=\"770\" data-end=\"847\"><strong data-start=\"773\" data-end=\"800\">Hapje me efekt surpriz\u00eb<\/strong>, q\u00eb shfaq fjal\u00ebn \u201cLOVE\u201d dhe figur\u00eb romantike<\/p>\n<\/li>\n<li data-start=\"904\" data-end=\"953\">\n<p data-start=\"906\" data-end=\"953\"><strong data-start=\"909\" data-end=\"921\">P\u00ebrmasa:<\/strong> 14 cm gjer\u00ebsi \u00d7 14 cm lart\u00ebsi<\/p>\n<\/li>\n<li data-start=\"954\" data-end=\"1010\">\n<p data-start=\"956\" data-end=\"1010\"><strong data-start=\"959\" data-end=\"973\">Materiali:<\/strong> Plastik\u00eb cil\u00ebsore me p\u00ebrfundim mat<\/p>\n<\/li>\n<li data-start=\"1011\" data-end=\"1086\">\n<p data-start=\"1013\" data-end=\"1086\"><strong data-start=\"1016\" data-end=\"1029\">P\u00ebrdorim:<\/strong> Kuti dhurate p\u00ebr bizhuteri (set, var\u00ebse, unaz\u00eb, vath\u00eb)<\/p>\n<\/li>\n<li data-start=\"1087\" data-end=\"1177\">\n<p data-start=\"1089\" data-end=\"1177\"><strong data-start=\"1092\" data-end=\"1118\">Rastet e p\u00ebrshtatshme:<\/strong> Fejesa, p\u00ebrvjetor\u00eb, Sh\u00ebn Valentini, dit\u00eblindje romantike<\/p>\n<\/li>\n<\/ul>","protected":false},"featured_media":29209,"template":"","meta":[],"product_brand":[],"product_cat":[278],"product_tag":[],"class_list":{"0":"post-29236","1":"product","2":"type-product","3":"status-publish","4":"has-post-thumbnail","6":"product_cat-paketime","8":"first","9":"instock","10":"sale","11":"taxable","12":"shipping-taxable","13":"purchasable","14":"product-type-variable"},"group_of_quantity":0,"min_quantity":5,"max_quantity":"","exclude_order_quantity_value_rules":"no","exclude_category_quantity_rules":"no","combine_variations":"yes","jetpack_sharing_enabled":true,"_links":{"self":[{"href":"https:\/\/fushaco.com\/sq\/wp-json\/wp\/v2\/product\/29236","targetHints":{"allow":["GET"]}}],"collection":[{"href":"https:\/\/fushaco.com\/sq\/wp-json\/wp\/v2\/product"}],"about":[{"href":"https:\/\/fushaco.com\/sq\/wp-json\/wp\/v2\/types\/product"}],"version-history":[{"count":4,"href":"https:\/\/fushaco.com\/sq\/wp-json\/wp\/v2\/product\/29236\/revisions"}],"predecessor-version":[{"id":33158,"href":"https:\/\/fushaco.com\/sq\/wp-json\/wp\/v2\/product\/29236\/revisions\/33158"}],"wp:featuredmedia":[{"embeddable":true,"href":"https:\/\/fushaco.com\/sq\/wp-json\/wp\/v2\/media\/29209"}],"wp:attachment":[{"href":"https:\/\/fushaco.com\/sq\/wp-json\/wp\/v2\/media?parent=29236"}],"wp:term":[{"taxonomy":"product_brand","embeddable":true,"href":"https:\/\/fushaco.com\/sq\/wp-json\/wp\/v2\/product_brand?post=29236"},{"taxonomy":"product_cat","embeddable":true,"href":"https:\/\/fushaco.com\/sq\/wp-json\/wp\/v2\/product_cat?post=29236"},{"taxonomy":"product_tag","embeddable":true,"href":"https:\/\/fushaco.com\/sq\/wp-json\/wp\/v2\/product_tag?post=29236"}],"curies":[{"name":"wp","href":"https:\/\/api.w.org\/{rel}","templated":true}]}}