{"id":29252,"date":"2025-10-04T10:29:17","date_gmt":"2025-10-04T10:29:17","guid":{"rendered":"https:\/\/fushaco.com\/?post_type=product&#038;p=29252"},"modified":"2026-02-19T21:47:44","modified_gmt":"2026-02-19T21:47:44","slug":"fush007","status":"publish","type":"product","link":"https:\/\/fushaco.com\/sq\/produkt\/fush007\/","title":{"rendered":"Paketime Bizhuterish &#8211; FUSH007"},"content":{"rendered":"<p data-start=\"182\" data-end=\"502\">Nj\u00eb kuti dhurate unike q\u00eb kombinon <strong data-start=\"217\" data-end=\"257\">eleganc\u00ebn, romantizmin dhe surpriz\u00ebn<\/strong> n\u00eb nj\u00eb dizajn t\u00eb vet\u00ebm!<br data-start=\"281\" data-end=\"284\" \/>Modeli hapet me nj\u00eb mekaniz\u00ebm magjik q\u00eb zbulon nj\u00eb <strong data-start=\"347\" data-end=\"399\">tr\u00ebndafil elegant brenda nj\u00eb kupole transparente<\/strong>, si dhe hap\u00ebsira p\u00ebr ruajtjen e <strong data-start=\"432\" data-end=\"447\">bizhuterive<\/strong> \u2013 duke krijuar nj\u00eb moment mahnit\u00ebs sa her\u00eb q\u00eb hapet.<\/p>\n<p data-start=\"504\" data-end=\"679\">Kjo kuti \u00ebsht\u00eb perfekte p\u00ebr <strong data-start=\"532\" data-end=\"576\">var\u00ebse, unaza, vath\u00eb apo set bizhuterish<\/strong>, dhe p\u00ebrshtatet n\u00eb m\u00ebnyr\u00eb t\u00eb shk\u00eblqyer p\u00ebr <strong data-start=\"620\" data-end=\"676\">dhurata romantike, p\u00ebrvjetor\u00eb, fejesa apo dit\u00eblindje<\/strong>.<\/p>","protected":false},"excerpt":{"rendered":"<h3 data-start=\"686\" data-end=\"721\"><strong data-start=\"690\" data-end=\"719\">Karakteristikat kryesore:<\/strong><\/h3>\n<ul data-start=\"722\" data-end=\"1295\">\n<li data-start=\"722\" data-end=\"773\">\n<p data-start=\"724\" data-end=\"773\"><strong data-start=\"727\" data-end=\"771\">Dizajn elegant me ngjyr\u00eb luksoze<\/strong><\/p>\n<\/li>\n<li data-start=\"774\" data-end=\"859\">\n<p data-start=\"776\" data-end=\"859\"><strong data-start=\"779\" data-end=\"823\">Tr\u00ebndafil dekorativ n\u00ebn kupol\u00eb t\u00eb qelqt\u00eb<\/strong>, simbol i dashuris\u00eb s\u00eb p\u00ebrjetshme<\/p>\n<\/li>\n<li data-start=\"860\" data-end=\"942\">\n<p data-start=\"862\" data-end=\"942\"><strong data-start=\"864\" data-end=\"895\">Hapje automatike n\u00eb tri an\u00eb<\/strong> me mekaniz\u00ebm t\u00eb but\u00eb dhe efekt vizual magjik<\/p>\n<\/li>\n<li data-start=\"943\" data-end=\"1007\">\n<p data-start=\"945\" data-end=\"1007\"><strong data-start=\"948\" data-end=\"974\">Hap\u00ebsir\u00eb p\u00ebr bizhuteri<\/strong> (set, var\u00ebse, unaz\u00eb ose vath\u00eb)<\/p>\n<\/li>\n<li data-start=\"1008\" data-end=\"1057\">\n<p data-start=\"1010\" data-end=\"1057\"><strong data-start=\"1013\" data-end=\"1025\">P\u00ebrmasa:<\/strong> 14 cm lart\u00ebsi \u00d7 11 cm gjer\u00ebsi<\/p>\n<\/li>\n<li data-start=\"1058\" data-end=\"1144\">\n<p data-start=\"1060\" data-end=\"1144\"><strong data-start=\"1063\" data-end=\"1077\">Materiali:<\/strong> Plastik\u00eb cil\u00ebsore me p\u00ebrfundim mat dhe elemente metalike luksoze<\/p>\n<\/li>\n<li data-start=\"1145\" data-end=\"1214\">\n<p data-start=\"1147\" data-end=\"1214\"><strong data-start=\"1150\" data-end=\"1163\">P\u00ebrdorim:<\/strong> Kuti dhurate p\u00ebr bizhuteri dhe momente romantike<\/p>\n<\/li>\n<li data-start=\"1215\" data-end=\"1295\">\n<p data-start=\"1217\" data-end=\"1295\">\u00a0<strong data-start=\"1220\" data-end=\"1246\">Rastet e p\u00ebrshtatshme:<\/strong> Fejesa, Sh\u00ebn Valentini, p\u00ebrvjetor\u00eb, dit\u00eblindje<\/p>\n<\/li>\n<\/ul>","protected":false},"featured_media":29265,"template":"","meta":[],"product_brand":[],"product_cat":[278],"product_tag":[],"class_list":{"0":"post-29252","1":"product","2":"type-product","3":"status-publish","4":"has-post-thumbnail","6":"product_cat-paketime","8":"first","9":"instock","10":"sale","11":"taxable","12":"shipping-taxable","13":"purchasable","14":"product-type-variable"},"group_of_quantity":0,"min_quantity":5,"max_quantity":"","exclude_order_quantity_value_rules":"no","exclude_category_quantity_rules":"no","combine_variations":"yes","jetpack_sharing_enabled":true,"_links":{"self":[{"href":"https:\/\/fushaco.com\/sq\/wp-json\/wp\/v2\/product\/29252","targetHints":{"allow":["GET"]}}],"collection":[{"href":"https:\/\/fushaco.com\/sq\/wp-json\/wp\/v2\/product"}],"about":[{"href":"https:\/\/fushaco.com\/sq\/wp-json\/wp\/v2\/types\/product"}],"version-history":[{"count":4,"href":"https:\/\/fushaco.com\/sq\/wp-json\/wp\/v2\/product\/29252\/revisions"}],"predecessor-version":[{"id":33157,"href":"https:\/\/fushaco.com\/sq\/wp-json\/wp\/v2\/product\/29252\/revisions\/33157"}],"wp:featuredmedia":[{"embeddable":true,"href":"https:\/\/fushaco.com\/sq\/wp-json\/wp\/v2\/media\/29265"}],"wp:attachment":[{"href":"https:\/\/fushaco.com\/sq\/wp-json\/wp\/v2\/media?parent=29252"}],"wp:term":[{"taxonomy":"product_brand","embeddable":true,"href":"https:\/\/fushaco.com\/sq\/wp-json\/wp\/v2\/product_brand?post=29252"},{"taxonomy":"product_cat","embeddable":true,"href":"https:\/\/fushaco.com\/sq\/wp-json\/wp\/v2\/product_cat?post=29252"},{"taxonomy":"product_tag","embeddable":true,"href":"https:\/\/fushaco.com\/sq\/wp-json\/wp\/v2\/product_tag?post=29252"}],"curies":[{"name":"wp","href":"https:\/\/api.w.org\/{rel}","templated":true}]}}