{"id":29280,"date":"2025-10-04T10:31:52","date_gmt":"2025-10-04T10:31:52","guid":{"rendered":"https:\/\/fushaco.com\/?post_type=product&#038;p=29280"},"modified":"2026-02-19T21:36:32","modified_gmt":"2026-02-19T21:36:32","slug":"fush008","status":"publish","type":"product","link":"https:\/\/fushaco.com\/sq\/produkt\/fush008\/","title":{"rendered":"Paketime Bizhuterish &#8211; FUSH008"},"content":{"rendered":"<p data-start=\"157\" data-end=\"403\">Nj\u00eb m\u00ebnyr\u00eb unike dhe elegante p\u00ebr t\u00eb b\u00ebr\u00eb propozimin apo dhurat\u00ebn tuaj t\u00eb paharrueshme!<br data-start=\"244\" data-end=\"247\" \/>Ky <strong data-start=\"250\" data-end=\"291\">tr\u00ebndafil elegant me k\u00ebrcell t\u00eb gjat\u00eb<\/strong> fsheh brenda nj\u00eb <strong data-start=\"309\" data-end=\"339\">hap\u00ebsir\u00eb sekrete p\u00ebr unaz\u00eb<\/strong>, duke kombinuar simbolin e dashuris\u00eb me nj\u00eb surpriz\u00eb magjike.<\/p>\n<p data-start=\"405\" data-end=\"608\">Me ngjyr\u00ebn e tij <strong data-start=\"422\" data-end=\"472\">t\u00eb kuqe t\u00eb thell\u00eb dhe p\u00ebrfundim luksoz metalik<\/strong>, ky tr\u00ebndafil \u00ebsht\u00eb zgjedhja perfekte p\u00ebr <strong data-start=\"515\" data-end=\"549\">fejesa, p\u00ebrvjetor\u00eb, dit\u00eblindje<\/strong> apo \u00e7do moment romantik ku d\u00ebshironi t\u00eb lini p\u00ebrshtypje.<\/p>","protected":false},"excerpt":{"rendered":"<h3 data-start=\"615\" data-end=\"650\"><strong data-start=\"619\" data-end=\"648\">Karakteristikat kryesore:<\/strong><\/h3>\n<ul data-start=\"651\" data-end=\"1082\">\n<li data-start=\"651\" data-end=\"715\">\n<p data-start=\"653\" data-end=\"715\"><strong data-start=\"656\" data-end=\"694\">Dizajn elegant n\u00eb form\u00eb tr\u00ebndafili<\/strong> me k\u00ebrcell t\u00eb art\u00eb<\/p>\n<\/li>\n<li data-start=\"716\" data-end=\"790\">\n<p data-start=\"718\" data-end=\"790\"><strong data-start=\"721\" data-end=\"753\">Hap\u00ebsir\u00eb e fsheht\u00eb p\u00ebr unaz\u00eb<\/strong> \u2013 ideale p\u00ebr propozime apo dhurata<\/p>\n<\/li>\n<li data-start=\"791\" data-end=\"842\">\n<p data-start=\"793\" data-end=\"842\"><strong data-start=\"795\" data-end=\"806\">Ngjyr\u00eb:<\/strong> E kuqe metalike me detaje luksoze<\/p>\n<\/li>\n<li data-start=\"843\" data-end=\"869\">\n<p data-start=\"845\" data-end=\"869\"><strong data-start=\"848\" data-end=\"861\">Lart\u00ebsia:<\/strong> 27 cm<\/p>\n<\/li>\n<li data-start=\"870\" data-end=\"927\">\n<p data-start=\"872\" data-end=\"927\"><strong data-start=\"875\" data-end=\"889\">Materiali:<\/strong> Plastik\u00eb cil\u00ebsore me ndjesi premium<\/p>\n<\/li>\n<li data-start=\"928\" data-end=\"994\">\n<p data-start=\"930\" data-end=\"994\"><strong data-start=\"933\" data-end=\"946\">P\u00ebrdorim:<\/strong> Kuti dhurate p\u00ebr unaz\u00eb ose prezantim romantik<\/p>\n<\/li>\n<li data-start=\"995\" data-end=\"1082\">\n<p data-start=\"997\" data-end=\"1082\"><strong data-start=\"1000\" data-end=\"1026\">Rastet e p\u00ebrshtatshme:<\/strong> Fejesa, p\u00ebrvjetor\u00eb, Sh\u00ebn Valentini, surpriza dashurie<\/p>\n<\/li>\n<\/ul>","protected":false},"featured_media":29281,"template":"","meta":[],"product_brand":[],"product_cat":[278],"product_tag":[],"class_list":{"0":"post-29280","1":"product","2":"type-product","3":"status-publish","4":"has-post-thumbnail","6":"product_cat-paketime","8":"first","9":"instock","10":"sale","11":"taxable","12":"shipping-taxable","13":"purchasable","14":"product-type-simple"},"group_of_quantity":0,"min_quantity":7,"max_quantity":"","exclude_order_quantity_value_rules":"no","exclude_category_quantity_rules":"no","combine_variations":"no","jetpack_sharing_enabled":true,"_links":{"self":[{"href":"https:\/\/fushaco.com\/sq\/wp-json\/wp\/v2\/product\/29280","targetHints":{"allow":["GET"]}}],"collection":[{"href":"https:\/\/fushaco.com\/sq\/wp-json\/wp\/v2\/product"}],"about":[{"href":"https:\/\/fushaco.com\/sq\/wp-json\/wp\/v2\/types\/product"}],"version-history":[{"count":4,"href":"https:\/\/fushaco.com\/sq\/wp-json\/wp\/v2\/product\/29280\/revisions"}],"predecessor-version":[{"id":33156,"href":"https:\/\/fushaco.com\/sq\/wp-json\/wp\/v2\/product\/29280\/revisions\/33156"}],"wp:featuredmedia":[{"embeddable":true,"href":"https:\/\/fushaco.com\/sq\/wp-json\/wp\/v2\/media\/29281"}],"wp:attachment":[{"href":"https:\/\/fushaco.com\/sq\/wp-json\/wp\/v2\/media?parent=29280"}],"wp:term":[{"taxonomy":"product_brand","embeddable":true,"href":"https:\/\/fushaco.com\/sq\/wp-json\/wp\/v2\/product_brand?post=29280"},{"taxonomy":"product_cat","embeddable":true,"href":"https:\/\/fushaco.com\/sq\/wp-json\/wp\/v2\/product_cat?post=29280"},{"taxonomy":"product_tag","embeddable":true,"href":"https:\/\/fushaco.com\/sq\/wp-json\/wp\/v2\/product_tag?post=29280"}],"curies":[{"name":"wp","href":"https:\/\/api.w.org\/{rel}","templated":true}]}}