{"id":29436,"date":"2025-10-04T13:13:22","date_gmt":"2025-10-04T13:13:22","guid":{"rendered":"https:\/\/fushaco.com\/?post_type=product&#038;p=29436"},"modified":"2026-02-19T21:46:55","modified_gmt":"2026-02-19T21:46:55","slug":"fush022","status":"publish","type":"product","link":"https:\/\/fushaco.com\/sq\/produkt\/fush022\/","title":{"rendered":"Paketime Bizhuterish &#8211; FUSH022"},"content":{"rendered":"<p data-start=\"163\" data-end=\"489\">Eleganc\u00eb, luks dhe ndri\u00e7im perfekt p\u00ebr \u00e7do moment special!<br data-start=\"221\" data-end=\"224\" \/>Kjo <strong data-start=\"228\" data-end=\"261\">kuti bizhuterish me drit\u00eb LED<\/strong> \u00ebsht\u00eb dizajnuar p\u00ebr t\u00eb theksuar shk\u00eblqimin e \u00e7do bizhuterie q\u00eb vendoset brenda saj. Me pamje t\u00eb jashtme moderne dhe brend\u00ebsi kadife t\u00eb but\u00eb, kjo kuti ofron nj\u00eb prezantim t\u00eb sofistikuar dhe profesional.<\/p>\n<p data-start=\"491\" data-end=\"694\">N\u00eb momentin q\u00eb hapet, drita LED ndri\u00e7on automatikisht, duke i dh\u00ebn\u00eb nj\u00eb efekt magjik \u00e7do byzylyku . Nj\u00eb zgjedhje perfekte p\u00ebr dhurata luksoze apo prezantime elegante.<\/p>","protected":false},"excerpt":{"rendered":"<h3 data-start=\"701\" data-end=\"736\"><strong data-start=\"705\" data-end=\"734\">Karakteristikat kryesore:<\/strong><\/h3>\n<ul data-start=\"737\" data-end=\"1237\">\n<li data-start=\"737\" data-end=\"807\">\n<p data-start=\"739\" data-end=\"807\"><strong data-start=\"742\" data-end=\"766\">Drit\u00eb LED automatike<\/strong> q\u00eb ndri\u00e7on bizhuterin\u00eb kur hapet kutia<\/p>\n<\/li>\n<li data-start=\"808\" data-end=\"858\">\n<p data-start=\"810\" data-end=\"858\"><strong data-start=\"813\" data-end=\"825\">P\u00ebrmasa:<\/strong> 10 cm gjer\u00ebsi \u00d7 4.5 cm lart\u00ebsi<\/p>\n<\/li>\n<li data-start=\"859\" data-end=\"924\"><strong data-start=\"930\" data-end=\"944\">Materiali:<\/strong> Plastik\u00eb cil\u00ebsore me mbules\u00eb kadife t\u00eb but\u00eb brenda<\/li>\n<li data-start=\"998\" data-end=\"1056\">\n<p data-start=\"1000\" data-end=\"1056\"><strong data-start=\"1003\" data-end=\"1016\">P\u00ebrdorim:<\/strong> Ideale p\u00ebr byzylyk\u00eb<\/p>\n<\/li>\n<li data-start=\"1057\" data-end=\"1146\">\n<p data-start=\"1059\" data-end=\"1146\"><strong data-start=\"1062\" data-end=\"1088\">Rastet e p\u00ebrshtatshme:<\/strong> Fejesa, dasma, p\u00ebrvjetor\u00eb, dit\u00eblindje, dhurata speciale<\/p>\n<\/li>\n<li data-start=\"1147\" data-end=\"1237\">\n<p data-start=\"1149\" data-end=\"1237\"><strong data-start=\"1151\" data-end=\"1169\">Detaj special:<\/strong> Ndri\u00e7im LED q\u00eb thekson shk\u00eblqimin e gur\u00ebve dhe metaleve t\u00eb \u00e7mua<\/p>\n<\/li>\n<\/ul>","protected":false},"featured_media":29371,"template":"","meta":[],"product_brand":[],"product_cat":[278],"product_tag":[],"class_list":{"0":"post-29436","1":"product","2":"type-product","3":"status-publish","4":"has-post-thumbnail","6":"product_cat-paketime","8":"first","9":"instock","10":"sale","11":"taxable","12":"shipping-taxable","13":"purchasable","14":"product-type-variable"},"group_of_quantity":0,"min_quantity":10,"max_quantity":"","exclude_order_quantity_value_rules":"no","exclude_category_quantity_rules":"no","combine_variations":"yes","jetpack_sharing_enabled":true,"_links":{"self":[{"href":"https:\/\/fushaco.com\/sq\/wp-json\/wp\/v2\/product\/29436","targetHints":{"allow":["GET"]}}],"collection":[{"href":"https:\/\/fushaco.com\/sq\/wp-json\/wp\/v2\/product"}],"about":[{"href":"https:\/\/fushaco.com\/sq\/wp-json\/wp\/v2\/types\/product"}],"version-history":[{"count":4,"href":"https:\/\/fushaco.com\/sq\/wp-json\/wp\/v2\/product\/29436\/revisions"}],"predecessor-version":[{"id":33149,"href":"https:\/\/fushaco.com\/sq\/wp-json\/wp\/v2\/product\/29436\/revisions\/33149"}],"wp:featuredmedia":[{"embeddable":true,"href":"https:\/\/fushaco.com\/sq\/wp-json\/wp\/v2\/media\/29371"}],"wp:attachment":[{"href":"https:\/\/fushaco.com\/sq\/wp-json\/wp\/v2\/media?parent=29436"}],"wp:term":[{"taxonomy":"product_brand","embeddable":true,"href":"https:\/\/fushaco.com\/sq\/wp-json\/wp\/v2\/product_brand?post=29436"},{"taxonomy":"product_cat","embeddable":true,"href":"https:\/\/fushaco.com\/sq\/wp-json\/wp\/v2\/product_cat?post=29436"},{"taxonomy":"product_tag","embeddable":true,"href":"https:\/\/fushaco.com\/sq\/wp-json\/wp\/v2\/product_tag?post=29436"}],"curies":[{"name":"wp","href":"https:\/\/api.w.org\/{rel}","templated":true}]}}