{"id":29444,"date":"2025-10-04T13:23:54","date_gmt":"2025-10-04T13:23:54","guid":{"rendered":"https:\/\/fushaco.com\/?post_type=product&#038;p=29444"},"modified":"2026-02-19T21:36:16","modified_gmt":"2026-02-19T21:36:16","slug":"fush027","status":"publish","type":"product","link":"https:\/\/fushaco.com\/sq\/produkt\/fush027\/","title":{"rendered":"Paketime Bizhuterish &#8211; FUSH027"},"content":{"rendered":"<p data-start=\"148\" data-end=\"460\">Nj\u00eb kombinim i p\u00ebrsosur midis eleganc\u00ebs dhe surpriz\u00ebs!<br data-start=\"202\" data-end=\"205\" \/>Kjo <strong data-start=\"209\" data-end=\"245\">kuti unazeje n\u00eb form\u00eb tr\u00ebndafili<\/strong> \u00ebsht\u00eb krijuar p\u00ebr t\u00eb sjell\u00eb magjin\u00eb e nj\u00eb propozimi apo dhurate t\u00eb paharrueshme. Me nj\u00eb dizajn unik q\u00eb <strong data-start=\"349\" data-end=\"368\">hapet me prekje<\/strong>, tr\u00ebndafili metalik zbulon me fines\u00eb hap\u00ebsir\u00ebn e art\u00eb t\u00eb brendshme ku q\u00ebndron unaza juaj.<\/p>\n<p data-start=\"462\" data-end=\"591\">","protected":false},"excerpt":{"rendered":"<h3 data-start=\"598\" data-end=\"633\"><strong data-start=\"602\" data-end=\"631\">Karakteristikat kryesore:<\/strong><\/h3>\n<ul data-start=\"634\" data-end=\"1116\">\n<li data-start=\"634\" data-end=\"660\">\n<p data-start=\"636\" data-end=\"660\"><strong data-start=\"639\" data-end=\"652\">Lart\u00ebsia:<\/strong> 22 cm<\/p>\n<\/li>\n<li data-start=\"661\" data-end=\"729\">\n<p data-start=\"663\" data-end=\"729\"><strong data-start=\"666\" data-end=\"677\">Dizajn:<\/strong> Form\u00eb tr\u00ebndafili q\u00eb hapet automatikisht me prekje<\/p>\n<\/li>\n<li data-start=\"797\" data-end=\"864\">\n<p data-start=\"799\" data-end=\"864\"><strong data-start=\"802\" data-end=\"816\">Materiali:<\/strong> Plastik\u00eb e fort\u00eb premium me p\u00ebrfundim metalik<\/p>\n<\/li>\n<li data-start=\"865\" data-end=\"944\">\n<p data-start=\"867\" data-end=\"944\"><strong data-start=\"870\" data-end=\"883\">P\u00ebrdorim:<\/strong> Kuti p\u00ebr unaz\u00eb, ideale p\u00ebr propozime apo dhurata romantike<\/p>\n<\/li>\n<li data-start=\"945\" data-end=\"1035\">\n<p data-start=\"947\" data-end=\"1035\"><strong data-start=\"950\" data-end=\"976\">Rastet e p\u00ebrshtatshme:<\/strong> Fejesa, p\u00ebrvjetor\u00eb, Sh\u00ebn Valentini apo surpriza dashurie<\/p>\n<\/li>\n<\/ul>","protected":false},"featured_media":29379,"template":"","meta":[],"product_brand":[],"product_cat":[278],"product_tag":[],"class_list":{"0":"post-29444","1":"product","2":"type-product","3":"status-publish","4":"has-post-thumbnail","6":"product_cat-paketime","8":"first","9":"instock","10":"sale","11":"taxable","12":"shipping-taxable","13":"purchasable","14":"product-type-variable"},"group_of_quantity":0,"min_quantity":5,"max_quantity":"","exclude_order_quantity_value_rules":"no","exclude_category_quantity_rules":"no","combine_variations":"yes","jetpack_sharing_enabled":true,"_links":{"self":[{"href":"https:\/\/fushaco.com\/sq\/wp-json\/wp\/v2\/product\/29444","targetHints":{"allow":["GET"]}}],"collection":[{"href":"https:\/\/fushaco.com\/sq\/wp-json\/wp\/v2\/product"}],"about":[{"href":"https:\/\/fushaco.com\/sq\/wp-json\/wp\/v2\/types\/product"}],"version-history":[{"count":4,"href":"https:\/\/fushaco.com\/sq\/wp-json\/wp\/v2\/product\/29444\/revisions"}],"predecessor-version":[{"id":33147,"href":"https:\/\/fushaco.com\/sq\/wp-json\/wp\/v2\/product\/29444\/revisions\/33147"}],"wp:featuredmedia":[{"embeddable":true,"href":"https:\/\/fushaco.com\/sq\/wp-json\/wp\/v2\/media\/29379"}],"wp:attachment":[{"href":"https:\/\/fushaco.com\/sq\/wp-json\/wp\/v2\/media?parent=29444"}],"wp:term":[{"taxonomy":"product_brand","embeddable":true,"href":"https:\/\/fushaco.com\/sq\/wp-json\/wp\/v2\/product_brand?post=29444"},{"taxonomy":"product_cat","embeddable":true,"href":"https:\/\/fushaco.com\/sq\/wp-json\/wp\/v2\/product_cat?post=29444"},{"taxonomy":"product_tag","embeddable":true,"href":"https:\/\/fushaco.com\/sq\/wp-json\/wp\/v2\/product_tag?post=29444"}],"curies":[{"name":"wp","href":"https:\/\/api.w.org\/{rel}","templated":true}]}}