{"id":29468,"date":"2025-10-04T13:48:13","date_gmt":"2025-10-04T13:48:13","guid":{"rendered":"https:\/\/fushaco.com\/?post_type=product&#038;p=29468"},"modified":"2025-12-17T09:41:40","modified_gmt":"2025-12-17T09:41:40","slug":"fush033","status":"publish","type":"product","link":"https:\/\/fushaco.com\/sq\/produkt\/fush033\/","title":{"rendered":"Paketime Bizhuterish &#8211; FUSH033"},"content":{"rendered":"<p data-start=\"151\" data-end=\"493\">Eleganc\u00eb dhe fines\u00eb n\u00eb \u00e7do detaj.<br data-start=\"184\" data-end=\"187\" \/>Kjo <strong data-start=\"191\" data-end=\"230\">kuti bizhuterish <\/strong>\u00ebsht\u00eb e dizajnuar p\u00ebr t\u2019i dh\u00ebn\u00eb nj\u00eb prekje luksi \u00e7do dhurate apo koleksioni personal bizhuterish. Me nj\u00eb p\u00ebrfundim t\u00eb but\u00eb, material cil\u00ebsor dhe nj\u00eb <strong data-start=\"380\" data-end=\"403\">kuror\u00eb t\u00eb vog\u00ebl ari<\/strong> n\u00eb pjes\u00ebn e p\u00ebrparme, ajo p\u00ebrfaq\u00ebson kombinimin perfekt midis stilit klasik dhe modern.<\/p>\n<p data-start=\"495\" data-end=\"633\">Brend\u00ebsia kadife e bardh\u00eb ruan bizhuterit\u00eb me kujdes dhe shk\u00eblqim, duke e b\u00ebr\u00eb k\u00ebt\u00eb kuti ideale p\u00ebr byzylyk\u00eb.<\/p>","protected":false},"excerpt":{"rendered":"<h3 data-start=\"640\" data-end=\"675\"><strong data-start=\"644\" data-end=\"673\">Karakteristikat kryesore:<\/strong><\/h3>\n<ul data-start=\"676\" data-end=\"1166\">\n<li data-start=\"676\" data-end=\"725\">\n<p data-start=\"678\" data-end=\"725\"><strong data-start=\"681\" data-end=\"693\">P\u00ebrmasa:<\/strong> 6 cm gjer\u00ebsi \u00d7 4.5 cm lart\u00ebsi<\/p>\n<\/li>\n<li data-start=\"726\" data-end=\"797\">\n<p data-start=\"728\" data-end=\"797\"><strong data-start=\"731\" data-end=\"742\">Dizajn:<\/strong> Form\u00eb klasike me p\u00ebrfundim luksoz dhe prekje moderne<\/p>\n<\/li>\n<li data-start=\"843\" data-end=\"919\">\n<p data-start=\"845\" data-end=\"919\"><strong data-start=\"848\" data-end=\"862\">Materiali:<\/strong> L\u00ebkur\u00eb artificiale cil\u00ebsore me brend\u00ebsi kadife t\u00eb but\u00eb<\/p>\n<\/li>\n<li data-start=\"920\" data-end=\"986\">\n<p data-start=\"922\" data-end=\"986\"><strong data-start=\"925\" data-end=\"938\">P\u00ebrdorim:<\/strong> E p\u00ebrshtatshme p\u00ebr byzylyk\u00eb<\/p>\n<\/li>\n<li data-start=\"987\" data-end=\"1082\">\n<p data-start=\"989\" data-end=\"1082\"><strong data-start=\"992\" data-end=\"1018\">Rastet e p\u00ebrshtatshme:<\/strong> Dhurat\u00eb perfekte p\u00ebr dit\u00eblindje, fejesa, p\u00ebrvjetor\u00eb apo dasma<\/p>\n<\/li>\n<li data-start=\"1083\" data-end=\"1166\">\n<p data-start=\"1085\" data-end=\"1166\"><strong data-start=\"1087\" data-end=\"1105\">Detaj special:<\/strong> Dekor me <strong data-start=\"1115\" data-end=\"1132\">simbol kuror\u00eb<\/strong> q\u00eb p\u00ebrfaq\u00ebson eleganc\u00eb dhe luks<\/p>\n<\/li>\n<\/ul>","protected":false},"featured_media":29474,"template":"","meta":[],"product_brand":[],"product_cat":[278],"product_tag":[],"class_list":{"0":"post-29468","1":"product","2":"type-product","3":"status-publish","4":"has-post-thumbnail","6":"product_cat-paketime","8":"first","9":"instock","10":"taxable","11":"shipping-taxable","12":"purchasable","13":"product-type-variable"},"group_of_quantity":0,"min_quantity":0,"max_quantity":"","exclude_order_quantity_value_rules":"no","exclude_category_quantity_rules":"no","combine_variations":"no","jetpack_sharing_enabled":true,"_links":{"self":[{"href":"https:\/\/fushaco.com\/sq\/wp-json\/wp\/v2\/product\/29468","targetHints":{"allow":["GET"]}}],"collection":[{"href":"https:\/\/fushaco.com\/sq\/wp-json\/wp\/v2\/product"}],"about":[{"href":"https:\/\/fushaco.com\/sq\/wp-json\/wp\/v2\/types\/product"}],"version-history":[{"count":4,"href":"https:\/\/fushaco.com\/sq\/wp-json\/wp\/v2\/product\/29468\/revisions"}],"predecessor-version":[{"id":33144,"href":"https:\/\/fushaco.com\/sq\/wp-json\/wp\/v2\/product\/29468\/revisions\/33144"}],"wp:featuredmedia":[{"embeddable":true,"href":"https:\/\/fushaco.com\/sq\/wp-json\/wp\/v2\/media\/29474"}],"wp:attachment":[{"href":"https:\/\/fushaco.com\/sq\/wp-json\/wp\/v2\/media?parent=29468"}],"wp:term":[{"taxonomy":"product_brand","embeddable":true,"href":"https:\/\/fushaco.com\/sq\/wp-json\/wp\/v2\/product_brand?post=29468"},{"taxonomy":"product_cat","embeddable":true,"href":"https:\/\/fushaco.com\/sq\/wp-json\/wp\/v2\/product_cat?post=29468"},{"taxonomy":"product_tag","embeddable":true,"href":"https:\/\/fushaco.com\/sq\/wp-json\/wp\/v2\/product_tag?post=29468"}],"curies":[{"name":"wp","href":"https:\/\/api.w.org\/{rel}","templated":true}]}}