{"id":29489,"date":"2025-10-04T13:59:41","date_gmt":"2025-10-04T13:59:41","guid":{"rendered":"https:\/\/fushaco.com\/?post_type=product&#038;p=29489"},"modified":"2026-02-19T21:46:42","modified_gmt":"2026-02-19T21:46:42","slug":"fush035","status":"publish","type":"product","link":"https:\/\/fushaco.com\/sq\/produkt\/fush035\/","title":{"rendered":"Paketime Bizhuterish &#8211; FUSH035"},"content":{"rendered":"<p>Nj\u00eb simbol i dashuris\u00eb dhe luksit t\u00eb p\u00ebrjetsh\u00ebm.<br data-start=\"196\" data-end=\"199\" \/>Kjo <strong data-start=\"203\" data-end=\"243\">kuti dhurate elegante n\u00eb form\u00eb zemre<\/strong> \u00ebsht\u00eb dizajnuar p\u00ebr t\u2019u b\u00ebr\u00eb pjes\u00eb e momenteve m\u00eb t\u00eb ve\u00e7anta. Ngjyra e kombinuar me detajet e arta dhe zemr\u00ebn metalike n\u00eb qend\u00ebr, e b\u00ebn k\u00ebt\u00eb produkt nj\u00eb zgjedhje t\u00eb jasht\u00ebzakonshme p\u00ebr dhurata romantike. Brenda saj, hapet nj\u00eb bot\u00eb dashurie me ndarje p\u00ebr <strong data-start=\"515\" data-end=\"538\">tr\u00ebndafil dekorativ<\/strong> dhe <strong data-start=\"543\" data-end=\"556\">bizhuteri<\/strong>, ideale p\u00ebr var\u00ebse apo unaza.<\/p>","protected":false},"excerpt":{"rendered":"<h3 data-start=\"595\" data-end=\"630\"><strong data-start=\"599\" data-end=\"628\">Karakteristikat kryesore:<\/strong><\/h3>\n<ul data-start=\"631\" data-end=\"1141\">\n<li data-start=\"631\" data-end=\"680\">\n<p data-start=\"633\" data-end=\"680\"><strong data-start=\"636\" data-end=\"648\">P\u00ebrmasa:<\/strong> 14 cm gjer\u00ebsi \u00d7 14 cm lart\u00ebsi<\/p>\n<\/li>\n<li data-start=\"681\" data-end=\"755\">\n<p data-start=\"683\" data-end=\"755\"><strong data-start=\"686\" data-end=\"697\">Dizajn:<\/strong> Zem\u00ebr dyfishe me detaje ari dhe sistem hapjeje elegante<\/p>\n<\/li>\n<li data-start=\"756\" data-end=\"829\">\n<p data-start=\"758\" data-end=\"829\"><strong data-start=\"761\" data-end=\"775\">Brend\u00ebsia:<\/strong> Tr\u00ebndafil artificial, dhe ndarje p\u00ebr bizhuteri<\/p>\n<\/li>\n<li data-start=\"900\" data-end=\"974\">\n<p data-start=\"902\" data-end=\"974\"><strong data-start=\"905\" data-end=\"919\">Materiali:<\/strong> Plastik\u00eb cil\u00ebsore me p\u00ebrfundim t\u00eb but\u00eb dhe rezistent<\/p>\n<\/li>\n<li data-start=\"975\" data-end=\"1054\">\n<p data-start=\"977\" data-end=\"1054\"><strong data-start=\"980\" data-end=\"993\">P\u00ebrdorim:<\/strong> Ideale p\u00ebr bizhuteri, dhurata dashurie, apo dekor romantik<\/p>\n<\/li>\n<li data-start=\"1055\" data-end=\"1141\">\n<p data-start=\"1057\" data-end=\"1141\"><strong data-start=\"1059\" data-end=\"1077\">Detaj special:<\/strong> Kur hapet, formon fjal\u00ebn <strong data-start=\"1103\" data-end=\"1111\">LOVE<\/strong> \u2013 nj\u00eb prekje unike dashurie<\/p>\n<\/li>\n<\/ul>","protected":false},"featured_media":29484,"template":"","meta":[],"product_brand":[],"product_cat":[278],"product_tag":[],"class_list":{"0":"post-29489","1":"product","2":"type-product","3":"status-publish","4":"has-post-thumbnail","6":"product_cat-paketime","8":"first","9":"instock","10":"sale","11":"taxable","12":"shipping-taxable","13":"purchasable","14":"product-type-variable"},"group_of_quantity":0,"min_quantity":0,"max_quantity":"","exclude_order_quantity_value_rules":"no","exclude_category_quantity_rules":"no","combine_variations":"no","jetpack_sharing_enabled":true,"_links":{"self":[{"href":"https:\/\/fushaco.com\/sq\/wp-json\/wp\/v2\/product\/29489","targetHints":{"allow":["GET"]}}],"collection":[{"href":"https:\/\/fushaco.com\/sq\/wp-json\/wp\/v2\/product"}],"about":[{"href":"https:\/\/fushaco.com\/sq\/wp-json\/wp\/v2\/types\/product"}],"version-history":[{"count":4,"href":"https:\/\/fushaco.com\/sq\/wp-json\/wp\/v2\/product\/29489\/revisions"}],"predecessor-version":[{"id":33142,"href":"https:\/\/fushaco.com\/sq\/wp-json\/wp\/v2\/product\/29489\/revisions\/33142"}],"wp:featuredmedia":[{"embeddable":true,"href":"https:\/\/fushaco.com\/sq\/wp-json\/wp\/v2\/media\/29484"}],"wp:attachment":[{"href":"https:\/\/fushaco.com\/sq\/wp-json\/wp\/v2\/media?parent=29489"}],"wp:term":[{"taxonomy":"product_brand","embeddable":true,"href":"https:\/\/fushaco.com\/sq\/wp-json\/wp\/v2\/product_brand?post=29489"},{"taxonomy":"product_cat","embeddable":true,"href":"https:\/\/fushaco.com\/sq\/wp-json\/wp\/v2\/product_cat?post=29489"},{"taxonomy":"product_tag","embeddable":true,"href":"https:\/\/fushaco.com\/sq\/wp-json\/wp\/v2\/product_tag?post=29489"}],"curies":[{"name":"wp","href":"https:\/\/api.w.org\/{rel}","templated":true}]}}