{"id":29504,"date":"2025-10-04T14:05:19","date_gmt":"2025-10-04T14:05:19","guid":{"rendered":"https:\/\/fushaco.com\/?post_type=product&#038;p=29504"},"modified":"2026-02-19T21:36:47","modified_gmt":"2026-02-19T21:36:47","slug":"fush051","status":"publish","type":"product","link":"https:\/\/fushaco.com\/sq\/produkt\/fush051\/","title":{"rendered":"Paketime Bizhuterish &#8211; FUSH051"},"content":{"rendered":"<p>Nj\u00eb simbol i eleganc\u00ebs dhe dashuris\u00eb s\u00eb p\u00ebrjetshme.<br data-start=\"225\" data-end=\"228\" \/>Kjo <strong data-start=\"232\" data-end=\"271\">kuti dekorative me tr\u00ebndafil t\u00eb kuq<\/strong> \u00ebsht\u00eb dizajnuar p\u00ebr t\u00eb sjell\u00eb nj\u00eb prekje luksoze dhe emocionale n\u00eb \u00e7do ambient. Ajo p\u00ebrcjell ndjenja mir\u00ebnjohjeje, dashurie dhe miq\u00ebsie. Dizajni me sirtar t\u00eb vog\u00ebl e b\u00ebn at\u00eb t\u00eb p\u00ebrshtatshme p\u00ebr ruajtjen e bizhuterive apo aksesor\u00ebve t\u00eb vegj\u00ebl.<\/p>","protected":false},"excerpt":{"rendered":"<h3 data-start=\"596\" data-end=\"631\"><strong data-start=\"600\" data-end=\"629\">Karakteristikat kryesore:<\/strong><\/h3>\n<ul data-start=\"632\" data-end=\"1086\">\n<li data-start=\"632\" data-end=\"680\">\n<p data-start=\"634\" data-end=\"680\"><strong data-start=\"637\" data-end=\"649\">P\u00ebrmasa:<\/strong> 8 cm gjer\u00ebsi \u00d7 10 cm lart\u00ebsi<\/p>\n<\/li>\n<li data-start=\"681\" data-end=\"778\">\n<p data-start=\"683\" data-end=\"778\"><strong data-start=\"686\" data-end=\"697\">Dizajn:<\/strong> Tr\u00ebndafil i kuq brenda kapakut transparent me baz\u00eb elegante t\u00eb zez\u00eb<\/p>\n<\/li>\n<li data-start=\"779\" data-end=\"850\">\n<p data-start=\"781\" data-end=\"850\"><strong data-start=\"784\" data-end=\"795\">Ngjyra:<\/strong> E zez\u00eb me detaje ari dhe t\u00eb kuqe p\u00ebr kontrast luksoz<\/p>\n<\/li>\n<li data-start=\"851\" data-end=\"916\">\n<p data-start=\"853\" data-end=\"916\"><strong data-start=\"856\" data-end=\"870\">Materiali:<\/strong> Plastik\u00eb e q\u00ebndrueshme me tekstur\u00eb cil\u00ebsore<\/p>\n<\/li>\n<li data-start=\"917\" data-end=\"991\">\n<p data-start=\"919\" data-end=\"991\"><strong data-start=\"922\" data-end=\"935\">P\u00ebrdorim:<\/strong> P\u00ebr ruajtjen e unazave, vath\u00ebve ose si dekor romantik<\/p>\n<\/li>\n<\/ul>","protected":false},"featured_media":32338,"template":"","meta":[],"product_brand":[],"product_cat":[278],"product_tag":[],"class_list":{"0":"post-29504","1":"product","2":"type-product","3":"status-publish","4":"has-post-thumbnail","6":"product_cat-paketime","8":"first","9":"instock","10":"sale","11":"taxable","12":"shipping-taxable","13":"purchasable","14":"product-type-simple"},"group_of_quantity":0,"min_quantity":10,"max_quantity":"","exclude_order_quantity_value_rules":"no","exclude_category_quantity_rules":"no","combine_variations":"no","jetpack_sharing_enabled":true,"_links":{"self":[{"href":"https:\/\/fushaco.com\/sq\/wp-json\/wp\/v2\/product\/29504","targetHints":{"allow":["GET"]}}],"collection":[{"href":"https:\/\/fushaco.com\/sq\/wp-json\/wp\/v2\/product"}],"about":[{"href":"https:\/\/fushaco.com\/sq\/wp-json\/wp\/v2\/types\/product"}],"version-history":[{"count":4,"href":"https:\/\/fushaco.com\/sq\/wp-json\/wp\/v2\/product\/29504\/revisions"}],"predecessor-version":[{"id":33095,"href":"https:\/\/fushaco.com\/sq\/wp-json\/wp\/v2\/product\/29504\/revisions\/33095"}],"wp:featuredmedia":[{"embeddable":true,"href":"https:\/\/fushaco.com\/sq\/wp-json\/wp\/v2\/media\/32338"}],"wp:attachment":[{"href":"https:\/\/fushaco.com\/sq\/wp-json\/wp\/v2\/media?parent=29504"}],"wp:term":[{"taxonomy":"product_brand","embeddable":true,"href":"https:\/\/fushaco.com\/sq\/wp-json\/wp\/v2\/product_brand?post=29504"},{"taxonomy":"product_cat","embeddable":true,"href":"https:\/\/fushaco.com\/sq\/wp-json\/wp\/v2\/product_cat?post=29504"},{"taxonomy":"product_tag","embeddable":true,"href":"https:\/\/fushaco.com\/sq\/wp-json\/wp\/v2\/product_tag?post=29504"}],"curies":[{"name":"wp","href":"https:\/\/api.w.org\/{rel}","templated":true}]}}