{"id":29512,"date":"2025-10-04T14:07:00","date_gmt":"2025-10-04T14:07:00","guid":{"rendered":"https:\/\/fushaco.com\/?post_type=product&#038;p=29512"},"modified":"2026-02-19T21:35:21","modified_gmt":"2026-02-19T21:35:21","slug":"fush038","status":"publish","type":"product","link":"https:\/\/fushaco.com\/sq\/produkt\/fush038\/","title":{"rendered":"Paketime Bizhuterish &#8211; FUSH038"},"content":{"rendered":"<p>Nj\u00eb paketim q\u00eb flet vet\u00eb p\u00ebr eleganc\u00eb dhe dashuri.<br data-start=\"215\" data-end=\"218\" \/>Kjo <strong data-start=\"222\" data-end=\"264\">kuti dhurate luksoze n\u00eb ngjyr\u00eb t\u00eb kuqe<\/strong> \u00ebsht\u00eb zgjedhja perfekte p\u00ebr ta b\u00ebr\u00eb \u00e7do dhurat\u00eb t\u00eb duket m\u00eb e ve\u00e7ant\u00eb. Me fjongon elegante t\u00eb zez\u00eb dhe detajet e bardha \u201cFOREVER \u2013 THE ONLY LOVE\u201d, kjo kuti p\u00ebrshtatet n\u00eb m\u00ebnyr\u00eb t\u00eb p\u00ebrkryer p\u00ebr dhurata romantike, bizhuteri apo aksesor\u00eb t\u00eb vegj\u00ebl me vler\u00eb.<\/p>","protected":false},"excerpt":{"rendered":"<h3 data-start=\"528\" data-end=\"563\"><strong data-start=\"532\" data-end=\"561\">Karakteristikat kryesore:<\/strong><\/h3>\n<ul data-start=\"564\" data-end=\"1025\">\n<li data-start=\"564\" data-end=\"614\">\n<p data-start=\"566\" data-end=\"614\"><strong data-start=\"569\" data-end=\"581\">P\u00ebrmasa:<\/strong> 9.5 cm gjer\u00ebsi \u00d7 11 cm lart\u00ebsi<\/p>\n<\/li>\n<li data-start=\"615\" data-end=\"697\">\n<p data-start=\"617\" data-end=\"697\"><strong data-start=\"620\" data-end=\"631\">Dizajn:<\/strong> Kuti klasike me fjongo t\u00eb zez\u00eb dhe detaje elegante me mbishkrim<\/p>\n<\/li>\n<li data-start=\"698\" data-end=\"763\">\n<p data-start=\"700\" data-end=\"763\"><strong data-start=\"703\" data-end=\"714\">Ngjyra:<\/strong> E kuqe me kontrast t\u00eb zi p\u00ebr nj\u00eb pamje luksoze<\/p>\n<\/li>\n<li data-start=\"764\" data-end=\"829\">\n<p data-start=\"766\" data-end=\"829\"><strong data-start=\"769\" data-end=\"783\">Materiali:<\/strong> Karton cil\u00ebsor dhe i fort\u00eb me p\u00ebrfundim mat<\/p>\n<\/li>\n<li data-start=\"830\" data-end=\"924\">\n<p data-start=\"832\" data-end=\"924\"><strong data-start=\"835\" data-end=\"848\">P\u00ebrdorim:<\/strong> P\u00ebr paketimin e bizhuterive, parfumit, aksesor\u00ebve ose dhuratave romantike<\/p>\n<\/li>\n<li data-start=\"925\" data-end=\"1025\">\n<p data-start=\"927\" data-end=\"1025\"><strong data-start=\"930\" data-end=\"940\">Stili:<\/strong> Modern dhe minimal, perfekt p\u00ebr raste si Sh\u00ebn Valentini, dit\u00eblindje ose p\u00ebrvjetor\u00eb<\/p>\n<\/li>\n<\/ul>","protected":false},"featured_media":29508,"template":"","meta":[],"product_brand":[],"product_cat":[278],"product_tag":[],"class_list":{"0":"post-29512","1":"product","2":"type-product","3":"status-publish","4":"has-post-thumbnail","6":"product_cat-paketime","8":"first","9":"instock","10":"sale","11":"taxable","12":"shipping-taxable","13":"purchasable","14":"product-type-simple"},"group_of_quantity":0,"min_quantity":5,"max_quantity":"","exclude_order_quantity_value_rules":"no","exclude_category_quantity_rules":"no","combine_variations":"no","jetpack_sharing_enabled":true,"_links":{"self":[{"href":"https:\/\/fushaco.com\/sq\/wp-json\/wp\/v2\/product\/29512","targetHints":{"allow":["GET"]}}],"collection":[{"href":"https:\/\/fushaco.com\/sq\/wp-json\/wp\/v2\/product"}],"about":[{"href":"https:\/\/fushaco.com\/sq\/wp-json\/wp\/v2\/types\/product"}],"version-history":[{"count":4,"href":"https:\/\/fushaco.com\/sq\/wp-json\/wp\/v2\/product\/29512\/revisions"}],"predecessor-version":[{"id":33140,"href":"https:\/\/fushaco.com\/sq\/wp-json\/wp\/v2\/product\/29512\/revisions\/33140"}],"wp:featuredmedia":[{"embeddable":true,"href":"https:\/\/fushaco.com\/sq\/wp-json\/wp\/v2\/media\/29508"}],"wp:attachment":[{"href":"https:\/\/fushaco.com\/sq\/wp-json\/wp\/v2\/media?parent=29512"}],"wp:term":[{"taxonomy":"product_brand","embeddable":true,"href":"https:\/\/fushaco.com\/sq\/wp-json\/wp\/v2\/product_brand?post=29512"},{"taxonomy":"product_cat","embeddable":true,"href":"https:\/\/fushaco.com\/sq\/wp-json\/wp\/v2\/product_cat?post=29512"},{"taxonomy":"product_tag","embeddable":true,"href":"https:\/\/fushaco.com\/sq\/wp-json\/wp\/v2\/product_tag?post=29512"}],"curies":[{"name":"wp","href":"https:\/\/api.w.org\/{rel}","templated":true}]}}