{"id":29536,"date":"2025-10-06T11:40:36","date_gmt":"2025-10-06T11:40:36","guid":{"rendered":"https:\/\/fushaco.com\/?post_type=product&#038;p=29536"},"modified":"2026-02-19T21:46:26","modified_gmt":"2026-02-19T21:46:26","slug":"fush040","status":"publish","type":"product","link":"https:\/\/fushaco.com\/sq\/produkt\/fush040\/","title":{"rendered":"Paketime Bizhuterish &#8211; FUSH040"},"content":{"rendered":"<p data-start=\"457\" data-end=\"735\">P\u00ebrjetoni eleganc\u00ebn dhe ndjenjat e sinqerta me <strong data-start=\"504\" data-end=\"566\">kutin\u00eb luksoze t\u00eb dhurat\u00ebs \u201cRose Dome Box\u201d<\/strong><br data-start=\"567\" data-end=\"570\" \/>E dizajnuar me nj\u00eb <strong data-start=\"589\" data-end=\"618\">tr\u00ebndafil kadifeje<\/strong> t\u00eb mbrojtur nga nj\u00eb <strong data-start=\"639\" data-end=\"662\">kupol\u00eb transparente<\/strong>, kjo kuti p\u00ebrfaq\u00ebson dashurin\u00eb e p\u00ebrjetshme dhe kujdesin n\u00eb \u00e7do detaj.<\/p>\n<p data-start=\"737\" data-end=\"1025\">Pjesa e poshtme p\u00ebrmban nj\u00eb <strong data-start=\"765\" data-end=\"804\">ndarje t\u00eb sofistikuar p\u00ebr bizhuteri<\/strong> \u2013 t\u00eb p\u00ebrshtatshme p\u00ebr unaza, var\u00ebse, vath\u00eb apo set dhuratash. Kombinimi i ngjyr\u00ebs <strong data-start=\"887\" data-end=\"924\">me detajet ari<\/strong> sjell nj\u00eb pamje luksoze, q\u00eb e b\u00ebn k\u00ebt\u00eb produkt ideal p\u00ebr dhurata romantike, fejesa apo p\u00ebrvjetor\u00eb.<\/p>\n<p data-start=\"737\" data-end=\"1025\"><strong data-start=\"1380\" data-end=\"1458\">Nj\u00eb dhurat\u00eb q\u00eb flet m\u00eb shum\u00eb se fjal\u00ebt \u2013 simbol i dashuris\u00eb s\u00eb p\u00ebrjetshme.<\/strong><\/p>\n<p data-start=\"1377\" data-end=\"1458\">","protected":false},"excerpt":{"rendered":"<h4 data-start=\"1027\" data-end=\"1056\"><strong data-start=\"1032\" data-end=\"1056\">Detajet e produktit:<\/strong><\/h4>\n<ul data-start=\"1057\" data-end=\"1375\">\n<li data-start=\"1079\" data-end=\"1134\">\n<p data-start=\"1081\" data-end=\"1134\">P\u00ebrmasat: <strong data-start=\"1091\" data-end=\"1110\">10 cm (gjer\u00ebsi)<\/strong> \u00d7 <strong data-start=\"1113\" data-end=\"1132\">11 cm (lart\u00ebsi)<\/strong><\/p>\n<\/li>\n<li data-start=\"1168\" data-end=\"1234\">\n<p data-start=\"1170\" data-end=\"1234\">Materiali: L\u00ebkur\u00eb sintetike cil\u00ebsore dhe plastik\u00eb transparente<\/p>\n<\/li>\n<li data-start=\"1235\" data-end=\"1275\">\n<p data-start=\"1237\" data-end=\"1275\">Dekor: Tr\u00ebndafil kadifeje n\u00ebn kupol\u00eb<\/p>\n<\/li>\n<li data-start=\"1276\" data-end=\"1324\">\n<p data-start=\"1278\" data-end=\"1324\">P\u00ebrdorim: P\u00ebr unaza, var\u00ebse, set bizhuterish<\/p>\n<\/li>\n<li data-start=\"1325\" data-end=\"1375\">\n<p data-start=\"1327\" data-end=\"1375\">Paketimi: P\u00ebrfshin qesen elegante t\u00eb produktit<\/p>\n<\/li>\n<\/ul>\n<p data-start=\"1377\" data-end=\"1458\">\u00a0<strong data-start=\"1380\" data-end=\"1458\">Nj\u00eb dhurat\u00eb q\u00eb flet m\u00eb shum\u00eb se fjal\u00ebt \u2013 simbol i dashuris\u00eb s\u00eb p\u00ebrjetshme.<\/strong><\/p>","protected":false},"featured_media":29537,"template":"","meta":[],"product_brand":[],"product_cat":[278],"product_tag":[],"class_list":{"0":"post-29536","1":"product","2":"type-product","3":"status-publish","4":"has-post-thumbnail","6":"product_cat-paketime","8":"first","9":"instock","10":"sale","11":"taxable","12":"shipping-taxable","13":"purchasable","14":"product-type-variable"},"group_of_quantity":0,"min_quantity":5,"max_quantity":"","exclude_order_quantity_value_rules":"no","exclude_category_quantity_rules":"no","combine_variations":"yes","jetpack_sharing_enabled":true,"_links":{"self":[{"href":"https:\/\/fushaco.com\/sq\/wp-json\/wp\/v2\/product\/29536","targetHints":{"allow":["GET"]}}],"collection":[{"href":"https:\/\/fushaco.com\/sq\/wp-json\/wp\/v2\/product"}],"about":[{"href":"https:\/\/fushaco.com\/sq\/wp-json\/wp\/v2\/types\/product"}],"version-history":[{"count":4,"href":"https:\/\/fushaco.com\/sq\/wp-json\/wp\/v2\/product\/29536\/revisions"}],"predecessor-version":[{"id":33137,"href":"https:\/\/fushaco.com\/sq\/wp-json\/wp\/v2\/product\/29536\/revisions\/33137"}],"wp:featuredmedia":[{"embeddable":true,"href":"https:\/\/fushaco.com\/sq\/wp-json\/wp\/v2\/media\/29537"}],"wp:attachment":[{"href":"https:\/\/fushaco.com\/sq\/wp-json\/wp\/v2\/media?parent=29536"}],"wp:term":[{"taxonomy":"product_brand","embeddable":true,"href":"https:\/\/fushaco.com\/sq\/wp-json\/wp\/v2\/product_brand?post=29536"},{"taxonomy":"product_cat","embeddable":true,"href":"https:\/\/fushaco.com\/sq\/wp-json\/wp\/v2\/product_cat?post=29536"},{"taxonomy":"product_tag","embeddable":true,"href":"https:\/\/fushaco.com\/sq\/wp-json\/wp\/v2\/product_tag?post=29536"}],"curies":[{"name":"wp","href":"https:\/\/api.w.org\/{rel}","templated":true}]}}