{"id":29551,"date":"2025-10-06T11:48:18","date_gmt":"2025-10-06T11:48:18","guid":{"rendered":"https:\/\/fushaco.com\/?post_type=product&#038;p=29551"},"modified":"2026-02-19T21:46:22","modified_gmt":"2026-02-19T21:46:22","slug":"fush042","status":"publish","type":"product","link":"https:\/\/fushaco.com\/sq\/produkt\/fush042\/","title":{"rendered":"Paketime Bizhuterish &#8211; FUSH042"},"content":{"rendered":"<p data-start=\"451\" data-end=\"632\">Sillni bukurin\u00eb dhe delikates\u00ebn n\u00eb \u00e7do dhurat\u00eb me <strong data-start=\"501\" data-end=\"551\">kutin\u00eb luksoze \u201cBest Wishes\u201d <\/strong>\u2013 nj\u00eb kombinim perfekt i <strong data-start=\"577\" data-end=\"629\">eleganc\u00ebs, ngjyr\u00ebs pastel dhe detajeve romantike<\/strong>.<\/p>\n<p data-start=\"634\" data-end=\"1093\">Kjo kuti e ve\u00e7ant\u00eb vjen, me nj\u00eb <strong data-start=\"693\" data-end=\"739\">tr\u00ebndafil kadifeje n\u00ebn kupol\u00eb transparente<\/strong> q\u00eb simbolizon dashurin\u00eb dhe mir\u00ebsin\u00eb. Pjesa e brendshme p\u00ebrfshin <strong data-start=\"805\" data-end=\"855\">hap\u00ebsira t\u00eb dizajnuara me kujdes p\u00ebr bizhuteri<\/strong> \u2013 t\u00eb p\u00ebrshtatshme p\u00ebr unaz\u00eb, var\u00ebse dhe vath\u00eb.<br data-start=\"902\" data-end=\"905\" \/>N\u00eb pjes\u00ebn e jashtme ndodhet nj\u00eb <strong data-start=\"937\" data-end=\"953\">detaj i art\u00eb<\/strong> me dizajn tr\u00ebndafili dhe nj\u00eb <strong data-start=\"983\" data-end=\"1012\">mbyllje metalike elegante<\/strong>, q\u00eb e b\u00ebn k\u00ebt\u00eb produkt perfekt p\u00ebr raste si dit\u00eblindje, p\u00ebrvjetor\u00eb apo fejesa.<\/p>","protected":false},"excerpt":{"rendered":"<h4 data-start=\"1095\" data-end=\"1124\"><strong data-start=\"1100\" data-end=\"1124\">Detajet e produktit:<\/strong><\/h4>\n<ul data-start=\"1125\" data-end=\"1460\">\n<li data-start=\"1149\" data-end=\"1198\">\n<p data-start=\"1151\" data-end=\"1198\">P\u00ebrmasat: <strong data-start=\"1161\" data-end=\"1196\">8 cm (gjer\u00ebsi) \u00d7 8 cm (lart\u00ebsi)<\/strong><\/p>\n<\/li>\n<li data-start=\"1237\" data-end=\"1288\">\n<p data-start=\"1239\" data-end=\"1288\">Materiali: L\u00ebkur\u00eb sintetike &amp; plastik\u00eb cil\u00ebsore<\/p>\n<\/li>\n<li data-start=\"1289\" data-end=\"1342\">\n<p data-start=\"1291\" data-end=\"1342\">Dekor: Tr\u00ebndafil kadifeje n\u00ebn kupol\u00eb transparente<\/p>\n<\/li>\n<li data-start=\"1343\" data-end=\"1401\">\n<p data-start=\"1345\" data-end=\"1401\">P\u00ebrdorim: P\u00ebr unaza, var\u00ebse, vath\u00eb ose set bizhuterish<\/p>\n<\/li>\n<li data-start=\"1402\" data-end=\"1460\">\n<p data-start=\"1404\" data-end=\"1460\">Paketimi: P\u00ebrfshin qese elegante dhurate \u201cBest Wishes\u201d<\/p>\n<\/li>\n<li data-start=\"1402\" data-end=\"1460\">\n<p data-start=\"1404\" data-end=\"1460\"><strong data-start=\"1465\" data-end=\"1559\">Nj\u00eb kuti e \u00ebmb\u00ebl, elegante dhe romantike \u2013 ideale p\u00ebr ta b\u00ebr\u00eb \u00e7do dhurat\u00eb t\u00eb paharrueshme.<\/strong><\/p>\n<\/li>\n<\/ul>","protected":false},"featured_media":29545,"template":"","meta":[],"product_brand":[],"product_cat":[278],"product_tag":[],"class_list":{"0":"post-29551","1":"product","2":"type-product","3":"status-publish","4":"has-post-thumbnail","6":"product_cat-paketime","8":"first","9":"instock","10":"sale","11":"taxable","12":"shipping-taxable","13":"purchasable","14":"product-type-variable"},"group_of_quantity":0,"min_quantity":15,"max_quantity":"","exclude_order_quantity_value_rules":"no","exclude_category_quantity_rules":"no","combine_variations":"yes","jetpack_sharing_enabled":true,"_links":{"self":[{"href":"https:\/\/fushaco.com\/sq\/wp-json\/wp\/v2\/product\/29551","targetHints":{"allow":["GET"]}}],"collection":[{"href":"https:\/\/fushaco.com\/sq\/wp-json\/wp\/v2\/product"}],"about":[{"href":"https:\/\/fushaco.com\/sq\/wp-json\/wp\/v2\/types\/product"}],"version-history":[{"count":4,"href":"https:\/\/fushaco.com\/sq\/wp-json\/wp\/v2\/product\/29551\/revisions"}],"predecessor-version":[{"id":33136,"href":"https:\/\/fushaco.com\/sq\/wp-json\/wp\/v2\/product\/29551\/revisions\/33136"}],"wp:featuredmedia":[{"embeddable":true,"href":"https:\/\/fushaco.com\/sq\/wp-json\/wp\/v2\/media\/29545"}],"wp:attachment":[{"href":"https:\/\/fushaco.com\/sq\/wp-json\/wp\/v2\/media?parent=29551"}],"wp:term":[{"taxonomy":"product_brand","embeddable":true,"href":"https:\/\/fushaco.com\/sq\/wp-json\/wp\/v2\/product_brand?post=29551"},{"taxonomy":"product_cat","embeddable":true,"href":"https:\/\/fushaco.com\/sq\/wp-json\/wp\/v2\/product_cat?post=29551"},{"taxonomy":"product_tag","embeddable":true,"href":"https:\/\/fushaco.com\/sq\/wp-json\/wp\/v2\/product_tag?post=29551"}],"curies":[{"name":"wp","href":"https:\/\/api.w.org\/{rel}","templated":true}]}}