{"id":29587,"date":"2025-10-06T12:01:50","date_gmt":"2025-10-06T12:01:50","guid":{"rendered":"https:\/\/fushaco.com\/?post_type=product&#038;p=29587"},"modified":"2026-02-19T21:44:08","modified_gmt":"2026-02-19T21:44:08","slug":"fush044","status":"publish","type":"product","link":"https:\/\/fushaco.com\/sq\/produkt\/fush044\/","title":{"rendered":"Paketime Bizhuterish &#8211; FUSH044"},"content":{"rendered":"<p data-start=\"430\" data-end=\"810\">Kuti luksoze dhurate q\u00eb p\u00ebrfaq\u00ebson <strong data-start=\"465\" data-end=\"515\">dashurin\u00eb, eleganc\u00ebn dhe kujdesin n\u00eb \u00e7do detaj<\/strong>.<br data-start=\"516\" data-end=\"519\" \/>Modeli \u00ebsht\u00eb dizajnuar, me nj\u00eb <strong data-start=\"594\" data-end=\"640\">tr\u00ebndafil kadifeje n\u00ebn kupol\u00eb transparente<\/strong>, q\u00eb simbolizon dashurin\u00eb e p\u00ebrjetshme.<br data-start=\"679\" data-end=\"682\" \/>Pjesa e poshtme p\u00ebrmban nj\u00eb <strong data-start=\"710\" data-end=\"749\">sirtar t\u00eb vog\u00ebl me mbyllje metalike<\/strong> p\u00ebr ruajtjen e <strong data-start=\"765\" data-end=\"807\">bizhuterive si unaza, var\u00ebse apo vath\u00eb<\/strong>.N\u00eb pjes\u00ebn e p\u00ebrparme q\u00ebndron mbishkrimi <strong data-start=\"852\" data-end=\"869\">\u201cBest Wishes\u201d<\/strong> n\u00eb ngjyr\u00eb ari \u2013 nj\u00eb prekje delikate q\u00eb e b\u00ebn k\u00ebt\u00eb produkt perfekt p\u00ebr <strong data-start=\"940\" data-end=\"1001\">dhurata speciale, fejesa, p\u00ebrvjetor\u00eb apo raste t\u00eb ve\u00e7anta<\/strong>.<\/p>\n<p data-start=\"1355\" data-end=\"1450\">","protected":false},"excerpt":{"rendered":"<h4 data-start=\"1006\" data-end=\"1035\"><strong data-start=\"1011\" data-end=\"1035\">Detajet e produktit:<\/strong><\/h4>\n<ul data-start=\"1036\" data-end=\"1353\">\n<li data-start=\"1036\" data-end=\"1057\">P\u00ebrmasat: <strong data-start=\"1070\" data-end=\"1088\">7 cm (gjer\u00ebsi)<\/strong> \u00d7 <strong data-start=\"1091\" data-end=\"1109\">7 cm (lart\u00ebsi)<\/strong><\/li>\n<li data-start=\"1145\" data-end=\"1209\">\n<p data-start=\"1147\" data-end=\"1209\">Materiali: L\u00ebkur\u00eb sintetike &amp; plastik\u00eb transparente cil\u00ebsore<\/p>\n<\/li>\n<li data-start=\"1251\" data-end=\"1302\">\n<p data-start=\"1253\" data-end=\"1302\">P\u00ebrdorim: P\u00ebr unaza, var\u00ebse ose set bizhuterish<\/p>\n<\/li>\n<li data-start=\"1303\" data-end=\"1353\">\n<p data-start=\"1305\" data-end=\"1353\">Paketimi: P\u00ebrfshin qese elegante \u201cBest Wishes\u201d<\/p>\n<\/li>\n<\/ul>\n<p data-start=\"1355\" data-end=\"1450\">","protected":false},"featured_media":29574,"template":"","meta":[],"product_brand":[],"product_cat":[278],"product_tag":[],"class_list":{"0":"post-29587","1":"product","2":"type-product","3":"status-publish","4":"has-post-thumbnail","6":"product_cat-paketime","8":"first","9":"instock","10":"sale","11":"taxable","12":"shipping-taxable","13":"purchasable","14":"product-type-variable"},"group_of_quantity":0,"min_quantity":4,"max_quantity":"","exclude_order_quantity_value_rules":"no","exclude_category_quantity_rules":"no","combine_variations":"yes","jetpack_sharing_enabled":true,"_links":{"self":[{"href":"https:\/\/fushaco.com\/sq\/wp-json\/wp\/v2\/product\/29587","targetHints":{"allow":["GET"]}}],"collection":[{"href":"https:\/\/fushaco.com\/sq\/wp-json\/wp\/v2\/product"}],"about":[{"href":"https:\/\/fushaco.com\/sq\/wp-json\/wp\/v2\/types\/product"}],"version-history":[{"count":4,"href":"https:\/\/fushaco.com\/sq\/wp-json\/wp\/v2\/product\/29587\/revisions"}],"predecessor-version":[{"id":33134,"href":"https:\/\/fushaco.com\/sq\/wp-json\/wp\/v2\/product\/29587\/revisions\/33134"}],"wp:featuredmedia":[{"embeddable":true,"href":"https:\/\/fushaco.com\/sq\/wp-json\/wp\/v2\/media\/29574"}],"wp:attachment":[{"href":"https:\/\/fushaco.com\/sq\/wp-json\/wp\/v2\/media?parent=29587"}],"wp:term":[{"taxonomy":"product_brand","embeddable":true,"href":"https:\/\/fushaco.com\/sq\/wp-json\/wp\/v2\/product_brand?post=29587"},{"taxonomy":"product_cat","embeddable":true,"href":"https:\/\/fushaco.com\/sq\/wp-json\/wp\/v2\/product_cat?post=29587"},{"taxonomy":"product_tag","embeddable":true,"href":"https:\/\/fushaco.com\/sq\/wp-json\/wp\/v2\/product_tag?post=29587"}],"curies":[{"name":"wp","href":"https:\/\/api.w.org\/{rel}","templated":true}]}}