{"id":29611,"date":"2025-10-06T12:17:13","date_gmt":"2025-10-06T12:17:13","guid":{"rendered":"https:\/\/fushaco.com\/?post_type=product&#038;p=29611"},"modified":"2026-02-19T21:42:06","modified_gmt":"2026-02-19T21:42:06","slug":"fush046","status":"publish","type":"product","link":"https:\/\/fushaco.com\/sq\/produkt\/fush046\/","title":{"rendered":"Paketime Bizhuterish &#8211; FUSH046"},"content":{"rendered":"<p data-start=\"441\" data-end=\"851\">Kuti luksoze <strong data-start=\"454\" data-end=\"471\">\u201cBest Wishes\u201d<\/strong> e dizajnuar p\u00ebr t\u00eb shprehur dashurin\u00eb dhe eleganc\u00ebn n\u00eb \u00e7do detaj.<br data-start=\"537\" data-end=\"540\" \/>Me ngjyr\u00ebn e saj <strong data-start=\"557\" data-end=\"600\">t\u00eb kuqe t\u00eb thell\u00eb dhe mbishkrimin n\u00eb ar<\/strong>, kjo kuti p\u00ebrcjell ndjesin\u00eb e ngroht\u00ebsis\u00eb dhe mir\u00ebsis\u00eb. Pjesa e sip\u00ebrme hapet p\u00ebr t\u00eb zbuluar <strong data-start=\"694\" data-end=\"744\">nj\u00eb koleksion t\u00eb bukur tr\u00ebndafilash dekorativ\u00eb<\/strong>, nd\u00ebrsa pjesa e poshtme p\u00ebrmban <strong data-start=\"777\" data-end=\"821\">nj\u00eb sirtar t\u00eb but\u00eb me vend p\u00ebr bizhuteri<\/strong> si unaza, var\u00ebse apo vath\u00eb.N\u00eb pjes\u00ebn e brendshme ndodhet nj\u00eb <strong data-start=\"887\" data-end=\"932\">detaj romantik me siluet\u00eb \u00e7ifti n\u00ebn zem\u00ebr<\/strong>, duke e b\u00ebr\u00eb k\u00ebt\u00eb kuti nj\u00eb dhurat\u00eb t\u00eb ve\u00e7ant\u00eb p\u00ebr momente t\u00eb dashuris\u00eb dhe kujtimet m\u00eb t\u00eb r\u00ebnd\u00ebsishme.<\/p>","protected":false},"excerpt":{"rendered":"<h4 data-start=\"1039\" data-end=\"1068\"><strong data-start=\"1044\" data-end=\"1068\">Detajet e produktit:<\/strong><\/h4>\n<ul data-start=\"1069\" data-end=\"1405\">\n<li data-start=\"1091\" data-end=\"1147\">\n<p data-start=\"1093\" data-end=\"1147\">P\u00ebrmasat: <strong data-start=\"1103\" data-end=\"1122\">11 cm (gjer\u00ebsi)<\/strong> \u00d7 <strong data-start=\"1125\" data-end=\"1145\">9.5 cm (lart\u00ebsi)<\/strong><\/p>\n<\/li>\n<li data-start=\"1148\" data-end=\"1180\">\n<p data-start=\"1150\" data-end=\"1180\">Ngjyra: E kuqe me detaje ari<\/p>\n<\/li>\n<li data-start=\"1181\" data-end=\"1232\">\n<p data-start=\"1183\" data-end=\"1232\">Materiali: L\u00ebkur\u00eb sintetike &amp; plastik\u00eb cil\u00ebsore<\/p>\n<\/li>\n<li data-start=\"1233\" data-end=\"1287\">\n<p data-start=\"1235\" data-end=\"1287\">Dekor: Tr\u00ebndafila dekorativ\u00eb dhe ilustrim romantik<\/p>\n<\/li>\n<li data-start=\"1288\" data-end=\"1346\">\n<p data-start=\"1290\" data-end=\"1346\">P\u00ebrdorim: P\u00ebr unaza, var\u00ebse, vath\u00eb ose set bizhuterish<\/p>\n<\/li>\n<li data-start=\"1347\" data-end=\"1405\">\n<p data-start=\"1349\" data-end=\"1405\">Paketimi: P\u00ebrfshin qese dhurate elegante \u201cBest Wishes\u201d<\/p>\n<\/li>\n<li data-start=\"1347\" data-end=\"1405\">\n<p data-start=\"1349\" data-end=\"1405\"><strong data-start=\"1410\" data-end=\"1495\">Nj\u00eb simbol dashurie dhe kujdesi \u2013 perfekt p\u00ebr ta b\u00ebr\u00eb \u00e7do moment t\u00eb paharruesh\u00ebm.<\/strong><\/p>\n<\/li>\n<\/ul>","protected":false},"featured_media":29612,"template":"","meta":[],"product_brand":[],"product_cat":[278],"product_tag":[],"class_list":{"0":"post-29611","1":"product","2":"type-product","3":"status-publish","4":"has-post-thumbnail","6":"product_cat-paketime","8":"first","9":"instock","10":"sale","11":"taxable","12":"shipping-taxable","13":"purchasable","14":"product-type-simple"},"group_of_quantity":0,"min_quantity":5,"max_quantity":"","exclude_order_quantity_value_rules":"no","exclude_category_quantity_rules":"no","combine_variations":"no","jetpack_sharing_enabled":true,"_links":{"self":[{"href":"https:\/\/fushaco.com\/sq\/wp-json\/wp\/v2\/product\/29611","targetHints":{"allow":["GET"]}}],"collection":[{"href":"https:\/\/fushaco.com\/sq\/wp-json\/wp\/v2\/product"}],"about":[{"href":"https:\/\/fushaco.com\/sq\/wp-json\/wp\/v2\/types\/product"}],"version-history":[{"count":4,"href":"https:\/\/fushaco.com\/sq\/wp-json\/wp\/v2\/product\/29611\/revisions"}],"predecessor-version":[{"id":33132,"href":"https:\/\/fushaco.com\/sq\/wp-json\/wp\/v2\/product\/29611\/revisions\/33132"}],"wp:featuredmedia":[{"embeddable":true,"href":"https:\/\/fushaco.com\/sq\/wp-json\/wp\/v2\/media\/29612"}],"wp:attachment":[{"href":"https:\/\/fushaco.com\/sq\/wp-json\/wp\/v2\/media?parent=29611"}],"wp:term":[{"taxonomy":"product_brand","embeddable":true,"href":"https:\/\/fushaco.com\/sq\/wp-json\/wp\/v2\/product_brand?post=29611"},{"taxonomy":"product_cat","embeddable":true,"href":"https:\/\/fushaco.com\/sq\/wp-json\/wp\/v2\/product_cat?post=29611"},{"taxonomy":"product_tag","embeddable":true,"href":"https:\/\/fushaco.com\/sq\/wp-json\/wp\/v2\/product_tag?post=29611"}],"curies":[{"name":"wp","href":"https:\/\/api.w.org\/{rel}","templated":true}]}}