{"id":29645,"date":"2025-10-06T12:41:42","date_gmt":"2025-10-06T12:41:42","guid":{"rendered":"https:\/\/fushaco.com\/?post_type=product&#038;p=29645"},"modified":"2026-02-19T21:44:00","modified_gmt":"2026-02-19T21:44:00","slug":"fush050","status":"publish","type":"product","link":"https:\/\/fushaco.com\/sq\/produkt\/fush050\/","title":{"rendered":"Paketime Bizhuterish &#8211; FUSH050"},"content":{"rendered":"<p>Nj\u00eb simbol dashurie dhe elegance n\u00eb form\u00ebn e nj\u00eb tr\u00ebndafili mahnit\u00ebs.<br data-start=\"222\" data-end=\"225\" \/>Kjo <strong data-start=\"229\" data-end=\"257\">kuti bizhuterish luksoze<\/strong> \u00ebsht\u00eb e dizajnuar p\u00ebr t\u00eb shtuar ndjesin\u00eb e ve\u00e7ant\u00eb t\u00eb \u00e7do dhurate. Me pamjen e saj unike n\u00eb form\u00eb tr\u00ebndafili, ajo p\u00ebrfaq\u00ebson romanc\u00eb dhe kujdes n\u00eb \u00e7do detaj, duke qen\u00eb zgjedhja ideale p\u00ebr unaza.<\/p>","protected":false},"excerpt":{"rendered":"<h3 data-start=\"492\" data-end=\"527\"><strong data-start=\"496\" data-end=\"525\">Karakteristikat kryesore:<\/strong><\/h3>\n<ul data-start=\"528\" data-end=\"968\">\n<li data-start=\"528\" data-end=\"577\">\n<p data-start=\"530\" data-end=\"577\"><strong data-start=\"533\" data-end=\"545\">P\u00ebrmasa:<\/strong> 6 cm gjer\u00ebsi \u00d7 7.5 cm lart\u00ebsi<\/p>\n<\/li>\n<li data-start=\"578\" data-end=\"657\">\n<p data-start=\"580\" data-end=\"657\"><strong data-start=\"583\" data-end=\"594\">Dizajn:<\/strong> N\u00eb form\u00eb tr\u00ebndafili elegant, simbol i dashuris\u00eb dhe ndjenj\u00ebs<\/p>\n<\/li>\n<li data-start=\"738\" data-end=\"824\">\n<p data-start=\"740\" data-end=\"824\"><strong data-start=\"743\" data-end=\"757\">Materiali:<\/strong> Plastik\u00eb e cil\u00ebsis\u00eb s\u00eb lart\u00eb me sip\u00ebrfaqe t\u00eb but\u00eb dhe rezistente<\/p>\n<\/li>\n<li data-start=\"825\" data-end=\"893\">\n<p data-start=\"827\" data-end=\"893\"><strong data-start=\"830\" data-end=\"843\">P\u00ebrdorim:<\/strong> Perfekte p\u00ebr unaza<\/p>\n<\/li>\n<li data-start=\"894\" data-end=\"968\">\n<p data-start=\"896\" data-end=\"968\"><strong data-start=\"899\" data-end=\"909\">Stili:<\/strong> Luksoz, romantik dhe i p\u00ebrshtatsh\u00ebm p\u00ebr \u00e7do rast special<\/p>\n<\/li>\n<\/ul>","protected":false},"featured_media":29646,"template":"","meta":[],"product_brand":[],"product_cat":[278],"product_tag":[],"class_list":{"0":"post-29645","1":"product","2":"type-product","3":"status-publish","4":"has-post-thumbnail","6":"product_cat-paketime","8":"first","9":"instock","10":"sale","11":"taxable","12":"shipping-taxable","13":"purchasable","14":"product-type-variable"},"group_of_quantity":0,"min_quantity":10,"max_quantity":"","exclude_order_quantity_value_rules":"no","exclude_category_quantity_rules":"no","combine_variations":"yes","jetpack_sharing_enabled":true,"_links":{"self":[{"href":"https:\/\/fushaco.com\/sq\/wp-json\/wp\/v2\/product\/29645","targetHints":{"allow":["GET"]}}],"collection":[{"href":"https:\/\/fushaco.com\/sq\/wp-json\/wp\/v2\/product"}],"about":[{"href":"https:\/\/fushaco.com\/sq\/wp-json\/wp\/v2\/types\/product"}],"version-history":[{"count":5,"href":"https:\/\/fushaco.com\/sq\/wp-json\/wp\/v2\/product\/29645\/revisions"}],"predecessor-version":[{"id":34009,"href":"https:\/\/fushaco.com\/sq\/wp-json\/wp\/v2\/product\/29645\/revisions\/34009"}],"wp:featuredmedia":[{"embeddable":true,"href":"https:\/\/fushaco.com\/sq\/wp-json\/wp\/v2\/media\/29646"}],"wp:attachment":[{"href":"https:\/\/fushaco.com\/sq\/wp-json\/wp\/v2\/media?parent=29645"}],"wp:term":[{"taxonomy":"product_brand","embeddable":true,"href":"https:\/\/fushaco.com\/sq\/wp-json\/wp\/v2\/product_brand?post=29645"},{"taxonomy":"product_cat","embeddable":true,"href":"https:\/\/fushaco.com\/sq\/wp-json\/wp\/v2\/product_cat?post=29645"},{"taxonomy":"product_tag","embeddable":true,"href":"https:\/\/fushaco.com\/sq\/wp-json\/wp\/v2\/product_tag?post=29645"}],"curies":[{"name":"wp","href":"https:\/\/api.w.org\/{rel}","templated":true}]}}