{"id":29663,"date":"2025-10-06T12:52:00","date_gmt":"2025-10-06T12:52:00","guid":{"rendered":"https:\/\/fushaco.com\/?post_type=product&#038;p=29663"},"modified":"2026-02-19T21:43:56","modified_gmt":"2026-02-19T21:43:56","slug":"fush052","status":"publish","type":"product","link":"https:\/\/fushaco.com\/sq\/produkt\/fush052\/","title":{"rendered":"Paketime Bizhuterish &#8211; FUSH052"},"content":{"rendered":"<p data-start=\"149\" data-end=\"475\">Kjo kuti elegante p\u00ebr bizhuteri nga <strong data-start=\"185\" data-end=\"199\">Fusha &amp; Co<\/strong> vjen n\u00eb form\u00ebn e nj\u00eb <strong data-start=\"221\" data-end=\"238\">molle luksoze<\/strong>, q\u00eb e b\u00ebjn\u00eb perfekte p\u00ebr dhurata romantike dhe prezantime me stil. N\u00eb pjes\u00ebn e p\u00ebrparme, zbukurohet me nj\u00eb <strong data-start=\"401\" data-end=\"440\">zem\u00ebr t\u00eb art\u00eb me mbishkrimin \u201cLove\u201d<\/strong>, simbol i dashuris\u00eb dhe eleganc\u00ebs.<\/p>\n<p data-start=\"891\" data-end=\"1005\">","protected":false},"excerpt":{"rendered":"<h4 data-start=\"477\" data-end=\"511\"><strong data-start=\"482\" data-end=\"511\">Karakteristikat kryesore:<\/strong><\/h4>\n<ul data-start=\"512\" data-end=\"1005\">\n<li data-start=\"512\" data-end=\"573\">\n<p data-start=\"514\" data-end=\"529\"><strong data-start=\"514\" data-end=\"527\">P\u00ebrmasat:<\/strong><\/p>\n<ul data-start=\"532\" data-end=\"573\">\n<li data-start=\"532\" data-end=\"551\">\n<p data-start=\"534\" data-end=\"551\">Lart\u00ebsia: 11 cm<\/p>\n<\/li>\n<li data-start=\"554\" data-end=\"573\">\n<p data-start=\"556\" data-end=\"573\">Gjer\u00ebsia: 10 cm<\/p>\n<\/li>\n<\/ul>\n<\/li>\n<li data-start=\"574\" data-end=\"649\">\n<p data-start=\"576\" data-end=\"649\"><strong data-start=\"576\" data-end=\"590\">Materiali:<\/strong> Kadife cil\u00ebsore me struktur\u00eb t\u00eb but\u00eb dhe ndjesi premium.<\/p>\n<\/li>\n<li data-start=\"692\" data-end=\"888\">\n<p data-start=\"694\" data-end=\"888\"><strong data-start=\"694\" data-end=\"718\">Dizajni i brendsh\u00ebm:<\/strong> Pjesa e brendshme \u00ebsht\u00eb e veshur me material t\u00eb leht\u00eb dhe t\u00eb ndritsh\u00ebm, e p\u00ebrshtatur p\u00ebr t\u00eb vendosur <strong data-start=\"820\" data-end=\"847\">var\u00ebse, unaza dhe vath\u00eb<\/strong> n\u00eb m\u00ebnyr\u00eb t\u00eb sigurt dhe t\u00eb organizuar.<\/p>\n<\/li>\n<li data-start=\"889\" data-end=\"1005\">\n<p data-start=\"891\" data-end=\"1005\"><strong data-start=\"891\" data-end=\"904\">Paketimi:<\/strong> \u00c7do kuti vjen me <strong data-start=\"922\" data-end=\"959\">\u00e7ant\u00ebn elegante \u201cLove is Eternal\u201d<\/strong>, q\u00eb shton hijeshi dhe e b\u00ebn gati p\u00ebr dhurat\u00eb<\/p>\n<\/li>\n<\/ul>","protected":false},"featured_media":29667,"template":"","meta":[],"product_brand":[],"product_cat":[278],"product_tag":[],"class_list":{"0":"post-29663","1":"product","2":"type-product","3":"status-publish","4":"has-post-thumbnail","6":"product_cat-paketime","8":"first","9":"instock","10":"sale","11":"taxable","12":"shipping-taxable","13":"purchasable","14":"product-type-variable"},"group_of_quantity":0,"min_quantity":4,"max_quantity":"","exclude_order_quantity_value_rules":"no","exclude_category_quantity_rules":"no","combine_variations":"yes","jetpack_sharing_enabled":true,"_links":{"self":[{"href":"https:\/\/fushaco.com\/sq\/wp-json\/wp\/v2\/product\/29663","targetHints":{"allow":["GET"]}}],"collection":[{"href":"https:\/\/fushaco.com\/sq\/wp-json\/wp\/v2\/product"}],"about":[{"href":"https:\/\/fushaco.com\/sq\/wp-json\/wp\/v2\/types\/product"}],"version-history":[{"count":4,"href":"https:\/\/fushaco.com\/sq\/wp-json\/wp\/v2\/product\/29663\/revisions"}],"predecessor-version":[{"id":33127,"href":"https:\/\/fushaco.com\/sq\/wp-json\/wp\/v2\/product\/29663\/revisions\/33127"}],"wp:featuredmedia":[{"embeddable":true,"href":"https:\/\/fushaco.com\/sq\/wp-json\/wp\/v2\/media\/29667"}],"wp:attachment":[{"href":"https:\/\/fushaco.com\/sq\/wp-json\/wp\/v2\/media?parent=29663"}],"wp:term":[{"taxonomy":"product_brand","embeddable":true,"href":"https:\/\/fushaco.com\/sq\/wp-json\/wp\/v2\/product_brand?post=29663"},{"taxonomy":"product_cat","embeddable":true,"href":"https:\/\/fushaco.com\/sq\/wp-json\/wp\/v2\/product_cat?post=29663"},{"taxonomy":"product_tag","embeddable":true,"href":"https:\/\/fushaco.com\/sq\/wp-json\/wp\/v2\/product_tag?post=29663"}],"curies":[{"name":"wp","href":"https:\/\/api.w.org\/{rel}","templated":true}]}}