{"id":29682,"date":"2025-10-06T12:56:47","date_gmt":"2025-10-06T12:56:47","guid":{"rendered":"https:\/\/fushaco.com\/?post_type=product&#038;p=29682"},"modified":"2026-02-19T21:34:50","modified_gmt":"2026-02-19T21:34:50","slug":"fush053","status":"publish","type":"product","link":"https:\/\/fushaco.com\/sq\/produkt\/fush053\/","title":{"rendered":"Paketime Bizhuterish &#8211; FUSH053"},"content":{"rendered":"<p data-start=\"755\" data-end=\"841\">Kuti elegante, e dizajnuar posa\u00e7\u00ebrisht p\u00ebr byzylyk\u00eb. E brendshme e but\u00eb p\u00ebr mbrojtje maksimale dhe detaj ari n\u00eb form\u00eb kurore p\u00ebr prekje luksi.<\/p>","protected":false},"excerpt":{"rendered":"<h4 data-start=\"412\" data-end=\"446\"><strong data-start=\"417\" data-end=\"446\">Karakteristikat kryesore:<\/strong><\/h4>\n<ul data-start=\"447\" data-end=\"841\">\n<li data-start=\"447\" data-end=\"506\">\n<p data-start=\"449\" data-end=\"463\"><strong data-start=\"449\" data-end=\"461\">P\u00ebrmasa:<\/strong><\/p>\n<ul data-start=\"466\" data-end=\"506\">\n<li data-start=\"466\" data-end=\"484\">\n<p data-start=\"468\" data-end=\"484\">Lart\u00ebsia: 4 cm<\/p>\n<\/li>\n<li data-start=\"487\" data-end=\"506\">\n<p data-start=\"489\" data-end=\"506\">Gjer\u00ebsia: 24 cm<\/p>\n<\/li>\n<\/ul>\n<\/li>\n<li data-start=\"538\" data-end=\"629\">\n<p data-start=\"540\" data-end=\"629\"><strong data-start=\"540\" data-end=\"554\">Materiali:<\/strong> Kadife cil\u00ebsore me ndjesi t\u00eb but\u00eb dhe mbrojtje t\u00eb plot\u00eb p\u00ebr bizhuterit\u00eb.<\/p>\n<\/li>\n<li data-start=\"630\" data-end=\"752\">\n<p data-start=\"632\" data-end=\"752\"><strong data-start=\"632\" data-end=\"656\">Dizajni i brendsh\u00ebm:<\/strong> I veshur me material t\u00eb ndritsh\u00ebm, q\u00eb siguron prezantim elegant dhe mbrojtje nga g\u00ebrvishtjet.<\/p>\n<\/li>\n<li data-start=\"753\" data-end=\"841\">\n<p data-start=\"755\" data-end=\"841\"><strong data-start=\"755\" data-end=\"767\">Mbyllja:<\/strong> Buton elegant me <strong data-start=\"785\" data-end=\"810\">detaj n\u00eb form\u00eb kurore<\/strong>, q\u00eb shton ndjesin\u00eb e luksit.<\/p>\n<\/li>\n<\/ul>","protected":false},"featured_media":29673,"template":"","meta":[],"product_brand":[],"product_cat":[278],"product_tag":[],"class_list":{"0":"post-29682","1":"product","2":"type-product","3":"status-publish","4":"has-post-thumbnail","6":"product_cat-paketime","8":"first","9":"instock","10":"sale","11":"taxable","12":"shipping-taxable","13":"purchasable","14":"product-type-variable"},"group_of_quantity":0,"min_quantity":15,"max_quantity":"","exclude_order_quantity_value_rules":"no","exclude_category_quantity_rules":"no","combine_variations":"yes","jetpack_sharing_enabled":true,"_links":{"self":[{"href":"https:\/\/fushaco.com\/sq\/wp-json\/wp\/v2\/product\/29682","targetHints":{"allow":["GET"]}}],"collection":[{"href":"https:\/\/fushaco.com\/sq\/wp-json\/wp\/v2\/product"}],"about":[{"href":"https:\/\/fushaco.com\/sq\/wp-json\/wp\/v2\/types\/product"}],"version-history":[{"count":4,"href":"https:\/\/fushaco.com\/sq\/wp-json\/wp\/v2\/product\/29682\/revisions"}],"predecessor-version":[{"id":33093,"href":"https:\/\/fushaco.com\/sq\/wp-json\/wp\/v2\/product\/29682\/revisions\/33093"}],"wp:featuredmedia":[{"embeddable":true,"href":"https:\/\/fushaco.com\/sq\/wp-json\/wp\/v2\/media\/29673"}],"wp:attachment":[{"href":"https:\/\/fushaco.com\/sq\/wp-json\/wp\/v2\/media?parent=29682"}],"wp:term":[{"taxonomy":"product_brand","embeddable":true,"href":"https:\/\/fushaco.com\/sq\/wp-json\/wp\/v2\/product_brand?post=29682"},{"taxonomy":"product_cat","embeddable":true,"href":"https:\/\/fushaco.com\/sq\/wp-json\/wp\/v2\/product_cat?post=29682"},{"taxonomy":"product_tag","embeddable":true,"href":"https:\/\/fushaco.com\/sq\/wp-json\/wp\/v2\/product_tag?post=29682"}],"curies":[{"name":"wp","href":"https:\/\/api.w.org\/{rel}","templated":true}]}}