{"id":29687,"date":"2025-10-06T13:00:14","date_gmt":"2025-10-06T13:00:14","guid":{"rendered":"https:\/\/fushaco.com\/?post_type=product&#038;p=29687"},"modified":"2026-02-19T21:35:12","modified_gmt":"2026-02-19T21:35:12","slug":"fush054","status":"publish","type":"product","link":"https:\/\/fushaco.com\/sq\/produkt\/fush054\/","title":{"rendered":"Paketime Bizhuterish &#8211; FUSH054"},"content":{"rendered":"<p>Eleganc\u00eb, past\u00ebrti dhe luks i rafinuar n\u00eb \u00e7do detaj.<br data-start=\"235\" data-end=\"238\" \/>Kjo <strong data-start=\"242\" data-end=\"271\">kuti bizhuterish <\/strong>me detaj metalik n\u00eb form\u00eb kurore t\u00eb art\u00eb p\u00ebrfaq\u00ebson kombinimin perfekt t\u00eb thjesht\u00ebsis\u00eb dhe klasit.<br data-start=\"370\" data-end=\"373\" \/>E krijuar p\u00ebr t\u00eb ruajtur dhe prezantuar unaza, kjo kuti shton nj\u00eb prekje sofistikimi n\u00eb \u00e7do dhurat\u00eb apo koleksion bizhuterish.<\/p>","protected":false},"excerpt":{"rendered":"<h3 data-start=\"526\" data-end=\"561\"><strong data-start=\"530\" data-end=\"559\">Karakteristikat kryesore:<\/strong><\/h3>\n<ul data-start=\"562\" data-end=\"993\">\n<li data-start=\"562\" data-end=\"611\">\n<p data-start=\"564\" data-end=\"611\"><strong data-start=\"567\" data-end=\"579\">P\u00ebrmasa:<\/strong> 6 cm gjer\u00ebsi \u00d7 4.5 cm lart\u00ebsi<\/p>\n<\/li>\n<li data-start=\"612\" data-end=\"677\">\n<p data-start=\"614\" data-end=\"677\"><strong data-start=\"617\" data-end=\"628\">Dizajn:<\/strong> Kurore dekorative ngjyr\u00eb ari p\u00ebr pamje luksoze<\/p>\n<\/li>\n<li data-start=\"747\" data-end=\"812\">\n<p data-start=\"749\" data-end=\"812\"><strong data-start=\"752\" data-end=\"766\">Materiali:<\/strong> L\u00ebkur\u00eb sintetike cil\u00ebsore me ndjesi t\u00eb but\u00eb<\/p>\n<\/li>\n<li data-start=\"813\" data-end=\"886\">\n<p data-start=\"815\" data-end=\"886\"><strong data-start=\"818\" data-end=\"831\">P\u00ebrdorim:<\/strong> E p\u00ebrshtatshme p\u00ebr unaza<\/p>\n<\/li>\n<li data-start=\"887\" data-end=\"993\">\n<p data-start=\"889\" data-end=\"993\"><strong data-start=\"892\" data-end=\"902\">Stili:<\/strong> Minimalist dhe modern \u2013 perfekt p\u00ebr dhurata.<\/p>\n<\/li>\n<\/ul>","protected":false},"featured_media":29688,"template":"","meta":[],"product_brand":[],"product_cat":[278],"product_tag":[],"class_list":{"0":"post-29687","1":"product","2":"type-product","3":"status-publish","4":"has-post-thumbnail","6":"product_cat-paketime","8":"first","9":"instock","10":"sale","11":"taxable","12":"shipping-taxable","13":"purchasable","14":"product-type-variable"},"group_of_quantity":0,"min_quantity":30,"max_quantity":"","exclude_order_quantity_value_rules":"no","exclude_category_quantity_rules":"no","combine_variations":"no","jetpack_sharing_enabled":true,"_links":{"self":[{"href":"https:\/\/fushaco.com\/sq\/wp-json\/wp\/v2\/product\/29687","targetHints":{"allow":["GET"]}}],"collection":[{"href":"https:\/\/fushaco.com\/sq\/wp-json\/wp\/v2\/product"}],"about":[{"href":"https:\/\/fushaco.com\/sq\/wp-json\/wp\/v2\/types\/product"}],"version-history":[{"count":4,"href":"https:\/\/fushaco.com\/sq\/wp-json\/wp\/v2\/product\/29687\/revisions"}],"predecessor-version":[{"id":33126,"href":"https:\/\/fushaco.com\/sq\/wp-json\/wp\/v2\/product\/29687\/revisions\/33126"}],"wp:featuredmedia":[{"embeddable":true,"href":"https:\/\/fushaco.com\/sq\/wp-json\/wp\/v2\/media\/29688"}],"wp:attachment":[{"href":"https:\/\/fushaco.com\/sq\/wp-json\/wp\/v2\/media?parent=29687"}],"wp:term":[{"taxonomy":"product_brand","embeddable":true,"href":"https:\/\/fushaco.com\/sq\/wp-json\/wp\/v2\/product_brand?post=29687"},{"taxonomy":"product_cat","embeddable":true,"href":"https:\/\/fushaco.com\/sq\/wp-json\/wp\/v2\/product_cat?post=29687"},{"taxonomy":"product_tag","embeddable":true,"href":"https:\/\/fushaco.com\/sq\/wp-json\/wp\/v2\/product_tag?post=29687"}],"curies":[{"name":"wp","href":"https:\/\/api.w.org\/{rel}","templated":true}]}}