{"id":29707,"date":"2025-10-06T13:07:29","date_gmt":"2025-10-06T13:07:29","guid":{"rendered":"https:\/\/fushaco.com\/?post_type=product&#038;p=29707"},"modified":"2026-02-19T21:43:47","modified_gmt":"2026-02-19T21:43:47","slug":"fush056","status":"publish","type":"product","link":"https:\/\/fushaco.com\/sq\/produkt\/fush056\/","title":{"rendered":"Paketime Bizhuterish &#8211; FUSH056"},"content":{"rendered":"<p>Eleganc\u00eb dhe thjesht\u00ebsi n\u00eb nj\u00eb dizajn modern\u00a0<br data-start=\"199\" data-end=\"202\" \/>Kjo <strong data-start=\"206\" data-end=\"226\">kuti bizhuterish<\/strong> \u00ebsht\u00eb krijuar p\u00ebr t\u00eb ruajtur dhe prezantuar unazat.<br data-start=\"315\" data-end=\"318\" \/>Ajo reflekton luks dhe sofistikim, duke e b\u00ebr\u00eb \u00e7do dhurat\u00eb t\u00eb duket edhe m\u00eb e ve\u00e7ant\u00eb.<\/p>","protected":false},"excerpt":{"rendered":"<h3 data-start=\"459\" data-end=\"494\"><strong data-start=\"463\" data-end=\"492\">Karakteristikat kryesore:<\/strong><\/h3>\n<ul data-start=\"495\" data-end=\"945\">\n<li data-start=\"495\" data-end=\"542\">\n<p data-start=\"497\" data-end=\"542\"><strong data-start=\"500\" data-end=\"512\">P\u00ebrmasa:<\/strong> 6 cm gjer\u00ebsi \u00d7 5 cm lart\u00ebsi<\/p>\n<\/li>\n<li data-start=\"543\" data-end=\"618\">\n<p data-start=\"545\" data-end=\"618\"><strong data-start=\"548\" data-end=\"561\">P\u00ebrdorim:<\/strong> E p\u00ebrshtatshme p\u00ebr unaza<\/p>\n<\/li>\n<li data-start=\"670\" data-end=\"748\">\n<p data-start=\"672\" data-end=\"748\"><strong data-start=\"675\" data-end=\"689\">Materiali:<\/strong> Plastik\u00eb cil\u00ebsore me tekstur\u00eb t\u00eb but\u00eb dhe t\u00eb q\u00ebndrueshme<\/p>\n<\/li>\n<li data-start=\"749\" data-end=\"819\">\n<p data-start=\"751\" data-end=\"819\"><strong data-start=\"754\" data-end=\"764\">Stili:<\/strong> Minimalist dhe elegant<\/p>\n<\/li>\n<\/ul>","protected":false},"featured_media":29701,"template":"","meta":[],"product_brand":[],"product_cat":[278],"product_tag":[],"class_list":{"0":"post-29707","1":"product","2":"type-product","3":"status-publish","4":"has-post-thumbnail","6":"product_cat-paketime","8":"first","9":"instock","10":"sale","11":"taxable","12":"shipping-taxable","13":"purchasable","14":"product-type-variable"},"group_of_quantity":0,"min_quantity":20,"max_quantity":"","exclude_order_quantity_value_rules":"no","exclude_category_quantity_rules":"no","combine_variations":"yes","jetpack_sharing_enabled":true,"_links":{"self":[{"href":"https:\/\/fushaco.com\/sq\/wp-json\/wp\/v2\/product\/29707","targetHints":{"allow":["GET"]}}],"collection":[{"href":"https:\/\/fushaco.com\/sq\/wp-json\/wp\/v2\/product"}],"about":[{"href":"https:\/\/fushaco.com\/sq\/wp-json\/wp\/v2\/types\/product"}],"version-history":[{"count":4,"href":"https:\/\/fushaco.com\/sq\/wp-json\/wp\/v2\/product\/29707\/revisions"}],"predecessor-version":[{"id":33124,"href":"https:\/\/fushaco.com\/sq\/wp-json\/wp\/v2\/product\/29707\/revisions\/33124"}],"wp:featuredmedia":[{"embeddable":true,"href":"https:\/\/fushaco.com\/sq\/wp-json\/wp\/v2\/media\/29701"}],"wp:attachment":[{"href":"https:\/\/fushaco.com\/sq\/wp-json\/wp\/v2\/media?parent=29707"}],"wp:term":[{"taxonomy":"product_brand","embeddable":true,"href":"https:\/\/fushaco.com\/sq\/wp-json\/wp\/v2\/product_brand?post=29707"},{"taxonomy":"product_cat","embeddable":true,"href":"https:\/\/fushaco.com\/sq\/wp-json\/wp\/v2\/product_cat?post=29707"},{"taxonomy":"product_tag","embeddable":true,"href":"https:\/\/fushaco.com\/sq\/wp-json\/wp\/v2\/product_tag?post=29707"}],"curies":[{"name":"wp","href":"https:\/\/api.w.org\/{rel}","templated":true}]}}