{"id":29711,"date":"2025-10-06T13:10:50","date_gmt":"2025-10-06T13:10:50","guid":{"rendered":"https:\/\/fushaco.com\/?post_type=product&#038;p=29711"},"modified":"2026-04-03T14:50:17","modified_gmt":"2026-04-03T14:50:17","slug":"fush057","status":"publish","type":"product","link":"https:\/\/fushaco.com\/sq\/produkt\/fush057\/","title":{"rendered":"Paketime Bizhuterish &#8211; FUSH057"},"content":{"rendered":"<p>E vog\u00ebl, elegante dhe plot ndjenj\u00eb\u00a0<br data-start=\"185\" data-end=\"188\" \/>Kjo <strong data-start=\"192\" data-end=\"244\">kuti dhurate n\u00eb form\u00eb zemre me dizajn gjeometrik<\/strong>, kombinon stilin modern me simbolik\u00ebn e dashuris\u00eb.<br data-start=\"295\" data-end=\"298\" \/>Ngjyra e thell\u00eb dhe p\u00ebrfundimi mat e b\u00ebjn\u00eb at\u00eb perfekte p\u00ebr dhurata t\u00eb vogla, bizhuteri apo surpriza romantike.<br data-start=\"416\" data-end=\"419\" \/>Nj\u00eb detaj i vog\u00ebl q\u00eb p\u00ebrcjell shum\u00eb emocion!<\/p>","protected":false},"excerpt":{"rendered":"<h3 data-start=\"472\" data-end=\"507\"><strong data-start=\"476\" data-end=\"505\">Karakteristikat kryesore:<\/strong><\/h3>\n<ul data-start=\"508\" data-end=\"902\">\n<li data-start=\"508\" data-end=\"555\">\n<p data-start=\"510\" data-end=\"555\"><strong data-start=\"513\" data-end=\"525\">P\u00ebrmasa:<\/strong> 7 cm gjer\u00ebsi \u00d7 7 cm lart\u00ebsi<\/p>\n<\/li>\n<li data-start=\"556\" data-end=\"615\">\n<p data-start=\"558\" data-end=\"615\"><strong data-start=\"561\" data-end=\"572\">Dizajn:<\/strong> Form\u00eb zemre me prerje moderne diamantike<\/p>\n<\/li>\n<li data-start=\"668\" data-end=\"754\">\n<p data-start=\"670\" data-end=\"754\"><strong data-start=\"673\" data-end=\"687\">Materiali:<\/strong> Plastik\u00eb cil\u00ebsore me ndjesi luksoze dhe struktur\u00eb t\u00eb q\u00ebndrueshme<\/p>\n<\/li>\n<li data-start=\"755\" data-end=\"853\">\n<p data-start=\"757\" data-end=\"853\"><strong data-start=\"760\" data-end=\"774\">P\u00ebrdorimi:<\/strong> Ideal p\u00ebr bizhuteri, unaza, dhurata simbolike dhe surpriza t\u00eb vogla dashurie<\/p>\n<\/li>\n<li data-start=\"854\" data-end=\"902\">\n<p data-start=\"856\" data-end=\"902\"><strong data-start=\"858\" data-end=\"868\">Stili:<\/strong> Minimalist, modern dhe romantik<\/p>\n<\/li>\n<\/ul>","protected":false},"featured_media":29712,"template":"","meta":[],"product_brand":[],"product_cat":[278],"product_tag":[],"class_list":{"0":"post-29711","1":"product","2":"type-product","3":"status-publish","4":"has-post-thumbnail","6":"product_cat-paketime","8":"first","9":"instock","10":"sale","11":"taxable","12":"shipping-taxable","13":"purchasable","14":"product-type-variable","15":"has-default-attributes"},"group_of_quantity":0,"min_quantity":10,"max_quantity":"","exclude_order_quantity_value_rules":"no","exclude_category_quantity_rules":"no","combine_variations":"yes","jetpack_sharing_enabled":true,"_links":{"self":[{"href":"https:\/\/fushaco.com\/sq\/wp-json\/wp\/v2\/product\/29711","targetHints":{"allow":["GET"]}}],"collection":[{"href":"https:\/\/fushaco.com\/sq\/wp-json\/wp\/v2\/product"}],"about":[{"href":"https:\/\/fushaco.com\/sq\/wp-json\/wp\/v2\/types\/product"}],"version-history":[{"count":7,"href":"https:\/\/fushaco.com\/sq\/wp-json\/wp\/v2\/product\/29711\/revisions"}],"predecessor-version":[{"id":34008,"href":"https:\/\/fushaco.com\/sq\/wp-json\/wp\/v2\/product\/29711\/revisions\/34008"}],"wp:featuredmedia":[{"embeddable":true,"href":"https:\/\/fushaco.com\/sq\/wp-json\/wp\/v2\/media\/29712"}],"wp:attachment":[{"href":"https:\/\/fushaco.com\/sq\/wp-json\/wp\/v2\/media?parent=29711"}],"wp:term":[{"taxonomy":"product_brand","embeddable":true,"href":"https:\/\/fushaco.com\/sq\/wp-json\/wp\/v2\/product_brand?post=29711"},{"taxonomy":"product_cat","embeddable":true,"href":"https:\/\/fushaco.com\/sq\/wp-json\/wp\/v2\/product_cat?post=29711"},{"taxonomy":"product_tag","embeddable":true,"href":"https:\/\/fushaco.com\/sq\/wp-json\/wp\/v2\/product_tag?post=29711"}],"curies":[{"name":"wp","href":"https:\/\/api.w.org\/{rel}","templated":true}]}}