{"id":29725,"date":"2025-10-06T13:15:39","date_gmt":"2025-10-06T13:15:39","guid":{"rendered":"https:\/\/fushaco.com\/?post_type=product&#038;p=29725"},"modified":"2026-02-19T21:36:37","modified_gmt":"2026-02-19T21:36:37","slug":"fush058","status":"publish","type":"product","link":"https:\/\/fushaco.com\/sq\/produkt\/fush058\/","title":{"rendered":"Paketime Bizhuterish &#8211; FUSH058"},"content":{"rendered":"<p>Kuti elegante dhe romantike p\u00ebr dhurata q\u00eb flasin me zem\u00ebr\u00a0<br data-start=\"211\" data-end=\"214\" \/>Kjo <strong data-start=\"218\" data-end=\"249\">kuti dhurate n\u00eb form\u00eb zemre<\/strong>, me ngjyr\u00eb t\u00eb kuqe pasionante dhe detaj metalik n\u00eb form\u00eb zemre ari, \u00ebsht\u00eb dizajnuar p\u00ebr t\u00eb dh\u00ebn\u00eb ndjesin\u00eb e luksit dhe dashuris\u00eb.<br data-start=\"379\" data-end=\"382\" \/>Ideale p\u00ebr bizhuteri, suvenire ose surpriza t\u00eb vogla me vler\u00eb emocionale, kjo kuti \u00ebsht\u00eb zgjedhja e duhur p\u00ebr raste t\u00eb ve\u00e7anta si Sh\u00ebn Valentini, p\u00ebrvjetor\u00eb apo dhurata romantike.<\/p>","protected":false},"excerpt":{"rendered":"<h3 data-start=\"570\" data-end=\"605\"><strong data-start=\"574\" data-end=\"603\">Karakteristikat kryesore:<\/strong><\/h3>\n<ul data-start=\"606\" data-end=\"1043\">\n<li data-start=\"606\" data-end=\"658\">\n<p data-start=\"608\" data-end=\"658\"><strong data-start=\"611\" data-end=\"623\">P\u00ebrmasa:<\/strong> 12.5 cm gjer\u00ebsi \u00d7 8.5 cm lart\u00ebsi<\/p>\n<\/li>\n<li data-start=\"659\" data-end=\"733\">\n<p data-start=\"661\" data-end=\"733\"><strong data-start=\"664\" data-end=\"675\">Dizajn:<\/strong> Form\u00eb zemre me detaj metalik ari p\u00ebr nj\u00eb prekje luksoze<\/p>\n<\/li>\n<li data-start=\"734\" data-end=\"803\">\n<p data-start=\"736\" data-end=\"803\"><strong data-start=\"739\" data-end=\"750\">Ngjyra:<\/strong> E kuqe elegante, simbol i dashuris\u00eb dhe emocioneve<\/p>\n<\/li>\n<li data-start=\"804\" data-end=\"878\">\n<p data-start=\"806\" data-end=\"878\"><strong data-start=\"809\" data-end=\"823\">Materiali:<\/strong> Let\u00ebr e fort\u00eb dhe karton cil\u00ebsor me tekstur\u00eb premium<\/p>\n<\/li>\n<li data-start=\"879\" data-end=\"983\">\n<p data-start=\"881\" data-end=\"983\"><strong data-start=\"884\" data-end=\"898\">P\u00ebrdorimi:<\/strong> Ideal p\u00ebr dhurata romantike, bizhuteri, aksesor\u00eb t\u00eb vegj\u00ebl dhe surpriza t\u00eb ve\u00e7anta<\/p>\n<\/li>\n<li data-start=\"984\" data-end=\"1043\">\n<p data-start=\"986\" data-end=\"1043\"><strong data-start=\"988\" data-end=\"998\">Stili:<\/strong> Modern, elegant dhe me dizajn q\u00eb bie n\u00eb sy<\/p>\n<\/li>\n<\/ul>","protected":false},"featured_media":29729,"template":"","meta":[],"product_brand":[],"product_cat":[278],"product_tag":[],"class_list":{"0":"post-29725","1":"product","2":"type-product","3":"status-publish","4":"has-post-thumbnail","6":"product_cat-paketime","8":"first","9":"instock","10":"sale","11":"taxable","12":"shipping-taxable","13":"purchasable","14":"product-type-simple"},"group_of_quantity":0,"min_quantity":8,"max_quantity":"","exclude_order_quantity_value_rules":"no","exclude_category_quantity_rules":"no","combine_variations":"no","jetpack_sharing_enabled":true,"_links":{"self":[{"href":"https:\/\/fushaco.com\/sq\/wp-json\/wp\/v2\/product\/29725","targetHints":{"allow":["GET"]}}],"collection":[{"href":"https:\/\/fushaco.com\/sq\/wp-json\/wp\/v2\/product"}],"about":[{"href":"https:\/\/fushaco.com\/sq\/wp-json\/wp\/v2\/types\/product"}],"version-history":[{"count":4,"href":"https:\/\/fushaco.com\/sq\/wp-json\/wp\/v2\/product\/29725\/revisions"}],"predecessor-version":[{"id":33122,"href":"https:\/\/fushaco.com\/sq\/wp-json\/wp\/v2\/product\/29725\/revisions\/33122"}],"wp:featuredmedia":[{"embeddable":true,"href":"https:\/\/fushaco.com\/sq\/wp-json\/wp\/v2\/media\/29729"}],"wp:attachment":[{"href":"https:\/\/fushaco.com\/sq\/wp-json\/wp\/v2\/media?parent=29725"}],"wp:term":[{"taxonomy":"product_brand","embeddable":true,"href":"https:\/\/fushaco.com\/sq\/wp-json\/wp\/v2\/product_brand?post=29725"},{"taxonomy":"product_cat","embeddable":true,"href":"https:\/\/fushaco.com\/sq\/wp-json\/wp\/v2\/product_cat?post=29725"},{"taxonomy":"product_tag","embeddable":true,"href":"https:\/\/fushaco.com\/sq\/wp-json\/wp\/v2\/product_tag?post=29725"}],"curies":[{"name":"wp","href":"https:\/\/api.w.org\/{rel}","templated":true}]}}