{"id":29732,"date":"2025-10-06T13:19:27","date_gmt":"2025-10-06T13:19:27","guid":{"rendered":"https:\/\/fushaco.com\/?post_type=product&#038;p=29732"},"modified":"2026-02-19T21:41:56","modified_gmt":"2026-02-19T21:41:56","slug":"fush150","status":"publish","type":"product","link":"https:\/\/fushaco.com\/sq\/produkt\/fush150\/","title":{"rendered":"Paketime Bizhuterish &#8211; FUSH150"},"content":{"rendered":"<p>Dhurat\u00eb me stil dhe kuptim!\u00a0<br data-start=\"182\" data-end=\"185\" \/>Kjo <strong data-start=\"189\" data-end=\"206\">kuti elegante,<\/strong>perfekte p\u00ebr t\u00eb p\u00ebrcjell\u00eb urime t\u00eb ngrohta dhe emocione t\u00eb sinqerta.<br data-start=\"339\" data-end=\"342\" \/>E krijuar me detaje t\u00eb kujdesshme dhe material cil\u00ebsor, ajo \u00ebsht\u00eb ideale p\u00ebr paketimin e dhuratave si bizhuteri, arome, suvenire apo surpriza t\u00eb vogla me vler\u00eb sentimentale.<\/p>","protected":false},"excerpt":{"rendered":"<h3 data-start=\"524\" data-end=\"559\"><strong data-start=\"528\" data-end=\"557\">Karakteristikat kryesore:<\/strong><\/h3>\n<ul data-start=\"560\" data-end=\"996\">\n<li data-start=\"560\" data-end=\"610\">\n<p data-start=\"562\" data-end=\"610\"><strong data-start=\"565\" data-end=\"577\">P\u00ebrmasa:<\/strong> 13 cm gjer\u00ebsi \u00d7 8.5 cm lart\u00ebsi<\/p>\n<\/li>\n<li data-start=\"611\" data-end=\"678\">\n<p data-start=\"613\" data-end=\"678\"><strong data-start=\"616\" data-end=\"627\">Dizajn:<\/strong> Elegante me mbishkrimin \u201cBest Wishes\u201d<\/p>\n<\/li>\n<li data-start=\"742\" data-end=\"822\">\n<p data-start=\"744\" data-end=\"822\"><strong data-start=\"747\" data-end=\"761\">Materiali:<\/strong> Let\u00ebr e trash\u00eb dhe e p\u00ebrpunuar me tekstur\u00eb t\u00eb but\u00eb luksoze<\/p>\n<\/li>\n<li data-start=\"823\" data-end=\"927\">\n<p data-start=\"825\" data-end=\"927\"><strong data-start=\"828\" data-end=\"842\">P\u00ebrdorimi:<\/strong> Perfekte p\u00ebr dhurata t\u00eb vogla, bizhuteri, dit\u00eblindje, p\u00ebrvjetor\u00eb dhe raste festive<\/p>\n<\/li>\n<li data-start=\"928\" data-end=\"996\">\n<p data-start=\"930\" data-end=\"996\"><strong data-start=\"932\" data-end=\"942\">Stili:<\/strong> Minimalist, elegant dhe i p\u00ebrshtatsh\u00ebm p\u00ebr \u00e7do rast<\/p>\n<\/li>\n<\/ul>","protected":false},"featured_media":29733,"template":"","meta":[],"product_brand":[],"product_cat":[278],"product_tag":[],"class_list":{"0":"post-29732","1":"product","2":"type-product","3":"status-publish","4":"has-post-thumbnail","6":"product_cat-paketime","8":"first","9":"instock","10":"sale","11":"taxable","12":"shipping-taxable","13":"purchasable","14":"product-type-variable"},"group_of_quantity":0,"min_quantity":10,"max_quantity":"","exclude_order_quantity_value_rules":"no","exclude_category_quantity_rules":"no","combine_variations":"yes","jetpack_sharing_enabled":true,"_links":{"self":[{"href":"https:\/\/fushaco.com\/sq\/wp-json\/wp\/v2\/product\/29732","targetHints":{"allow":["GET"]}}],"collection":[{"href":"https:\/\/fushaco.com\/sq\/wp-json\/wp\/v2\/product"}],"about":[{"href":"https:\/\/fushaco.com\/sq\/wp-json\/wp\/v2\/types\/product"}],"version-history":[{"count":4,"href":"https:\/\/fushaco.com\/sq\/wp-json\/wp\/v2\/product\/29732\/revisions"}],"predecessor-version":[{"id":33121,"href":"https:\/\/fushaco.com\/sq\/wp-json\/wp\/v2\/product\/29732\/revisions\/33121"}],"wp:featuredmedia":[{"embeddable":true,"href":"https:\/\/fushaco.com\/sq\/wp-json\/wp\/v2\/media\/29733"}],"wp:attachment":[{"href":"https:\/\/fushaco.com\/sq\/wp-json\/wp\/v2\/media?parent=29732"}],"wp:term":[{"taxonomy":"product_brand","embeddable":true,"href":"https:\/\/fushaco.com\/sq\/wp-json\/wp\/v2\/product_brand?post=29732"},{"taxonomy":"product_cat","embeddable":true,"href":"https:\/\/fushaco.com\/sq\/wp-json\/wp\/v2\/product_cat?post=29732"},{"taxonomy":"product_tag","embeddable":true,"href":"https:\/\/fushaco.com\/sq\/wp-json\/wp\/v2\/product_tag?post=29732"}],"curies":[{"name":"wp","href":"https:\/\/api.w.org\/{rel}","templated":true}]}}