{"id":29753,"date":"2025-10-06T13:25:17","date_gmt":"2025-10-06T13:25:17","guid":{"rendered":"https:\/\/fushaco.com\/?post_type=product&#038;p=29753"},"modified":"2026-02-19T21:43:38","modified_gmt":"2026-02-19T21:43:38","slug":"fush154","status":"publish","type":"product","link":"https:\/\/fushaco.com\/sq\/produkt\/fush154\/","title":{"rendered":"Paketime Bizhuterish &#8211; FUSH154"},"content":{"rendered":"<p>Nj\u00eb m\u00ebnyr\u00eb e sofistikuar p\u00ebr t\u00eb shprehur dashurin\u00eb dhe kujdesin tuaj\u00a0<br data-start=\"256\" data-end=\"259\" \/>Kjo <strong data-start=\"263\" data-end=\"288\">kuti dhurate elegante<\/strong> me ngjyr\u00eb <strong data-start=\"299\" data-end=\"317\">blu mbret\u00ebrore<\/strong> dhe dekorim me tr\u00ebndafila t\u00eb kuq t\u00eb brendsh\u00ebm, \u00ebsht\u00eb zgjedhja perfekte p\u00ebr \u00e7do rast romantik apo fest\u00eb t\u00eb ve\u00e7ant\u00eb.<br data-start=\"432\" data-end=\"435\" \/>Dizajni minimalist me mbishkrimin <strong data-start=\"469\" data-end=\"479\">\u201cLOVE\u201d<\/strong> dhe detajet me zemra argjendi e b\u00ebjn\u00eb nj\u00eb dhurat\u00eb q\u00eb t\u00ebrheq v\u00ebmendje dhe ngroh zemr\u00ebn.<\/p>","protected":false},"excerpt":{"rendered":"<h3 data-start=\"575\" data-end=\"610\"><strong data-start=\"579\" data-end=\"608\">Karakteristikat kryesore:<\/strong><\/h3>\n<ul data-start=\"611\" data-end=\"1037\">\n<li data-start=\"611\" data-end=\"661\">\n<p data-start=\"613\" data-end=\"661\"><strong data-start=\"616\" data-end=\"628\">P\u00ebrmasa:<\/strong> 15 cm gjer\u00ebsi \u00d7 9.5 cm lart\u00ebsi<\/p>\n<\/li>\n<li data-start=\"662\" data-end=\"727\">\n<p data-start=\"664\" data-end=\"727\"><strong data-start=\"667\" data-end=\"682\">P\u00ebrmbajtja:<\/strong> 6 tr\u00ebndafila artificial\u00eb me pamje natyrale<\/p>\n<\/li>\n<li data-start=\"728\" data-end=\"790\">\n<p data-start=\"730\" data-end=\"790\"><strong data-start=\"733\" data-end=\"745\">Ngjyrat:<\/strong> Blu e err\u00ebt me tr\u00ebndafila t\u00eb kuq t\u00eb ndezur<\/p>\n<\/li>\n<li data-start=\"791\" data-end=\"881\">\n<p data-start=\"793\" data-end=\"881\"><strong data-start=\"796\" data-end=\"810\">Materiali:<\/strong> Let\u00ebr dhe karton cil\u00ebsor me dritare transparente n\u00eb pjes\u00ebn e sip\u00ebrme<\/p>\n<\/li>\n<li data-start=\"882\" data-end=\"982\">\n<p data-start=\"884\" data-end=\"982\"><strong data-start=\"887\" data-end=\"901\">P\u00ebrdorimi:<\/strong> Ideal p\u00ebr dhurata romantike, p\u00ebrvjetor\u00eb, Sh\u00ebn Valentin apo surpriza t\u00eb ve\u00e7anta<\/p>\n<\/li>\n<li data-start=\"983\" data-end=\"1037\">\n<p data-start=\"985\" data-end=\"1037\"><strong data-start=\"987\" data-end=\"997\">Stili:<\/strong> Elegant, modern dhe me prekje luksoze<\/p>\n<\/li>\n<\/ul>","protected":false},"featured_media":29754,"template":"","meta":[],"product_brand":[],"product_cat":[278],"product_tag":[],"class_list":{"0":"post-29753","1":"product","2":"type-product","3":"status-publish","4":"has-post-thumbnail","6":"product_cat-paketime","8":"first","9":"instock","10":"sale","11":"taxable","12":"shipping-taxable","13":"purchasable","14":"product-type-simple"},"group_of_quantity":0,"min_quantity":15,"max_quantity":"","exclude_order_quantity_value_rules":"no","exclude_category_quantity_rules":"no","combine_variations":"no","jetpack_sharing_enabled":true,"_links":{"self":[{"href":"https:\/\/fushaco.com\/sq\/wp-json\/wp\/v2\/product\/29753","targetHints":{"allow":["GET"]}}],"collection":[{"href":"https:\/\/fushaco.com\/sq\/wp-json\/wp\/v2\/product"}],"about":[{"href":"https:\/\/fushaco.com\/sq\/wp-json\/wp\/v2\/types\/product"}],"version-history":[{"count":5,"href":"https:\/\/fushaco.com\/sq\/wp-json\/wp\/v2\/product\/29753\/revisions"}],"predecessor-version":[{"id":33119,"href":"https:\/\/fushaco.com\/sq\/wp-json\/wp\/v2\/product\/29753\/revisions\/33119"}],"wp:featuredmedia":[{"embeddable":true,"href":"https:\/\/fushaco.com\/sq\/wp-json\/wp\/v2\/media\/29754"}],"wp:attachment":[{"href":"https:\/\/fushaco.com\/sq\/wp-json\/wp\/v2\/media?parent=29753"}],"wp:term":[{"taxonomy":"product_brand","embeddable":true,"href":"https:\/\/fushaco.com\/sq\/wp-json\/wp\/v2\/product_brand?post=29753"},{"taxonomy":"product_cat","embeddable":true,"href":"https:\/\/fushaco.com\/sq\/wp-json\/wp\/v2\/product_cat?post=29753"},{"taxonomy":"product_tag","embeddable":true,"href":"https:\/\/fushaco.com\/sq\/wp-json\/wp\/v2\/product_tag?post=29753"}],"curies":[{"name":"wp","href":"https:\/\/api.w.org\/{rel}","templated":true}]}}