{"id":29815,"date":"2025-10-06T13:54:03","date_gmt":"2025-10-06T13:54:03","guid":{"rendered":"https:\/\/fushaco.com\/?post_type=product&#038;p=29815"},"modified":"2026-02-19T21:43:28","modified_gmt":"2026-02-19T21:43:28","slug":"fush157","status":"publish","type":"product","link":"https:\/\/fushaco.com\/sq\/produkt\/fush157\/","title":{"rendered":"Paketime Bizhuterish &#8211; FUSH157"},"content":{"rendered":"<p data-start=\"135\" data-end=\"401\">Kuti elegante p\u00ebr bizhuteri me dizajn unik n\u00eb form\u00eb zemre t\u00eb ndar\u00eb.Ideale p\u00ebr dhurata romantike, p\u00ebr prezantimin e unazave, var\u00ebseve apo vath\u00ebve me stil.<\/p>\n<p data-start=\"403\" data-end=\"566\">E punuar nga material plastik i cil\u00ebsis\u00eb s\u00eb lart\u00eb me p\u00ebrfundim mat luksoz, kjo kuti ofron mbrojtje t\u00eb shk\u00eblqyer p\u00ebr bizhuterit\u00eb dhe nj\u00eb paraqitje t\u00eb sofistikuar.<\/p>","protected":false},"excerpt":{"rendered":"<h3 data-start=\"573\" data-end=\"597\"><strong data-start=\"577\" data-end=\"597\">Karakteristikat:<\/strong><\/h3>\n<ul data-start=\"598\" data-end=\"902\">\n<li data-start=\"666\" data-end=\"718\">\n<p data-start=\"668\" data-end=\"718\"><strong data-start=\"668\" data-end=\"682\">Materiali:<\/strong> Plastik\u00eb e fort\u00eb me p\u00ebrfundim mat<\/p>\n<\/li>\n<li data-start=\"719\" data-end=\"782\">\n<p data-start=\"721\" data-end=\"782\"><strong data-start=\"721\" data-end=\"735\">P\u00ebrdorimi:<\/strong> P\u00ebr unaza, var\u00ebse, vath\u00eb, dhurata p\u00ebr \u00e7iftet<\/p>\n<\/li>\n<li data-start=\"783\" data-end=\"855\">\n<p data-start=\"785\" data-end=\"855\"><strong data-start=\"785\" data-end=\"801\">Dimensionet:<\/strong> Praktike dhe t\u00eb p\u00ebrshtatshme p\u00ebr bizhuteri t\u00eb vogla<\/p>\n<\/li>\n<li data-start=\"856\" data-end=\"902\">\n<p data-start=\"858\" data-end=\"902\"><strong data-start=\"858\" data-end=\"868\">Stili:<\/strong> Minimalist, modern dhe simbolik<\/p>\n<\/li>\n<\/ul>","protected":false},"featured_media":29794,"template":"","meta":[],"product_brand":[],"product_cat":[278],"product_tag":[],"class_list":{"0":"post-29815","1":"product","2":"type-product","3":"status-publish","4":"has-post-thumbnail","6":"product_cat-paketime","8":"first","9":"instock","10":"sale","11":"taxable","12":"shipping-taxable","13":"purchasable","14":"product-type-variable"},"group_of_quantity":0,"min_quantity":5,"max_quantity":"","exclude_order_quantity_value_rules":"no","exclude_category_quantity_rules":"no","combine_variations":"yes","jetpack_sharing_enabled":true,"_links":{"self":[{"href":"https:\/\/fushaco.com\/sq\/wp-json\/wp\/v2\/product\/29815","targetHints":{"allow":["GET"]}}],"collection":[{"href":"https:\/\/fushaco.com\/sq\/wp-json\/wp\/v2\/product"}],"about":[{"href":"https:\/\/fushaco.com\/sq\/wp-json\/wp\/v2\/types\/product"}],"version-history":[{"count":4,"href":"https:\/\/fushaco.com\/sq\/wp-json\/wp\/v2\/product\/29815\/revisions"}],"predecessor-version":[{"id":33116,"href":"https:\/\/fushaco.com\/sq\/wp-json\/wp\/v2\/product\/29815\/revisions\/33116"}],"wp:featuredmedia":[{"embeddable":true,"href":"https:\/\/fushaco.com\/sq\/wp-json\/wp\/v2\/media\/29794"}],"wp:attachment":[{"href":"https:\/\/fushaco.com\/sq\/wp-json\/wp\/v2\/media?parent=29815"}],"wp:term":[{"taxonomy":"product_brand","embeddable":true,"href":"https:\/\/fushaco.com\/sq\/wp-json\/wp\/v2\/product_brand?post=29815"},{"taxonomy":"product_cat","embeddable":true,"href":"https:\/\/fushaco.com\/sq\/wp-json\/wp\/v2\/product_cat?post=29815"},{"taxonomy":"product_tag","embeddable":true,"href":"https:\/\/fushaco.com\/sq\/wp-json\/wp\/v2\/product_tag?post=29815"}],"curies":[{"name":"wp","href":"https:\/\/api.w.org\/{rel}","templated":true}]}}