{"id":29821,"date":"2025-10-06T13:58:54","date_gmt":"2025-10-06T13:58:54","guid":{"rendered":"https:\/\/fushaco.com\/?post_type=product&#038;p=29821"},"modified":"2026-02-19T21:43:23","modified_gmt":"2026-02-19T21:43:23","slug":"fush160","status":"publish","type":"product","link":"https:\/\/fushaco.com\/sq\/produkt\/fush160\/","title":{"rendered":"Paketime Bizhuterish &#8211; FUSH160"},"content":{"rendered":"<p data-start=\"170\" data-end=\"451\">Nj\u00eb <strong data-start=\"203\" data-end=\"240\">kuti dhurate elegante dhe moderne<\/strong>, e p\u00ebrkryer p\u00ebr t\u00eb shprehur dashuri, kujdes dhe ndjenja t\u00eb thella. Me dizajn luksoz dhe mbishkrimin \u201cEverlasting Love\u201d, kjo kuti \u00ebsht\u00eb simbol i dashuris\u00eb q\u00eb nuk zbehet kurr\u00eb.<\/p>","protected":false},"excerpt":{"rendered":"<p data-start=\"1035\" data-end=\"1060\"><strong data-start=\"1038\" data-end=\"1058\">Karakteristikat:<\/strong><\/p>\n<ul data-start=\"1061\" data-end=\"1398\">\n<li data-start=\"1129\" data-end=\"1191\">\n<p data-start=\"1131\" data-end=\"1145\"><strong data-start=\"1131\" data-end=\"1143\">P\u00ebrmasa:<\/strong><\/p>\n<ul data-start=\"1148\" data-end=\"1191\">\n<li data-start=\"1148\" data-end=\"1167\">\n<p data-start=\"1150\" data-end=\"1167\">Gjer\u00ebsia: 10 cm<\/p>\n<\/li>\n<li data-start=\"1170\" data-end=\"1191\">\n<p data-start=\"1172\" data-end=\"1191\">Lart\u00ebsia: 11.5 cm<\/p>\n<\/li>\n<\/ul>\n<\/li>\n<li data-start=\"1192\" data-end=\"1251\">\n<p data-start=\"1194\" data-end=\"1251\"><strong data-start=\"1194\" data-end=\"1208\">Materiali:<\/strong> Karton cil\u00ebsor dhe plastik\u00eb transparente<\/p>\n<\/li>\n<li data-start=\"1252\" data-end=\"1338\">\n<p data-start=\"1254\" data-end=\"1338\"><strong data-start=\"1254\" data-end=\"1265\">Dizajn:<\/strong> Kuti cilindrike me kupol\u00eb mbrojt\u00ebse dhe mbishkrimin \u201cEverlasting Love\u201d<\/p>\n<\/li>\n<\/ul>","protected":false},"featured_media":29799,"template":"","meta":[],"product_brand":[],"product_cat":[278],"product_tag":[],"class_list":{"0":"post-29821","1":"product","2":"type-product","3":"status-publish","4":"has-post-thumbnail","6":"product_cat-paketime","8":"first","9":"instock","10":"sale","11":"taxable","12":"shipping-taxable","13":"purchasable","14":"product-type-variable"},"group_of_quantity":0,"min_quantity":15,"max_quantity":"","exclude_order_quantity_value_rules":"no","exclude_category_quantity_rules":"no","combine_variations":"yes","jetpack_sharing_enabled":true,"_links":{"self":[{"href":"https:\/\/fushaco.com\/sq\/wp-json\/wp\/v2\/product\/29821","targetHints":{"allow":["GET"]}}],"collection":[{"href":"https:\/\/fushaco.com\/sq\/wp-json\/wp\/v2\/product"}],"about":[{"href":"https:\/\/fushaco.com\/sq\/wp-json\/wp\/v2\/types\/product"}],"version-history":[{"count":4,"href":"https:\/\/fushaco.com\/sq\/wp-json\/wp\/v2\/product\/29821\/revisions"}],"predecessor-version":[{"id":33114,"href":"https:\/\/fushaco.com\/sq\/wp-json\/wp\/v2\/product\/29821\/revisions\/33114"}],"wp:featuredmedia":[{"embeddable":true,"href":"https:\/\/fushaco.com\/sq\/wp-json\/wp\/v2\/media\/29799"}],"wp:attachment":[{"href":"https:\/\/fushaco.com\/sq\/wp-json\/wp\/v2\/media?parent=29821"}],"wp:term":[{"taxonomy":"product_brand","embeddable":true,"href":"https:\/\/fushaco.com\/sq\/wp-json\/wp\/v2\/product_brand?post=29821"},{"taxonomy":"product_cat","embeddable":true,"href":"https:\/\/fushaco.com\/sq\/wp-json\/wp\/v2\/product_cat?post=29821"},{"taxonomy":"product_tag","embeddable":true,"href":"https:\/\/fushaco.com\/sq\/wp-json\/wp\/v2\/product_tag?post=29821"}],"curies":[{"name":"wp","href":"https:\/\/api.w.org\/{rel}","templated":true}]}}