{"id":29831,"date":"2025-10-06T14:02:39","date_gmt":"2025-10-06T14:02:39","guid":{"rendered":"https:\/\/fushaco.com\/?post_type=product&#038;p=29831"},"modified":"2026-02-19T21:41:52","modified_gmt":"2026-02-19T21:41:52","slug":"fush161","status":"publish","type":"product","link":"https:\/\/fushaco.com\/sq\/produkt\/fush161\/","title":{"rendered":"Paketime Bizhuterish &#8211; FUSH161"},"content":{"rendered":"<p data-start=\"154\" data-end=\"439\">Nj\u00eb <strong data-start=\"187\" data-end=\"226\">kuti dhurate elegante dhe romantike<\/strong>, e zbukuruar me <strong data-start=\"243\" data-end=\"275\">tr\u00ebndafila t\u00eb kuq dekorativ\u00eb<\/strong> rreth e rrotull dhe hap\u00ebsir\u00eb t\u00eb brendshme p\u00ebr dhurat\u00ebn tuaj t\u00eb ve\u00e7ant\u00eb. Ideale p\u00ebr <strong data-start=\"359\" data-end=\"432\">bizhuteri, unaza,parfume apo surpriza t\u00eb vogla dashurie.<\/strong><\/p>","protected":false},"excerpt":{"rendered":"<p data-start=\"1077\" data-end=\"1102\"><strong data-start=\"1080\" data-end=\"1100\">Karakteristikat:<\/strong><\/p>\n<ul data-start=\"1103\" data-end=\"1395\">\n<li data-start=\"1137\" data-end=\"1170\">\n<p data-start=\"1139\" data-end=\"1170\"><strong data-start=\"1139\" data-end=\"1150\">Ngjyra:<\/strong> E kuqe pasionante<\/p>\n<\/li>\n<li data-start=\"1171\" data-end=\"1231\">\n<p data-start=\"1173\" data-end=\"1187\"><strong data-start=\"1173\" data-end=\"1185\">P\u00ebrmasa:<\/strong><\/p>\n<ul data-start=\"1190\" data-end=\"1231\">\n<li data-start=\"1190\" data-end=\"1209\">\n<p data-start=\"1192\" data-end=\"1209\">Gjer\u00ebsia: 15 cm<\/p>\n<\/li>\n<li data-start=\"1212\" data-end=\"1231\">\n<p data-start=\"1214\" data-end=\"1231\">Lart\u00ebsia: 15 cm<\/p>\n<\/li>\n<\/ul>\n<\/li>\n<li data-start=\"1232\" data-end=\"1302\">\n<p data-start=\"1234\" data-end=\"1302\"><strong data-start=\"1234\" data-end=\"1248\">Materiali:<\/strong> Karton premium me tr\u00ebndafila artificial\u00eb dekorativ\u00eb<\/p>\n<\/li>\n<li data-start=\"1303\" data-end=\"1352\">\n<p data-start=\"1305\" data-end=\"1352\"><strong data-start=\"1305\" data-end=\"1316\">Dizajn:<\/strong> Kuti katrore me kapak transparent<\/p>\n<\/li>\n<li data-start=\"1353\" data-end=\"1395\">\n<p data-start=\"1355\" data-end=\"1395\"><strong data-start=\"1355\" data-end=\"1364\">Stil:<\/strong> Romantik, elegant dhe modern<\/p>\n<\/li>\n<\/ul>","protected":false},"featured_media":29828,"template":"","meta":[],"product_brand":[],"product_cat":[278],"product_tag":[],"class_list":{"0":"post-29831","1":"product","2":"type-product","3":"status-publish","4":"has-post-thumbnail","6":"product_cat-paketime","8":"first","9":"instock","10":"sale","11":"taxable","12":"shipping-taxable","13":"purchasable","14":"product-type-simple"},"group_of_quantity":0,"min_quantity":5,"max_quantity":"","exclude_order_quantity_value_rules":"no","exclude_category_quantity_rules":"no","combine_variations":"no","jetpack_sharing_enabled":true,"_links":{"self":[{"href":"https:\/\/fushaco.com\/sq\/wp-json\/wp\/v2\/product\/29831","targetHints":{"allow":["GET"]}}],"collection":[{"href":"https:\/\/fushaco.com\/sq\/wp-json\/wp\/v2\/product"}],"about":[{"href":"https:\/\/fushaco.com\/sq\/wp-json\/wp\/v2\/types\/product"}],"version-history":[{"count":4,"href":"https:\/\/fushaco.com\/sq\/wp-json\/wp\/v2\/product\/29831\/revisions"}],"predecessor-version":[{"id":33113,"href":"https:\/\/fushaco.com\/sq\/wp-json\/wp\/v2\/product\/29831\/revisions\/33113"}],"wp:featuredmedia":[{"embeddable":true,"href":"https:\/\/fushaco.com\/sq\/wp-json\/wp\/v2\/media\/29828"}],"wp:attachment":[{"href":"https:\/\/fushaco.com\/sq\/wp-json\/wp\/v2\/media?parent=29831"}],"wp:term":[{"taxonomy":"product_brand","embeddable":true,"href":"https:\/\/fushaco.com\/sq\/wp-json\/wp\/v2\/product_brand?post=29831"},{"taxonomy":"product_cat","embeddable":true,"href":"https:\/\/fushaco.com\/sq\/wp-json\/wp\/v2\/product_cat?post=29831"},{"taxonomy":"product_tag","embeddable":true,"href":"https:\/\/fushaco.com\/sq\/wp-json\/wp\/v2\/product_tag?post=29831"}],"curies":[{"name":"wp","href":"https:\/\/api.w.org\/{rel}","templated":true}]}}