{"id":29833,"date":"2025-10-06T14:04:38","date_gmt":"2025-10-06T14:04:38","guid":{"rendered":"https:\/\/fushaco.com\/?post_type=product&#038;p=29833"},"modified":"2026-02-19T21:45:35","modified_gmt":"2026-02-19T21:45:35","slug":"fush162","status":"publish","type":"product","link":"https:\/\/fushaco.com\/sq\/produkt\/fush162\/","title":{"rendered":"Paketime Bizhuterish &#8211; FUSH162"},"content":{"rendered":"<p data-start=\"148\" data-end=\"414\">Nj\u00eb <strong data-start=\"181\" data-end=\"220\">kuti dhurate elegante dhe romantike<\/strong>, me <strong data-start=\"225\" data-end=\"257\">tr\u00ebndafila t\u00eb kuq dekorativ\u00eb<\/strong> dhe fjongo luksoze me mbishkrimin <strong data-start=\"292\" data-end=\"310\">\u201cJust for you\u201d<\/strong>. Ideale p\u00ebr t\u00eb shprehur dashurin\u00eb, mir\u00ebnjohjen apo urimet m\u00eb t\u00eb sinqerta n\u00eb \u00e7do rast t\u00eb ve\u00e7ant\u00eb.<\/p>","protected":false},"excerpt":{"rendered":"<p data-start=\"911\" data-end=\"936\"><strong data-start=\"914\" data-end=\"934\">Karakteristikat:<\/strong><\/p>\n<ul data-start=\"937\" data-end=\"1243\">\n<li data-start=\"1008\" data-end=\"1068\">\n<p data-start=\"1010\" data-end=\"1024\"><strong data-start=\"1010\" data-end=\"1022\">P\u00ebrmasa:<\/strong><\/p>\n<ul data-start=\"1027\" data-end=\"1068\">\n<li data-start=\"1027\" data-end=\"1046\">\n<p data-start=\"1029\" data-end=\"1046\">Gjer\u00ebsia: 12 cm<\/p>\n<\/li>\n<li data-start=\"1049\" data-end=\"1068\">\n<p data-start=\"1051\" data-end=\"1068\">Lart\u00ebsia: 12 cm<\/p>\n<\/li>\n<\/ul>\n<\/li>\n<li data-start=\"1069\" data-end=\"1128\">\n<p data-start=\"1071\" data-end=\"1128\"><strong data-start=\"1071\" data-end=\"1085\">Materiali:<\/strong> Karton cil\u00ebsor dhe tr\u00ebndafila dekorativ\u00eb<\/p>\n<\/li>\n<li data-start=\"1129\" data-end=\"1192\">\n<p data-start=\"1131\" data-end=\"1192\"><strong data-start=\"1131\" data-end=\"1142\">Dizajn:<\/strong> Rrethor me kapak transparent dhe fjongo luksoze<\/p>\n<\/li>\n<li data-start=\"1193\" data-end=\"1243\">\n<p data-start=\"1195\" data-end=\"1243\"><strong data-start=\"1195\" data-end=\"1210\">Mbishkrime:<\/strong> \u201cBest Wishes\u201d &amp; \u201cJust for you\u201d<\/p>\n<\/li>\n<\/ul>","protected":false},"featured_media":29834,"template":"","meta":[],"product_brand":[],"product_cat":[278],"product_tag":[],"class_list":{"0":"post-29833","1":"product","2":"type-product","3":"status-publish","4":"has-post-thumbnail","6":"product_cat-paketime","8":"first","9":"instock","10":"sale","11":"taxable","12":"shipping-taxable","13":"purchasable","14":"product-type-variable"},"group_of_quantity":0,"min_quantity":15,"max_quantity":"","exclude_order_quantity_value_rules":"no","exclude_category_quantity_rules":"no","combine_variations":"yes","jetpack_sharing_enabled":true,"_links":{"self":[{"href":"https:\/\/fushaco.com\/sq\/wp-json\/wp\/v2\/product\/29833","targetHints":{"allow":["GET"]}}],"collection":[{"href":"https:\/\/fushaco.com\/sq\/wp-json\/wp\/v2\/product"}],"about":[{"href":"https:\/\/fushaco.com\/sq\/wp-json\/wp\/v2\/types\/product"}],"version-history":[{"count":4,"href":"https:\/\/fushaco.com\/sq\/wp-json\/wp\/v2\/product\/29833\/revisions"}],"predecessor-version":[{"id":33112,"href":"https:\/\/fushaco.com\/sq\/wp-json\/wp\/v2\/product\/29833\/revisions\/33112"}],"wp:featuredmedia":[{"embeddable":true,"href":"https:\/\/fushaco.com\/sq\/wp-json\/wp\/v2\/media\/29834"}],"wp:attachment":[{"href":"https:\/\/fushaco.com\/sq\/wp-json\/wp\/v2\/media?parent=29833"}],"wp:term":[{"taxonomy":"product_brand","embeddable":true,"href":"https:\/\/fushaco.com\/sq\/wp-json\/wp\/v2\/product_brand?post=29833"},{"taxonomy":"product_cat","embeddable":true,"href":"https:\/\/fushaco.com\/sq\/wp-json\/wp\/v2\/product_cat?post=29833"},{"taxonomy":"product_tag","embeddable":true,"href":"https:\/\/fushaco.com\/sq\/wp-json\/wp\/v2\/product_tag?post=29833"}],"curies":[{"name":"wp","href":"https:\/\/api.w.org\/{rel}","templated":true}]}}