{"id":29843,"date":"2025-10-06T14:09:17","date_gmt":"2025-10-06T14:09:17","guid":{"rendered":"https:\/\/fushaco.com\/?post_type=product&#038;p=29843"},"modified":"2026-02-19T21:45:31","modified_gmt":"2026-02-19T21:45:31","slug":"fush163","status":"publish","type":"product","link":"https:\/\/fushaco.com\/sq\/produkt\/fush163\/","title":{"rendered":"Paketime Bizhuterish &#8211; FUSH163"},"content":{"rendered":"<p data-start=\"154\" data-end=\"414\">Nj\u00eb <strong data-start=\"187\" data-end=\"226\">kuti dhurate elegante dhe romantike<\/strong>, me dizajn luksoz dhe zem\u00ebr t\u00eb art\u00eb q\u00eb mban mbishkrimin \u201cEverlasting Love\u201d. Perfekte p\u00ebr t\u00eb ruajtur <strong data-start=\"334\" data-end=\"407\">bizhuteri,unaza apo dhurata t\u00eb vogla me vler\u00eb emocionale<\/strong>.<\/p>","protected":false},"excerpt":{"rendered":"<p data-start=\"1022\" data-end=\"1047\"><strong data-start=\"1025\" data-end=\"1045\">Karakteristikat:<\/strong><\/p>\n<ul data-start=\"1048\" data-end=\"1364\">\n<li data-start=\"1136\" data-end=\"1200\">\n<p data-start=\"1138\" data-end=\"1152\"><strong data-start=\"1138\" data-end=\"1150\">P\u00ebrmasa:<\/strong><\/p>\n<ul data-start=\"1155\" data-end=\"1200\">\n<li data-start=\"1155\" data-end=\"1176\">\n<p data-start=\"1157\" data-end=\"1176\">Gjer\u00ebsia: 11.5 cm<\/p>\n<\/li>\n<li data-start=\"1179\" data-end=\"1200\">\n<p data-start=\"1181\" data-end=\"1200\">Lart\u00ebsia: 11.5 cm<\/p>\n<\/li>\n<\/ul>\n<\/li>\n<li data-start=\"1201\" data-end=\"1246\">\n<p data-start=\"1203\" data-end=\"1246\"><strong data-start=\"1203\" data-end=\"1217\">Materiali:<\/strong> Karton premium dhe i fort\u00eb<\/p>\n<\/li>\n<li data-start=\"1247\" data-end=\"1311\">\n<p data-start=\"1249\" data-end=\"1311\"><strong data-start=\"1249\" data-end=\"1260\">Dizajn:<\/strong> Zem\u00ebr metalike me mbishkrimin \u201cEverlasting Love\u201d<\/p>\n<\/li>\n<li data-start=\"1312\" data-end=\"1364\">\n<p data-start=\"1314\" data-end=\"1364\"><strong data-start=\"1314\" data-end=\"1326\">Mbyllje:<\/strong> Magnetike me detaj dekorativ posht\u00eb<\/p>\n<\/li>\n<\/ul>","protected":false},"featured_media":29847,"template":"","meta":[],"product_brand":[],"product_cat":[278],"product_tag":[],"class_list":{"0":"post-29843","1":"product","2":"type-product","3":"status-publish","4":"has-post-thumbnail","6":"product_cat-paketime","8":"first","9":"instock","10":"sale","11":"taxable","12":"shipping-taxable","13":"purchasable","14":"product-type-variable"},"group_of_quantity":0,"min_quantity":10,"max_quantity":"","exclude_order_quantity_value_rules":"no","exclude_category_quantity_rules":"no","combine_variations":"yes","jetpack_sharing_enabled":true,"_links":{"self":[{"href":"https:\/\/fushaco.com\/sq\/wp-json\/wp\/v2\/product\/29843","targetHints":{"allow":["GET"]}}],"collection":[{"href":"https:\/\/fushaco.com\/sq\/wp-json\/wp\/v2\/product"}],"about":[{"href":"https:\/\/fushaco.com\/sq\/wp-json\/wp\/v2\/types\/product"}],"version-history":[{"count":4,"href":"https:\/\/fushaco.com\/sq\/wp-json\/wp\/v2\/product\/29843\/revisions"}],"predecessor-version":[{"id":33111,"href":"https:\/\/fushaco.com\/sq\/wp-json\/wp\/v2\/product\/29843\/revisions\/33111"}],"wp:featuredmedia":[{"embeddable":true,"href":"https:\/\/fushaco.com\/sq\/wp-json\/wp\/v2\/media\/29847"}],"wp:attachment":[{"href":"https:\/\/fushaco.com\/sq\/wp-json\/wp\/v2\/media?parent=29843"}],"wp:term":[{"taxonomy":"product_brand","embeddable":true,"href":"https:\/\/fushaco.com\/sq\/wp-json\/wp\/v2\/product_brand?post=29843"},{"taxonomy":"product_cat","embeddable":true,"href":"https:\/\/fushaco.com\/sq\/wp-json\/wp\/v2\/product_cat?post=29843"},{"taxonomy":"product_tag","embeddable":true,"href":"https:\/\/fushaco.com\/sq\/wp-json\/wp\/v2\/product_tag?post=29843"}],"curies":[{"name":"wp","href":"https:\/\/api.w.org\/{rel}","templated":true}]}}