{"id":29857,"date":"2025-10-06T14:10:37","date_gmt":"2025-10-06T14:10:37","guid":{"rendered":"https:\/\/fushaco.com\/?post_type=product&#038;p=29857"},"modified":"2026-02-19T21:45:26","modified_gmt":"2026-02-19T21:45:26","slug":"fush164","status":"publish","type":"product","link":"https:\/\/fushaco.com\/sq\/produkt\/fush164\/","title":{"rendered":"Paketime Bizhuterish &#8211; FUSH164"},"content":{"rendered":"<p data-start=\"160\" data-end=\"425\">Nj\u00eb <strong data-start=\"193\" data-end=\"232\">kuti dhurate romantike dhe elegante<\/strong>, me dizajn pasionant dhe detaje zemrash q\u00eb simbolizojn\u00eb dashurin\u00eb e p\u00ebrjetshme. Ideale p\u00ebr t\u00eb <strong data-start=\"334\" data-end=\"418\">p\u00ebrmbajtur bizhuteri, tr\u00ebndafila, unaza apo dhurata t\u00eb vogla me vler\u00eb emocionale<\/strong>.<\/p>","protected":false},"excerpt":{"rendered":"<p data-start=\"1070\" data-end=\"1095\"><strong data-start=\"1073\" data-end=\"1093\">Karakteristikat:<\/strong><\/p>\n<ul data-start=\"1096\" data-end=\"1402\">\n<li data-start=\"1164\" data-end=\"1224\">\n<p data-start=\"1166\" data-end=\"1180\"><strong data-start=\"1166\" data-end=\"1178\">P\u00ebrmasa:<\/strong><\/p>\n<ul data-start=\"1183\" data-end=\"1224\">\n<li data-start=\"1183\" data-end=\"1202\">\n<p data-start=\"1185\" data-end=\"1202\">Gjer\u00ebsia: 15 cm<\/p>\n<\/li>\n<li data-start=\"1205\" data-end=\"1224\">\n<p data-start=\"1207\" data-end=\"1224\">Lart\u00ebsia: 15 cm<\/p>\n<\/li>\n<\/ul>\n<\/li>\n<li data-start=\"1225\" data-end=\"1305\">\n<p data-start=\"1227\" data-end=\"1305\"><strong data-start=\"1227\" data-end=\"1238\">Dizajn:<\/strong> Zemra t\u00eb gdhendura me efekt 3D dhe mbishkrimi \u201cEverlasting Love\u201d<\/p>\n<\/li>\n<li data-start=\"1306\" data-end=\"1359\">\n<p data-start=\"1308\" data-end=\"1359\"><strong data-start=\"1308\" data-end=\"1322\">Materiali:<\/strong> Karton premium me mbyllje t\u00eb fort\u00eb<\/p>\n<\/li>\n<li data-start=\"1360\" data-end=\"1402\">\n<p data-start=\"1362\" data-end=\"1402\"><strong data-start=\"1362\" data-end=\"1371\">Stil:<\/strong> Elegant, romantik dhe modern<\/p>\n<\/li>\n<\/ul>","protected":false},"featured_media":29858,"template":"","meta":[],"product_brand":[],"product_cat":[278],"product_tag":[],"class_list":{"0":"post-29857","1":"product","2":"type-product","3":"status-publish","4":"has-post-thumbnail","6":"product_cat-paketime","8":"first","9":"instock","10":"sale","11":"taxable","12":"shipping-taxable","13":"purchasable","14":"product-type-variable"},"group_of_quantity":0,"min_quantity":5,"max_quantity":"","exclude_order_quantity_value_rules":"no","exclude_category_quantity_rules":"no","combine_variations":"yes","jetpack_sharing_enabled":true,"_links":{"self":[{"href":"https:\/\/fushaco.com\/sq\/wp-json\/wp\/v2\/product\/29857","targetHints":{"allow":["GET"]}}],"collection":[{"href":"https:\/\/fushaco.com\/sq\/wp-json\/wp\/v2\/product"}],"about":[{"href":"https:\/\/fushaco.com\/sq\/wp-json\/wp\/v2\/types\/product"}],"version-history":[{"count":4,"href":"https:\/\/fushaco.com\/sq\/wp-json\/wp\/v2\/product\/29857\/revisions"}],"predecessor-version":[{"id":33110,"href":"https:\/\/fushaco.com\/sq\/wp-json\/wp\/v2\/product\/29857\/revisions\/33110"}],"wp:featuredmedia":[{"embeddable":true,"href":"https:\/\/fushaco.com\/sq\/wp-json\/wp\/v2\/media\/29858"}],"wp:attachment":[{"href":"https:\/\/fushaco.com\/sq\/wp-json\/wp\/v2\/media?parent=29857"}],"wp:term":[{"taxonomy":"product_brand","embeddable":true,"href":"https:\/\/fushaco.com\/sq\/wp-json\/wp\/v2\/product_brand?post=29857"},{"taxonomy":"product_cat","embeddable":true,"href":"https:\/\/fushaco.com\/sq\/wp-json\/wp\/v2\/product_cat?post=29857"},{"taxonomy":"product_tag","embeddable":true,"href":"https:\/\/fushaco.com\/sq\/wp-json\/wp\/v2\/product_tag?post=29857"}],"curies":[{"name":"wp","href":"https:\/\/api.w.org\/{rel}","templated":true}]}}