{"id":29892,"date":"2025-10-06T14:20:48","date_gmt":"2025-10-06T14:20:48","guid":{"rendered":"https:\/\/fushaco.com\/?post_type=product&#038;p=29892"},"modified":"2026-02-19T21:42:29","modified_gmt":"2026-02-19T21:42:29","slug":"fush167","status":"publish","type":"product","link":"https:\/\/fushaco.com\/sq\/produkt\/fush167\/","title":{"rendered":"Paketime Bizhuterish &#8211; FUSH167"},"content":{"rendered":"<p data-start=\"187\" data-end=\"456\">Nj\u00eb <strong data-start=\"220\" data-end=\"259\">kuti dhurate elegante dhe romantike<\/strong> me dizajn t\u00eb ve\u00e7ant\u00eb \u201cEverlasting Love\u201d, perfekte p\u00ebr t\u00eb shprehur dashurin\u00eb tuaj me stil. Ideale p\u00ebr <strong data-start=\"361\" data-end=\"418\">bizhuteri, tr\u00ebndafila, aksesor\u00eb ose dhurata simbolike<\/strong> q\u00eb mbartin emocion t\u00eb v\u00ebrtet\u00eb.<\/p>","protected":false},"excerpt":{"rendered":"<p data-start=\"1052\" data-end=\"1077\"><strong data-start=\"1055\" data-end=\"1075\">Karakteristikat:<\/strong><\/p>\n<ul data-start=\"1078\" data-end=\"1386\">\n<li data-start=\"1112\" data-end=\"1152\">\n<p data-start=\"1114\" data-end=\"1152\"><strong data-start=\"1114\" data-end=\"1125\">Ngjyra:<\/strong> E kuqe me detaje t\u00eb arta<\/p>\n<\/li>\n<li data-start=\"1153\" data-end=\"1215\">\n<p data-start=\"1155\" data-end=\"1169\"><strong data-start=\"1155\" data-end=\"1167\">P\u00ebrmasa:<\/strong><\/p>\n<ul data-start=\"1172\" data-end=\"1215\">\n<li data-start=\"1172\" data-end=\"1193\">\n<p data-start=\"1174\" data-end=\"1193\">Gjer\u00ebsia: 10.5 cm<\/p>\n<\/li>\n<li data-start=\"1196\" data-end=\"1215\">\n<p data-start=\"1198\" data-end=\"1215\">Lart\u00ebsia: 11 cm<\/p>\n<\/li>\n<\/ul>\n<\/li>\n<li data-start=\"1216\" data-end=\"1299\">\n<p data-start=\"1218\" data-end=\"1299\"><strong data-start=\"1218\" data-end=\"1229\">Dizajn:<\/strong> Zemra t\u00eb arta dhe pllak\u00eb metalike me mbishkrimin \u201cEverlasting Love\u201d<\/p>\n<\/li>\n<li data-start=\"1300\" data-end=\"1351\">\n<p data-start=\"1302\" data-end=\"1351\"><strong data-start=\"1302\" data-end=\"1316\">Materiali:<\/strong> Karton premium &amp; metal dekorativ<\/p>\n<\/li>\n<li data-start=\"1352\" data-end=\"1386\">\n<p data-start=\"1354\" data-end=\"1386\"><strong data-start=\"1354\" data-end=\"1384\">Mbyllje magnetike elegante<\/strong><\/p>\n<\/li>\n<\/ul>","protected":false},"featured_media":29886,"template":"","meta":[],"product_brand":[],"product_cat":[278],"product_tag":[],"class_list":{"0":"post-29892","1":"product","2":"type-product","3":"status-publish","4":"has-post-thumbnail","6":"product_cat-paketime","8":"first","9":"instock","10":"sale","11":"taxable","12":"shipping-taxable","13":"purchasable","14":"product-type-simple"},"group_of_quantity":0,"min_quantity":5,"max_quantity":"","exclude_order_quantity_value_rules":"no","exclude_category_quantity_rules":"no","combine_variations":"no","jetpack_sharing_enabled":true,"_links":{"self":[{"href":"https:\/\/fushaco.com\/sq\/wp-json\/wp\/v2\/product\/29892","targetHints":{"allow":["GET"]}}],"collection":[{"href":"https:\/\/fushaco.com\/sq\/wp-json\/wp\/v2\/product"}],"about":[{"href":"https:\/\/fushaco.com\/sq\/wp-json\/wp\/v2\/types\/product"}],"version-history":[{"count":4,"href":"https:\/\/fushaco.com\/sq\/wp-json\/wp\/v2\/product\/29892\/revisions"}],"predecessor-version":[{"id":33096,"href":"https:\/\/fushaco.com\/sq\/wp-json\/wp\/v2\/product\/29892\/revisions\/33096"}],"wp:featuredmedia":[{"embeddable":true,"href":"https:\/\/fushaco.com\/sq\/wp-json\/wp\/v2\/media\/29886"}],"wp:attachment":[{"href":"https:\/\/fushaco.com\/sq\/wp-json\/wp\/v2\/media?parent=29892"}],"wp:term":[{"taxonomy":"product_brand","embeddable":true,"href":"https:\/\/fushaco.com\/sq\/wp-json\/wp\/v2\/product_brand?post=29892"},{"taxonomy":"product_cat","embeddable":true,"href":"https:\/\/fushaco.com\/sq\/wp-json\/wp\/v2\/product_cat?post=29892"},{"taxonomy":"product_tag","embeddable":true,"href":"https:\/\/fushaco.com\/sq\/wp-json\/wp\/v2\/product_tag?post=29892"}],"curies":[{"name":"wp","href":"https:\/\/api.w.org\/{rel}","templated":true}]}}