{"id":29894,"date":"2025-10-06T14:23:08","date_gmt":"2025-10-06T14:23:08","guid":{"rendered":"https:\/\/fushaco.com\/?post_type=product&#038;p=29894"},"modified":"2026-02-19T21:45:18","modified_gmt":"2026-02-19T21:45:18","slug":"fush190","status":"publish","type":"product","link":"https:\/\/fushaco.com\/sq\/produkt\/fush190\/","title":{"rendered":"Paketime Bizhuterish &#8211; FUSH190"},"content":{"rendered":"<p data-start=\"191\" data-end=\"483\">Nj\u00eb <strong data-start=\"224\" data-end=\"248\">kuti dhurate luksoze<\/strong> n\u00eb form\u00eb diamanti, e mbushur me <strong data-start=\"281\" data-end=\"314\">tr\u00ebndafila t\u00eb kuq artificial\u00eb<\/strong> . E p\u00ebrsosur p\u00ebr <strong data-start=\"381\" data-end=\"440\">propozime, p\u00ebrvjetor\u00eb, dit\u00eblindje apo momente romantike<\/strong> q\u00eb duan t\u00eb mbahen mend p\u00ebrjet\u00ebsisht.<\/p>","protected":false},"excerpt":{"rendered":"<p data-start=\"1135\" data-end=\"1160\"><strong data-start=\"1138\" data-end=\"1158\">Karakteristikat:<\/strong><\/p>\n<ul data-start=\"1161\" data-end=\"1510\">\n<li data-start=\"1195\" data-end=\"1250\">\n<p data-start=\"1197\" data-end=\"1250\"><strong data-start=\"1197\" data-end=\"1208\">Ngjyra:<\/strong> E kuqe &amp; transparente me fjongo t\u00eb zez\u00eb<\/p>\n<\/li>\n<li data-start=\"1251\" data-end=\"1274\">\n<p data-start=\"1253\" data-end=\"1274\"><strong data-start=\"1253\" data-end=\"1266\">Lart\u00ebsia:<\/strong> 14 cm<\/p>\n<\/li>\n<li data-start=\"1275\" data-end=\"1298\">\n<p data-start=\"1277\" data-end=\"1298\"><strong data-start=\"1277\" data-end=\"1290\">Gjer\u00ebsia:<\/strong> 10 cm<\/p>\n<\/li>\n<li data-start=\"1299\" data-end=\"1329\">\n<p data-start=\"1301\" data-end=\"1329\"><strong data-start=\"1301\" data-end=\"1311\">Forma:<\/strong> Diamant elegant<\/p>\n<\/li>\n<li data-start=\"1330\" data-end=\"1401\">\n<p data-start=\"1332\" data-end=\"1401\"><strong data-start=\"1332\" data-end=\"1347\">P\u00ebrmbajtja:<\/strong> 6 tr\u00ebndafila artificial\u00eb + unaz\u00eb<\/p>\n<\/li>\n<li data-start=\"1402\" data-end=\"1469\">\n<p data-start=\"1404\" data-end=\"1469\"><strong data-start=\"1404\" data-end=\"1418\">Materiali:<\/strong> Plastik\u00eb cil\u00ebsore, e q\u00ebndrueshme dhe me shk\u00eblqim<\/p>\n<\/li>\n<li data-start=\"1470\" data-end=\"1510\">\n<p data-start=\"1472\" data-end=\"1510\"><strong data-start=\"1472\" data-end=\"1508\">Paketim luksoz, gati p\u00ebr dhurat\u00eb<\/strong><\/p>\n<\/li>\n<\/ul>","protected":false},"featured_media":29923,"template":"","meta":[],"product_brand":[],"product_cat":[278],"product_tag":[],"class_list":{"0":"post-29894","1":"product","2":"type-product","3":"status-publish","4":"has-post-thumbnail","6":"product_cat-paketime","8":"first","9":"instock","10":"sale","11":"taxable","12":"shipping-taxable","13":"purchasable","14":"product-type-simple"},"group_of_quantity":0,"min_quantity":5,"max_quantity":"","exclude_order_quantity_value_rules":"no","exclude_category_quantity_rules":"no","combine_variations":"no","jetpack_sharing_enabled":true,"_links":{"self":[{"href":"https:\/\/fushaco.com\/sq\/wp-json\/wp\/v2\/product\/29894","targetHints":{"allow":["GET"]}}],"collection":[{"href":"https:\/\/fushaco.com\/sq\/wp-json\/wp\/v2\/product"}],"about":[{"href":"https:\/\/fushaco.com\/sq\/wp-json\/wp\/v2\/types\/product"}],"version-history":[{"count":4,"href":"https:\/\/fushaco.com\/sq\/wp-json\/wp\/v2\/product\/29894\/revisions"}],"predecessor-version":[{"id":33107,"href":"https:\/\/fushaco.com\/sq\/wp-json\/wp\/v2\/product\/29894\/revisions\/33107"}],"wp:featuredmedia":[{"embeddable":true,"href":"https:\/\/fushaco.com\/sq\/wp-json\/wp\/v2\/media\/29923"}],"wp:attachment":[{"href":"https:\/\/fushaco.com\/sq\/wp-json\/wp\/v2\/media?parent=29894"}],"wp:term":[{"taxonomy":"product_brand","embeddable":true,"href":"https:\/\/fushaco.com\/sq\/wp-json\/wp\/v2\/product_brand?post=29894"},{"taxonomy":"product_cat","embeddable":true,"href":"https:\/\/fushaco.com\/sq\/wp-json\/wp\/v2\/product_cat?post=29894"},{"taxonomy":"product_tag","embeddable":true,"href":"https:\/\/fushaco.com\/sq\/wp-json\/wp\/v2\/product_tag?post=29894"}],"curies":[{"name":"wp","href":"https:\/\/api.w.org\/{rel}","templated":true}]}}