{"id":29900,"date":"2025-10-06T14:28:58","date_gmt":"2025-10-06T14:28:58","guid":{"rendered":"https:\/\/fushaco.com\/?post_type=product&#038;p=29900"},"modified":"2026-02-19T21:45:14","modified_gmt":"2026-02-19T21:45:14","slug":"fush202","status":"publish","type":"product","link":"https:\/\/fushaco.com\/sq\/produkt\/fush202\/","title":{"rendered":"Paketime Bizhuterish &#8211; FUSH202"},"content":{"rendered":"<p>Nj\u00eb <strong data-start=\"189\" data-end=\"233\">kuti dhurate elegante me dizajn romantik<\/strong>, e zbukuruar me motivin \u201cLOVE\u201d dhe zemr\u00ebn e art\u00eb n\u00eb mes. E p\u00ebrkryer p\u00ebr <strong data-start=\"306\" data-end=\"361\">dhurata dashurie, p\u00ebrvjetor\u00eb apo momente t\u00eb ve\u00e7anta<\/strong> q\u00eb duan t\u00eb shprehin ndjenja t\u00eb sinqerta dhe stil.<\/p>","protected":false},"excerpt":{"rendered":"<p data-start=\"975\" data-end=\"1000\"><strong data-start=\"978\" data-end=\"998\">Karakteristikat:<\/strong><\/p>\n<ul data-start=\"1001\" data-end=\"1309\">\n<li data-start=\"1076\" data-end=\"1150\">\n<p data-start=\"1078\" data-end=\"1150\"><strong data-start=\"1078\" data-end=\"1089\">Dizajn:<\/strong> Zem\u00ebr me mbishkrimin \u201cLOVE\u201d dhe model elegant n\u00eb sip\u00ebrfaqe<\/p>\n<\/li>\n<li data-start=\"1151\" data-end=\"1215\">\n<p data-start=\"1153\" data-end=\"1167\"><strong data-start=\"1153\" data-end=\"1165\">P\u00ebrmasa:<\/strong><\/p>\n<ul data-start=\"1170\" data-end=\"1215\">\n<li data-start=\"1170\" data-end=\"1191\">\n<p data-start=\"1172\" data-end=\"1191\">Lart\u00ebsia: 15.5 cm<\/p>\n<\/li>\n<li data-start=\"1194\" data-end=\"1215\">\n<p data-start=\"1196\" data-end=\"1215\">Gjer\u00ebsia: 15.5 cm<\/p>\n<\/li>\n<\/ul>\n<\/li>\n<li data-start=\"1216\" data-end=\"1268\">\n<p data-start=\"1218\" data-end=\"1268\"><strong data-start=\"1218\" data-end=\"1232\">Materiali:<\/strong> Karton premium me cil\u00ebsi t\u00eb lart\u00eb<\/p>\n<\/li>\n<li data-start=\"1269\" data-end=\"1309\">\n<p data-start=\"1271\" data-end=\"1309\"><strong data-start=\"1271\" data-end=\"1307\">Mbyllje elegante me kapak an\u00ebsor<\/strong><\/p>\n<\/li>\n<\/ul>","protected":false},"featured_media":29910,"template":"","meta":[],"product_brand":[],"product_cat":[278],"product_tag":[],"class_list":{"0":"post-29900","1":"product","2":"type-product","3":"status-publish","4":"has-post-thumbnail","6":"product_cat-paketime","8":"first","9":"instock","10":"sale","11":"taxable","12":"shipping-taxable","13":"purchasable","14":"product-type-variable"},"group_of_quantity":0,"min_quantity":5,"max_quantity":"","exclude_order_quantity_value_rules":"no","exclude_category_quantity_rules":"no","combine_variations":"yes","jetpack_sharing_enabled":true,"_links":{"self":[{"href":"https:\/\/fushaco.com\/sq\/wp-json\/wp\/v2\/product\/29900","targetHints":{"allow":["GET"]}}],"collection":[{"href":"https:\/\/fushaco.com\/sq\/wp-json\/wp\/v2\/product"}],"about":[{"href":"https:\/\/fushaco.com\/sq\/wp-json\/wp\/v2\/types\/product"}],"version-history":[{"count":4,"href":"https:\/\/fushaco.com\/sq\/wp-json\/wp\/v2\/product\/29900\/revisions"}],"predecessor-version":[{"id":33106,"href":"https:\/\/fushaco.com\/sq\/wp-json\/wp\/v2\/product\/29900\/revisions\/33106"}],"wp:featuredmedia":[{"embeddable":true,"href":"https:\/\/fushaco.com\/sq\/wp-json\/wp\/v2\/media\/29910"}],"wp:attachment":[{"href":"https:\/\/fushaco.com\/sq\/wp-json\/wp\/v2\/media?parent=29900"}],"wp:term":[{"taxonomy":"product_brand","embeddable":true,"href":"https:\/\/fushaco.com\/sq\/wp-json\/wp\/v2\/product_brand?post=29900"},{"taxonomy":"product_cat","embeddable":true,"href":"https:\/\/fushaco.com\/sq\/wp-json\/wp\/v2\/product_cat?post=29900"},{"taxonomy":"product_tag","embeddable":true,"href":"https:\/\/fushaco.com\/sq\/wp-json\/wp\/v2\/product_tag?post=29900"}],"curies":[{"name":"wp","href":"https:\/\/api.w.org\/{rel}","templated":true}]}}