{"id":29914,"date":"2025-10-06T14:31:52","date_gmt":"2025-10-06T14:31:52","guid":{"rendered":"https:\/\/fushaco.com\/?post_type=product&#038;p=29914"},"modified":"2026-02-19T21:42:11","modified_gmt":"2026-02-19T21:42:11","slug":"fush249","status":"publish","type":"product","link":"https:\/\/fushaco.com\/sq\/produkt\/fush249\/","title":{"rendered":"Paketime Bizhuterish &#8211; FUSH249"},"content":{"rendered":"<p data-start=\"170\" data-end=\"438\">Nj\u00eb <strong data-start=\"203\" data-end=\"242\">kuti dhurate elegante dhe romantike<\/strong>, e dizajnuar me kujdes p\u00ebr momente t\u00eb ve\u00e7anta. Ideale p\u00ebr <strong data-start=\"301\" data-end=\"359\">dhurata dashurie, p\u00ebrvjetor\u00eb, propozime apo dit\u00eblindje<\/strong> \u2013 \u201cJust For You\u201d nga Fusha &amp; Co sjell nj\u00eb prekje luksoze n\u00eb \u00e7do surpriz\u00eb.<\/p>","protected":false},"excerpt":{"rendered":"<p data-start=\"967\" data-end=\"992\"><strong data-start=\"970\" data-end=\"990\">Karakteristikat:<\/strong><\/p>\n<ul data-start=\"993\" data-end=\"1309\">\n<li data-start=\"1027\" data-end=\"1067\">\n<p data-start=\"1029\" data-end=\"1067\"><strong data-start=\"1029\" data-end=\"1040\">Ngjyra:<\/strong> E kuqe me detaje t\u00eb arta<\/p>\n<\/li>\n<li data-start=\"1068\" data-end=\"1128\">\n<p data-start=\"1070\" data-end=\"1084\"><strong data-start=\"1070\" data-end=\"1082\">P\u00ebrmasa:<\/strong><\/p>\n<ul data-start=\"1087\" data-end=\"1128\">\n<li data-start=\"1087\" data-end=\"1106\">\n<p data-start=\"1089\" data-end=\"1106\">Gjer\u00ebsia: 19 cm<\/p>\n<\/li>\n<li data-start=\"1109\" data-end=\"1128\">\n<p data-start=\"1111\" data-end=\"1128\">Lart\u00ebsia: 13 cm<\/p>\n<\/li>\n<\/ul>\n<\/li>\n<li data-start=\"1129\" data-end=\"1199\">\n<p data-start=\"1131\" data-end=\"1199\"><strong data-start=\"1131\" data-end=\"1145\">Materiali:<\/strong> Karton i fort\u00eb &amp; i q\u00ebndruesh\u00ebm me p\u00ebrfundim premium<\/p>\n<\/li>\n<li data-start=\"1200\" data-end=\"1271\">\n<p data-start=\"1202\" data-end=\"1271\"><strong data-start=\"1202\" data-end=\"1213\">Dizajn:<\/strong> Me mbishkrim \u201cJust For You\u201d &amp; figur\u00eb romantike n\u00eb kapak<\/p>\n<\/li>\n<li data-start=\"1272\" data-end=\"1309\">\n<p data-start=\"1274\" data-end=\"1309\"><strong data-start=\"1274\" data-end=\"1307\">Mbyllje praktike dhe e sigurt<\/strong><\/p>\n<\/li>\n<\/ul>","protected":false},"featured_media":29915,"template":"","meta":[],"product_brand":[],"product_cat":[278],"product_tag":[],"class_list":{"0":"post-29914","1":"product","2":"type-product","3":"status-publish","4":"has-post-thumbnail","6":"product_cat-paketime","8":"first","9":"instock","10":"sale","11":"taxable","12":"shipping-taxable","13":"purchasable","14":"product-type-simple"},"group_of_quantity":0,"min_quantity":5,"max_quantity":"","exclude_order_quantity_value_rules":"no","exclude_category_quantity_rules":"no","combine_variations":"no","jetpack_sharing_enabled":true,"_links":{"self":[{"href":"https:\/\/fushaco.com\/sq\/wp-json\/wp\/v2\/product\/29914","targetHints":{"allow":["GET"]}}],"collection":[{"href":"https:\/\/fushaco.com\/sq\/wp-json\/wp\/v2\/product"}],"about":[{"href":"https:\/\/fushaco.com\/sq\/wp-json\/wp\/v2\/types\/product"}],"version-history":[{"count":4,"href":"https:\/\/fushaco.com\/sq\/wp-json\/wp\/v2\/product\/29914\/revisions"}],"predecessor-version":[{"id":33105,"href":"https:\/\/fushaco.com\/sq\/wp-json\/wp\/v2\/product\/29914\/revisions\/33105"}],"wp:featuredmedia":[{"embeddable":true,"href":"https:\/\/fushaco.com\/sq\/wp-json\/wp\/v2\/media\/29915"}],"wp:attachment":[{"href":"https:\/\/fushaco.com\/sq\/wp-json\/wp\/v2\/media?parent=29914"}],"wp:term":[{"taxonomy":"product_brand","embeddable":true,"href":"https:\/\/fushaco.com\/sq\/wp-json\/wp\/v2\/product_brand?post=29914"},{"taxonomy":"product_cat","embeddable":true,"href":"https:\/\/fushaco.com\/sq\/wp-json\/wp\/v2\/product_cat?post=29914"},{"taxonomy":"product_tag","embeddable":true,"href":"https:\/\/fushaco.com\/sq\/wp-json\/wp\/v2\/product_tag?post=29914"}],"curies":[{"name":"wp","href":"https:\/\/api.w.org\/{rel}","templated":true}]}}