{"id":29924,"date":"2025-10-08T13:40:51","date_gmt":"2025-10-08T13:40:51","guid":{"rendered":"https:\/\/fushaco.com\/?post_type=product&#038;p=29924"},"modified":"2026-02-19T21:45:10","modified_gmt":"2026-02-19T21:45:10","slug":"fush009","status":"publish","type":"product","link":"https:\/\/fushaco.com\/sq\/produkt\/fush009\/","title":{"rendered":"Paketime Bizhuterish &#8211; FUSH009"},"content":{"rendered":"<p data-start=\"1024\" data-end=\"1049\"><strong data-start=\"1027\" data-end=\"1047\">Karakteristikat:<\/strong><\/p>\n<ul data-start=\"1050\" data-end=\"1331\">\n<li data-start=\"1172\" data-end=\"1195\">\n<p data-start=\"1174\" data-end=\"1195\"><strong data-start=\"1174\" data-end=\"1187\">Lart\u00ebsia:<\/strong> 16 cm<\/p>\n<\/li>\n<li data-start=\"1196\" data-end=\"1218\">\n<p data-start=\"1198\" data-end=\"1218\"><strong data-start=\"1198\" data-end=\"1211\">Gjer\u00ebsia:<\/strong> 11 cm<\/p>\n<\/li>\n<li data-start=\"1219\" data-end=\"1288\">\n<p data-start=\"1221\" data-end=\"1288\"><strong data-start=\"1221\" data-end=\"1235\">Materiali:<\/strong> Plastik\u00eb cil\u00ebsore + tr\u00ebndafil artificial<\/p>\n<\/li>\n<li data-start=\"1289\" data-end=\"1331\">\n<p data-start=\"1291\" data-end=\"1331\"><strong data-start=\"1291\" data-end=\"1329\">Paketim elegant \u2013 gati p\u00ebr dhurat\u00eb<\/strong><\/p>\n<\/li>\n<\/ul>","protected":false},"excerpt":{"rendered":"<p>Nj\u00eb <strong data-start=\"179\" data-end=\"205\">ariu elegant dekorativ<\/strong> me <strong data-start=\"209\" data-end=\"247\">tr\u00ebndafil t\u00eb konservuar<\/strong>, perfekt p\u00ebr dhurat\u00eb romantike apo dekor modern. Nj\u00eb kombinim i \u00ebmb\u00ebl midis dashuris\u00eb dhe stilit q\u00eb sjell eleganc\u00eb n\u00eb \u00e7do ambient.<\/p>\n<p>&nbsp;<\/p>","protected":false},"featured_media":29970,"template":"","meta":[],"product_brand":[],"product_cat":[278],"product_tag":[],"class_list":{"0":"post-29924","1":"product","2":"type-product","3":"status-publish","4":"has-post-thumbnail","6":"product_cat-paketime","8":"first","9":"instock","10":"sale","11":"taxable","12":"shipping-taxable","13":"purchasable","14":"product-type-variable"},"group_of_quantity":0,"min_quantity":3,"max_quantity":"","exclude_order_quantity_value_rules":"no","exclude_category_quantity_rules":"no","combine_variations":"yes","jetpack_sharing_enabled":true,"_links":{"self":[{"href":"https:\/\/fushaco.com\/sq\/wp-json\/wp\/v2\/product\/29924","targetHints":{"allow":["GET"]}}],"collection":[{"href":"https:\/\/fushaco.com\/sq\/wp-json\/wp\/v2\/product"}],"about":[{"href":"https:\/\/fushaco.com\/sq\/wp-json\/wp\/v2\/types\/product"}],"version-history":[{"count":9,"href":"https:\/\/fushaco.com\/sq\/wp-json\/wp\/v2\/product\/29924\/revisions"}],"predecessor-version":[{"id":33104,"href":"https:\/\/fushaco.com\/sq\/wp-json\/wp\/v2\/product\/29924\/revisions\/33104"}],"wp:featuredmedia":[{"embeddable":true,"href":"https:\/\/fushaco.com\/sq\/wp-json\/wp\/v2\/media\/29970"}],"wp:attachment":[{"href":"https:\/\/fushaco.com\/sq\/wp-json\/wp\/v2\/media?parent=29924"}],"wp:term":[{"taxonomy":"product_brand","embeddable":true,"href":"https:\/\/fushaco.com\/sq\/wp-json\/wp\/v2\/product_brand?post=29924"},{"taxonomy":"product_cat","embeddable":true,"href":"https:\/\/fushaco.com\/sq\/wp-json\/wp\/v2\/product_cat?post=29924"},{"taxonomy":"product_tag","embeddable":true,"href":"https:\/\/fushaco.com\/sq\/wp-json\/wp\/v2\/product_tag?post=29924"}],"curies":[{"name":"wp","href":"https:\/\/api.w.org\/{rel}","templated":true}]}}