{"id":29980,"date":"2025-10-08T14:14:28","date_gmt":"2025-10-08T14:14:28","guid":{"rendered":"https:\/\/fushaco.com\/?post_type=product&#038;p=29980"},"modified":"2026-02-05T11:59:05","modified_gmt":"2026-02-05T11:59:05","slug":"fush061","status":"publish","type":"product","link":"https:\/\/fushaco.com\/sq\/produkt\/fush061\/","title":{"rendered":"Loder Pellushi Stitch &#8211; FUSH061"},"content":{"rendered":"<p data-start=\"196\" data-end=\"471\">Ky <strong data-start=\"228\" data-end=\"245\">Stitch plushe<\/strong> \u00ebsht\u00eb i mrekulluesh\u00ebm! I but\u00eb, i dashur dhe gjithmon\u00eb gati p\u00ebr p\u00ebrqafime \u2013 tani edhe m\u00eb i \u00ebmb\u00ebl me nj\u00eb <strong data-start=\"349\" data-end=\"382\">ros\u00eb t\u00eb vog\u00ebl n\u00eb krah\u00ebt e tij<\/strong> . Dhurat\u00eb perfekte p\u00ebr f\u00ebmij\u00eb apo t\u00eb rritur q\u00eb duan dashuri, but\u00ebsi dhe ngroht\u00ebsi!<\/p>","protected":false},"excerpt":{"rendered":"<p data-start=\"1066\" data-end=\"1090\"><strong data-start=\"1068\" data-end=\"1088\">Karakteristikat:<\/strong><\/p>\n<ul data-start=\"1091\" data-end=\"1347\">\n<li data-start=\"1091\" data-end=\"1129\">\n<p data-start=\"1093\" data-end=\"1129\">Ngjyra: Blu, e verdh\u00eb dhe e bardh\u00eb<\/p>\n<\/li>\n<li data-start=\"1130\" data-end=\"1175\">\n<p data-start=\"1132\" data-end=\"1175\">Materiali: Plushe i but\u00eb &amp; cil\u00ebsi e lart\u00eb<\/p>\n<\/li>\n<li data-start=\"1176\" data-end=\"1200\">\n<p data-start=\"1178\" data-end=\"1200\">Madh\u00ebsia: 30cm<\/p>\n<\/li>\n<li data-start=\"1201\" data-end=\"1242\">\n<p data-start=\"1203\" data-end=\"1242\">Qepje t\u00eb forta dhe detaje t\u00eb p\u00ebrpikta<\/p>\n<\/li>\n<li data-start=\"1243\" data-end=\"1300\">\n<p data-start=\"1245\" data-end=\"1300\">I sigurt p\u00ebr f\u00ebmij\u00eb (pa pjes\u00eb plastike t\u00eb rrezikshme)<\/p>\n<\/li>\n<li data-start=\"1301\" data-end=\"1347\">\n<p data-start=\"1303\" data-end=\"1347\">Leht\u00eb p\u00ebr t\u2019u pastruar dhe shum\u00eb rezistent<\/p>\n<\/li>\n<\/ul>","protected":false},"featured_media":29984,"template":"","meta":[],"product_brand":[],"product_cat":[282],"product_tag":[],"class_list":{"0":"post-29980","1":"product","2":"type-product","3":"status-publish","4":"has-post-thumbnail","6":"product_cat-arusha-pelushi","8":"first","9":"instock","10":"sale","11":"taxable","12":"shipping-taxable","13":"purchasable","14":"product-type-simple"},"group_of_quantity":0,"min_quantity":0,"max_quantity":"","exclude_order_quantity_value_rules":"no","exclude_category_quantity_rules":"no","combine_variations":"no","jetpack_sharing_enabled":true,"_links":{"self":[{"href":"https:\/\/fushaco.com\/sq\/wp-json\/wp\/v2\/product\/29980","targetHints":{"allow":["GET"]}}],"collection":[{"href":"https:\/\/fushaco.com\/sq\/wp-json\/wp\/v2\/product"}],"about":[{"href":"https:\/\/fushaco.com\/sq\/wp-json\/wp\/v2\/types\/product"}],"version-history":[{"count":6,"href":"https:\/\/fushaco.com\/sq\/wp-json\/wp\/v2\/product\/29980\/revisions"}],"predecessor-version":[{"id":34048,"href":"https:\/\/fushaco.com\/sq\/wp-json\/wp\/v2\/product\/29980\/revisions\/34048"}],"wp:featuredmedia":[{"embeddable":true,"href":"https:\/\/fushaco.com\/sq\/wp-json\/wp\/v2\/media\/29984"}],"wp:attachment":[{"href":"https:\/\/fushaco.com\/sq\/wp-json\/wp\/v2\/media?parent=29980"}],"wp:term":[{"taxonomy":"product_brand","embeddable":true,"href":"https:\/\/fushaco.com\/sq\/wp-json\/wp\/v2\/product_brand?post=29980"},{"taxonomy":"product_cat","embeddable":true,"href":"https:\/\/fushaco.com\/sq\/wp-json\/wp\/v2\/product_cat?post=29980"},{"taxonomy":"product_tag","embeddable":true,"href":"https:\/\/fushaco.com\/sq\/wp-json\/wp\/v2\/product_tag?post=29980"}],"curies":[{"name":"wp","href":"https:\/\/api.w.org\/{rel}","templated":true}]}}