{"id":29989,"date":"2025-10-08T14:15:06","date_gmt":"2025-10-08T14:15:06","guid":{"rendered":"https:\/\/fushaco.com\/?post_type=product&#038;p=29989"},"modified":"2026-03-30T07:25:32","modified_gmt":"2026-03-30T07:25:32","slug":"fush062","status":"publish","type":"product","link":"https:\/\/fushaco.com\/sq\/produkt\/fush062\/","title":{"rendered":"Loder Pellushi Stitch &#8211; FUSH062"},"content":{"rendered":"<p data-start=\"208\" data-end=\"455\">Ky <strong data-start=\"240\" data-end=\"257\">Stitch plushe<\/strong> i but\u00eb dhe simpatik \u00ebsht\u00eb shoq\u00ebruesi perfekt p\u00ebr p\u00ebrqafime, dekor dhe dhurata t\u00eb ve\u00e7anta! Me ngjyr\u00ebn karakteristike blu dhe dizajnin e tij t\u00eb dashur, ai do t\u00eb fitoj\u00eb zemr\u00ebn e kujtdo q\u00eb e sheh<\/p>","protected":false},"excerpt":{"rendered":"<p data-start=\"1156\" data-end=\"1180\"><strong data-start=\"1158\" data-end=\"1178\">Karakteristikat:<\/strong><\/p>\n<ul data-start=\"1181\" data-end=\"1425\">\n<li data-start=\"1181\" data-end=\"1225\">\n<p data-start=\"1183\" data-end=\"1225\">Ngjyra: Blu me detaje roz\u00eb dhe t\u00eb \u00e7el\u00ebta<\/p>\n<\/li>\n<li data-start=\"1226\" data-end=\"1270\">\n<p data-start=\"1228\" data-end=\"1270\">Materiali: Plushe cil\u00ebsor &amp; shum\u00eb i but\u00eb<\/p>\n<\/li>\n<li data-start=\"1271\" data-end=\"1295\">\n<p data-start=\"1273\" data-end=\"1295\">Madh\u00ebsia: 30cm<\/p>\n<\/li>\n<li data-start=\"1296\" data-end=\"1353\">\n<p data-start=\"1298\" data-end=\"1353\">I sigurt p\u00ebr f\u00ebmij\u00eb (pa pjes\u00eb plastike t\u00eb rrezikshme)<\/p>\n<\/li>\n<li data-start=\"1354\" data-end=\"1380\">\n<p data-start=\"1356\" data-end=\"1380\">Leht\u00eb p\u00ebr t\u2019u pastruar<\/p>\n<\/li>\n<li data-start=\"1381\" data-end=\"1425\">\n<p data-start=\"1383\" data-end=\"1425\">Qepje t\u00eb q\u00ebndrueshme dhe detaje realiste<\/p>\n<\/li>\n<\/ul>","protected":false},"featured_media":29985,"template":"","meta":[],"product_brand":[],"product_cat":[282],"product_tag":[],"class_list":{"0":"post-29989","1":"product","2":"type-product","3":"status-publish","4":"has-post-thumbnail","6":"product_cat-arusha-pelushi","8":"first","9":"instock","10":"sale","11":"taxable","12":"shipping-taxable","13":"purchasable","14":"product-type-simple"},"group_of_quantity":0,"min_quantity":0,"max_quantity":"","exclude_order_quantity_value_rules":"no","exclude_category_quantity_rules":"no","combine_variations":"no","jetpack_sharing_enabled":true,"_links":{"self":[{"href":"https:\/\/fushaco.com\/sq\/wp-json\/wp\/v2\/product\/29989","targetHints":{"allow":["GET"]}}],"collection":[{"href":"https:\/\/fushaco.com\/sq\/wp-json\/wp\/v2\/product"}],"about":[{"href":"https:\/\/fushaco.com\/sq\/wp-json\/wp\/v2\/types\/product"}],"version-history":[{"count":5,"href":"https:\/\/fushaco.com\/sq\/wp-json\/wp\/v2\/product\/29989\/revisions"}],"predecessor-version":[{"id":33006,"href":"https:\/\/fushaco.com\/sq\/wp-json\/wp\/v2\/product\/29989\/revisions\/33006"}],"wp:featuredmedia":[{"embeddable":true,"href":"https:\/\/fushaco.com\/sq\/wp-json\/wp\/v2\/media\/29985"}],"wp:attachment":[{"href":"https:\/\/fushaco.com\/sq\/wp-json\/wp\/v2\/media?parent=29989"}],"wp:term":[{"taxonomy":"product_brand","embeddable":true,"href":"https:\/\/fushaco.com\/sq\/wp-json\/wp\/v2\/product_brand?post=29989"},{"taxonomy":"product_cat","embeddable":true,"href":"https:\/\/fushaco.com\/sq\/wp-json\/wp\/v2\/product_cat?post=29989"},{"taxonomy":"product_tag","embeddable":true,"href":"https:\/\/fushaco.com\/sq\/wp-json\/wp\/v2\/product_tag?post=29989"}],"curies":[{"name":"wp","href":"https:\/\/api.w.org\/{rel}","templated":true}]}}