{"id":29993,"date":"2025-10-08T14:21:34","date_gmt":"2025-10-08T14:21:34","guid":{"rendered":"https:\/\/fushaco.com\/?post_type=product&#038;p=29993"},"modified":"2026-03-05T20:55:01","modified_gmt":"2026-03-05T20:55:01","slug":"fush023","status":"publish","type":"product","link":"https:\/\/fushaco.com\/sq\/produkt\/fush023\/","title":{"rendered":"Arush Pellushi &#8211; FUSH023"},"content":{"rendered":"<p data-start=\"189\" data-end=\"400\">Nj\u00eb <strong data-start=\"222\" data-end=\"255\">arush plushe elegant<\/strong>, q\u00eb mban nj\u00eb <strong data-start=\"269\" data-end=\"297\">tr\u00ebndafil t\u00eb kuq n\u00eb dor\u00eb<\/strong> \u2013 simboli perfekt i dashuris\u00eb dhe p\u00ebrkujdesjes. I but\u00eb, i \u00ebmb\u00ebl dhe ideal p\u00ebr \u00e7do rast romantik<\/p>","protected":false},"excerpt":{"rendered":"<p data-start=\"1034\" data-end=\"1058\"><strong data-start=\"1036\" data-end=\"1056\">Karakteristikat:<\/strong><\/p>\n<ul data-start=\"1059\" data-end=\"1327\">\n<li data-start=\"1115\" data-end=\"1172\">\n<p data-start=\"1117\" data-end=\"1172\">Materiali: Plushe premium, shum\u00eb i but\u00eb dhe rezistent<\/p>\n<\/li>\n<li data-start=\"1173\" data-end=\"1197\">\n<p data-start=\"1175\" data-end=\"1197\">Madh\u00ebsia: 25 &#8211; 30cm<\/p>\n<\/li>\n<li data-start=\"1173\" data-end=\"1197\">\n<p data-start=\"1175\" data-end=\"1197\">Detaje t\u00eb qepura me kujdes (pa pjes\u00eb plastike t\u00eb rrezikshme)<\/p>\n<\/li>\n<li data-start=\"1263\" data-end=\"1300\">\n<p data-start=\"1265\" data-end=\"1300\">I sigurt p\u00ebr f\u00ebmij\u00eb dhe t\u00eb rritur<\/p>\n<\/li>\n<li data-start=\"1301\" data-end=\"1327\">\n<p data-start=\"1303\" data-end=\"1327\">Leht\u00eb p\u00ebr t\u2019u pastruar<\/p>\n<\/li>\n<\/ul>","protected":false},"featured_media":29982,"template":"","meta":[],"product_brand":[],"product_cat":[282],"product_tag":[],"class_list":{"0":"post-29993","1":"product","2":"type-product","3":"status-publish","4":"has-post-thumbnail","6":"product_cat-arusha-pelushi","8":"first","9":"instock","10":"taxable","11":"shipping-taxable","12":"purchasable","13":"product-type-variable","14":"has-default-attributes"},"group_of_quantity":0,"min_quantity":0,"max_quantity":"","exclude_order_quantity_value_rules":"no","exclude_category_quantity_rules":"no","combine_variations":"no","jetpack_sharing_enabled":true,"_links":{"self":[{"href":"https:\/\/fushaco.com\/sq\/wp-json\/wp\/v2\/product\/29993","targetHints":{"allow":["GET"]}}],"collection":[{"href":"https:\/\/fushaco.com\/sq\/wp-json\/wp\/v2\/product"}],"about":[{"href":"https:\/\/fushaco.com\/sq\/wp-json\/wp\/v2\/types\/product"}],"version-history":[{"count":4,"href":"https:\/\/fushaco.com\/sq\/wp-json\/wp\/v2\/product\/29993\/revisions"}],"predecessor-version":[{"id":33005,"href":"https:\/\/fushaco.com\/sq\/wp-json\/wp\/v2\/product\/29993\/revisions\/33005"}],"wp:featuredmedia":[{"embeddable":true,"href":"https:\/\/fushaco.com\/sq\/wp-json\/wp\/v2\/media\/29982"}],"wp:attachment":[{"href":"https:\/\/fushaco.com\/sq\/wp-json\/wp\/v2\/media?parent=29993"}],"wp:term":[{"taxonomy":"product_brand","embeddable":true,"href":"https:\/\/fushaco.com\/sq\/wp-json\/wp\/v2\/product_brand?post=29993"},{"taxonomy":"product_cat","embeddable":true,"href":"https:\/\/fushaco.com\/sq\/wp-json\/wp\/v2\/product_cat?post=29993"},{"taxonomy":"product_tag","embeddable":true,"href":"https:\/\/fushaco.com\/sq\/wp-json\/wp\/v2\/product_tag?post=29993"}],"curies":[{"name":"wp","href":"https:\/\/api.w.org\/{rel}","templated":true}]}}