{"id":29998,"date":"2025-10-08T14:31:33","date_gmt":"2025-10-08T14:31:33","guid":{"rendered":"https:\/\/fushaco.com\/?post_type=product&#038;p=29998"},"modified":"2025-12-19T10:37:40","modified_gmt":"2025-12-19T10:37:40","slug":"fush063","status":"publish","type":"product","link":"https:\/\/fushaco.com\/sq\/produkt\/fush063\/","title":{"rendered":"Arush Pellushi &#8211; FUSH063"},"content":{"rendered":"<p data-start=\"407\" data-end=\"657\">Nj\u00eb <strong data-start=\"437\" data-end=\"484\">elefant plushe shum\u00eb i but\u00eb dhe i lezetsh\u00ebm<\/strong>, ideal p\u00ebr foshnja dhe f\u00ebmij\u00eb t\u00eb vegj\u00ebl. Me trupin e tij , vesh\u00eb t\u00eb m\u00ebdhenj t\u00eb bardh\u00eb dhe sy t\u00eb \u00ebmb\u00ebl, ky elefant sjell ngroht\u00ebsi, dashuri dhe shum\u00eb buz\u00ebqeshje.<\/p>\n<p data-start=\"659\" data-end=\"829\">","protected":false},"excerpt":{"rendered":"<p data-start=\"1017\" data-end=\"1041\"><strong data-start=\"1019\" data-end=\"1039\">Karakteristikat:<\/strong><\/p>\n<ul data-start=\"1042\" data-end=\"1283\">\n<li data-start=\"1065\" data-end=\"1109\">\n<p data-start=\"1067\" data-end=\"1109\">Materiali: Plushe premium &amp; shum\u00eb i but\u00eb<\/p>\n<\/li>\n<li data-start=\"1110\" data-end=\"1134\">\n<p data-start=\"1112\" data-end=\"1134\">Madh\u00ebsia: 20cm<\/p>\n<\/li>\n<li data-start=\"1135\" data-end=\"1193\">\n<p data-start=\"1137\" data-end=\"1193\">I sigurt p\u00ebr f\u00ebmij\u00eb (pa pjes\u00eb plastike t\u00eb shk\u00ebputshme)<\/p>\n<\/li>\n<li data-start=\"1194\" data-end=\"1235\">\n<p data-start=\"1196\" data-end=\"1235\">Leht\u00eb p\u00ebr t\u2019u pastruar (larje e but\u00eb)<\/p>\n<\/li>\n<li data-start=\"1236\" data-end=\"1283\">\n<p data-start=\"1238\" data-end=\"1283\">Qepje t\u00eb q\u00ebndrueshme dhe detaje t\u00eb p\u00ebrpikta<\/p>\n<\/li>\n<\/ul>","protected":false},"featured_media":29986,"template":"","meta":[],"product_brand":[],"product_cat":[282],"product_tag":[],"class_list":{"0":"post-29998","1":"product","2":"type-product","3":"status-publish","4":"has-post-thumbnail","6":"product_cat-arusha-pelushi","8":"first","9":"instock","10":"sale","11":"taxable","12":"shipping-taxable","13":"purchasable","14":"product-type-variable"},"group_of_quantity":0,"min_quantity":0,"max_quantity":"","exclude_order_quantity_value_rules":"no","exclude_category_quantity_rules":"no","combine_variations":"no","jetpack_sharing_enabled":true,"_links":{"self":[{"href":"https:\/\/fushaco.com\/sq\/wp-json\/wp\/v2\/product\/29998","targetHints":{"allow":["GET"]}}],"collection":[{"href":"https:\/\/fushaco.com\/sq\/wp-json\/wp\/v2\/product"}],"about":[{"href":"https:\/\/fushaco.com\/sq\/wp-json\/wp\/v2\/types\/product"}],"version-history":[{"count":5,"href":"https:\/\/fushaco.com\/sq\/wp-json\/wp\/v2\/product\/29998\/revisions"}],"predecessor-version":[{"id":33004,"href":"https:\/\/fushaco.com\/sq\/wp-json\/wp\/v2\/product\/29998\/revisions\/33004"}],"wp:featuredmedia":[{"embeddable":true,"href":"https:\/\/fushaco.com\/sq\/wp-json\/wp\/v2\/media\/29986"}],"wp:attachment":[{"href":"https:\/\/fushaco.com\/sq\/wp-json\/wp\/v2\/media?parent=29998"}],"wp:term":[{"taxonomy":"product_brand","embeddable":true,"href":"https:\/\/fushaco.com\/sq\/wp-json\/wp\/v2\/product_brand?post=29998"},{"taxonomy":"product_cat","embeddable":true,"href":"https:\/\/fushaco.com\/sq\/wp-json\/wp\/v2\/product_cat?post=29998"},{"taxonomy":"product_tag","embeddable":true,"href":"https:\/\/fushaco.com\/sq\/wp-json\/wp\/v2\/product_tag?post=29998"}],"curies":[{"name":"wp","href":"https:\/\/api.w.org\/{rel}","templated":true}]}}