{"id":30025,"date":"2025-10-08T14:49:05","date_gmt":"2025-10-08T14:49:05","guid":{"rendered":"https:\/\/fushaco.com\/?post_type=product&#038;p=30025"},"modified":"2026-04-13T15:44:05","modified_gmt":"2026-04-13T15:44:05","slug":"fush066","status":"publish","type":"product","link":"https:\/\/fushaco.com\/sq\/produkt\/fush066\/","title":{"rendered":"Arush Pellushi &#8211; FUSH066"},"content":{"rendered":"<p data-start=\"173\" data-end=\"379\">Nj\u00eb <strong data-start=\"206\" data-end=\"226\">kali plushe roz\u00eb<\/strong> super i but\u00eb dhe i dashur, perfekt p\u00ebr vajza q\u00eb adhurojn\u00eb lodrat e \u00ebmbla dhe me stil. Nj\u00eb mik i ngroht\u00eb p\u00ebr p\u00ebrqafime dhe loj\u00ebra plot imagjinat\u00eb!<\/p>","protected":false},"excerpt":{"rendered":"<p data-start=\"947\" data-end=\"971\"><strong data-start=\"949\" data-end=\"969\">Karakteristikat:<\/strong><\/p>\n<ul data-start=\"972\" data-end=\"1227\">\n<li data-start=\"972\" data-end=\"995\">\n<p data-start=\"974\" data-end=\"995\">Ngjyra: Roz\u00eb pastel<\/p>\n<\/li>\n<li data-start=\"996\" data-end=\"1053\">\n<p data-start=\"998\" data-end=\"1053\">Materiali: Plushe premium, shum\u00eb i but\u00eb dhe rezistent<\/p>\n<\/li>\n<li data-start=\"1054\" data-end=\"1078\">\n<p data-start=\"1056\" data-end=\"1078\">Madh\u00ebsia: 45cm<\/p>\n<\/li>\n<li data-start=\"1079\" data-end=\"1114\">\n<p data-start=\"1081\" data-end=\"1114\">I leht\u00eb dhe i sigurt p\u00ebr f\u00ebmij\u00eb<\/p>\n<\/li>\n<li data-start=\"1115\" data-end=\"1172\">\n<p data-start=\"1117\" data-end=\"1172\">Detaje t\u00eb q\u00ebndisura (pa pjes\u00eb plastike t\u00eb rrezikshme)<\/p>\n<\/li>\n<li data-start=\"1173\" data-end=\"1227\">\n<p data-start=\"1175\" data-end=\"1227\">Mund t\u00eb lahet me dor\u00eb ose n\u00eb lavatri\u00e7e (me kujdes)<\/p>\n<\/li>\n<\/ul>","protected":false},"featured_media":30004,"template":"","meta":[],"product_brand":[],"product_cat":[282],"product_tag":[],"class_list":{"0":"post-30025","1":"product","2":"type-product","3":"status-publish","4":"has-post-thumbnail","6":"product_cat-arusha-pelushi","8":"first","9":"instock","10":"sale","11":"taxable","12":"shipping-taxable","13":"purchasable","14":"product-type-simple"},"group_of_quantity":0,"min_quantity":0,"max_quantity":"","exclude_order_quantity_value_rules":"no","exclude_category_quantity_rules":"no","combine_variations":"no","jetpack_sharing_enabled":true,"_links":{"self":[{"href":"https:\/\/fushaco.com\/sq\/wp-json\/wp\/v2\/product\/30025","targetHints":{"allow":["GET"]}}],"collection":[{"href":"https:\/\/fushaco.com\/sq\/wp-json\/wp\/v2\/product"}],"about":[{"href":"https:\/\/fushaco.com\/sq\/wp-json\/wp\/v2\/types\/product"}],"version-history":[{"count":4,"href":"https:\/\/fushaco.com\/sq\/wp-json\/wp\/v2\/product\/30025\/revisions"}],"predecessor-version":[{"id":33001,"href":"https:\/\/fushaco.com\/sq\/wp-json\/wp\/v2\/product\/30025\/revisions\/33001"}],"wp:featuredmedia":[{"embeddable":true,"href":"https:\/\/fushaco.com\/sq\/wp-json\/wp\/v2\/media\/30004"}],"wp:attachment":[{"href":"https:\/\/fushaco.com\/sq\/wp-json\/wp\/v2\/media?parent=30025"}],"wp:term":[{"taxonomy":"product_brand","embeddable":true,"href":"https:\/\/fushaco.com\/sq\/wp-json\/wp\/v2\/product_brand?post=30025"},{"taxonomy":"product_cat","embeddable":true,"href":"https:\/\/fushaco.com\/sq\/wp-json\/wp\/v2\/product_cat?post=30025"},{"taxonomy":"product_tag","embeddable":true,"href":"https:\/\/fushaco.com\/sq\/wp-json\/wp\/v2\/product_tag?post=30025"}],"curies":[{"name":"wp","href":"https:\/\/api.w.org\/{rel}","templated":true}]}}