{"id":30027,"date":"2025-10-08T15:04:28","date_gmt":"2025-10-08T15:04:28","guid":{"rendered":"https:\/\/fushaco.com\/?post_type=product&#038;p=30027"},"modified":"2026-02-05T12:36:37","modified_gmt":"2026-02-05T12:36:37","slug":"fush067-68-69","status":"publish","type":"product","link":"https:\/\/fushaco.com\/sq\/produkt\/fush067-68-69\/","title":{"rendered":"Arush Pellushi &#8211; FUSH067-68-69-152"},"content":{"rendered":"<p data-start=\"177\" data-end=\"368\">Nj\u00eb arush plushe shum\u00ebngjyr\u00ebsh, i but\u00eb dhe plot \u00ebmb\u00eblsi, me fjongo roz\u00eb elegante. Perfekt p\u00ebr dhurat\u00eb, dekor ose p\u00ebr t\u2019u b\u00ebr\u00eb shoku m\u00eb i dashur i f\u00ebmij\u00ebve!<\/p>","protected":false},"excerpt":{"rendered":"<p data-start=\"1020\" data-end=\"1044\"><strong data-start=\"1022\" data-end=\"1042\">Karakteristikat:<\/strong><\/p>\n<ul data-start=\"1045\" data-end=\"1364\">\n<li data-start=\"1045\" data-end=\"1104\">\n<p data-start=\"1047\" data-end=\"1104\">Ngjyra: Rainbow pastel (roz\u00eb, verdh\u00eb, portokalli, krem)<\/p>\n<\/li>\n<li data-start=\"1105\" data-end=\"1163\">\n<p data-start=\"1107\" data-end=\"1163\">Materiali: Plushe premium, super i but\u00eb dhe pa alergji<\/p>\n<\/li>\n<li data-start=\"1164\" data-end=\"1198\">\n<p data-start=\"1166\" data-end=\"1198\">Aksesore: Fjongo roz\u00eb elegante<\/p>\n<\/li>\n<li data-start=\"1260\" data-end=\"1304\">\n<p data-start=\"1262\" data-end=\"1304\">I sigurt p\u00ebr f\u00ebmij\u00eb, me detaje t\u00eb qepura<\/p>\n<\/li>\n<li data-start=\"1305\" data-end=\"1364\">\n<p data-start=\"1307\" data-end=\"1364\">Mund t\u00eb lahet me dor\u00eb ose n\u00eb lavatri\u00e7e (program i but\u00eb<\/p>\n<\/li>\n<\/ul>","protected":false},"featured_media":30029,"template":"","meta":[],"product_brand":[],"product_cat":[282],"product_tag":[],"class_list":{"0":"post-30027","1":"product","2":"type-product","3":"status-publish","4":"has-post-thumbnail","6":"product_cat-arusha-pelushi","8":"first","9":"instock","10":"sale","11":"taxable","12":"shipping-taxable","13":"purchasable","14":"product-type-variable"},"group_of_quantity":0,"min_quantity":0,"max_quantity":"","exclude_order_quantity_value_rules":"no","exclude_category_quantity_rules":"no","combine_variations":"no","jetpack_sharing_enabled":true,"_links":{"self":[{"href":"https:\/\/fushaco.com\/sq\/wp-json\/wp\/v2\/product\/30027","targetHints":{"allow":["GET"]}}],"collection":[{"href":"https:\/\/fushaco.com\/sq\/wp-json\/wp\/v2\/product"}],"about":[{"href":"https:\/\/fushaco.com\/sq\/wp-json\/wp\/v2\/types\/product"}],"version-history":[{"count":6,"href":"https:\/\/fushaco.com\/sq\/wp-json\/wp\/v2\/product\/30027\/revisions"}],"predecessor-version":[{"id":34081,"href":"https:\/\/fushaco.com\/sq\/wp-json\/wp\/v2\/product\/30027\/revisions\/34081"}],"wp:featuredmedia":[{"embeddable":true,"href":"https:\/\/fushaco.com\/sq\/wp-json\/wp\/v2\/media\/30029"}],"wp:attachment":[{"href":"https:\/\/fushaco.com\/sq\/wp-json\/wp\/v2\/media?parent=30027"}],"wp:term":[{"taxonomy":"product_brand","embeddable":true,"href":"https:\/\/fushaco.com\/sq\/wp-json\/wp\/v2\/product_brand?post=30027"},{"taxonomy":"product_cat","embeddable":true,"href":"https:\/\/fushaco.com\/sq\/wp-json\/wp\/v2\/product_cat?post=30027"},{"taxonomy":"product_tag","embeddable":true,"href":"https:\/\/fushaco.com\/sq\/wp-json\/wp\/v2\/product_tag?post=30027"}],"curies":[{"name":"wp","href":"https:\/\/api.w.org\/{rel}","templated":true}]}}