{"id":30043,"date":"2025-10-08T15:13:42","date_gmt":"2025-10-08T15:13:42","guid":{"rendered":"https:\/\/fushaco.com\/?post_type=product&#038;p=30043"},"modified":"2026-04-13T15:43:44","modified_gmt":"2026-04-13T15:43:44","slug":"fush070-71","status":"publish","type":"product","link":"https:\/\/fushaco.com\/sq\/produkt\/fush070-71\/","title":{"rendered":"Arush Pellushi &#8211; FUSH070-71"},"content":{"rendered":"<p data-start=\"177\" data-end=\"422\">Arush plushe super i but\u00eb dhe i \u00ebmb\u00ebl, i veshur me <strong data-start=\"257\" data-end=\"284\">kapel\u00eb dhe shall t\u00eb kuq<\/strong> me mbishkrimin <strong data-start=\"300\" data-end=\"312\">LOVE YOU<\/strong>. Nj\u00eb dhurat\u00eb ideale p\u00ebr dit\u00ebn e t\u00eb dashuruarve, dit\u00eblindje apo thjesht p\u00ebr t\u00eb shprehur dashuri e kujdes.<\/p>","protected":false},"excerpt":{"rendered":"<p data-start=\"1103\" data-end=\"1127\"><strong data-start=\"1105\" data-end=\"1125\">Karakteristikat:<\/strong><\/p>\n<ul data-start=\"1128\" data-end=\"1449\">\n<li data-start=\"1128\" data-end=\"1178\">\n<p data-start=\"1130\" data-end=\"1178\">Ngjyra: E bardh\u00eb ose bezh\u00eb (sipas preferenc\u00ebs)<\/p>\n<\/li>\n<li data-start=\"1179\" data-end=\"1227\">\n<p data-start=\"1181\" data-end=\"1227\">Aksesore: Kapel\u00eb dhe shall t\u00eb kuq prej leshi<\/p>\n<\/li>\n<li data-start=\"1228\" data-end=\"1263\">\n<p data-start=\"1230\" data-end=\"1263\">Mbishkrim: \u201cLOVE YOU\u201d n\u00eb kapel\u00eb<\/p>\n<\/li>\n<li data-start=\"1264\" data-end=\"1318\">\n<p data-start=\"1266\" data-end=\"1318\">Materiali: Plushe me cil\u00ebsi t\u00eb lart\u00eb, super i but\u00eb<\/p>\n<\/li>\n<li data-start=\"1319\" data-end=\"1343\">\n<p data-start=\"1321\" data-end=\"1343\">Madh\u00ebsia: 25cm<\/p>\n<\/li>\n<li data-start=\"1344\" data-end=\"1394\">\n<p data-start=\"1346\" data-end=\"1394\">E leht\u00eb, e q\u00ebndrueshme dhe e sigurt p\u00ebr f\u00ebmij\u00eb<\/p>\n<\/li>\n<li data-start=\"1395\" data-end=\"1449\">\n<p data-start=\"1397\" data-end=\"1449\">Mund t\u00eb lahet me dor\u00eb ose n\u00eb lavatri\u00e7e (me kujdes)<\/p>\n<\/li>\n<\/ul>","protected":false},"featured_media":30033,"template":"","meta":[],"product_brand":[],"product_cat":[282],"product_tag":[],"class_list":{"0":"post-30043","1":"product","2":"type-product","3":"status-publish","4":"has-post-thumbnail","6":"product_cat-arusha-pelushi","8":"first","9":"instock","10":"sale","11":"taxable","12":"shipping-taxable","13":"purchasable","14":"product-type-variable","15":"has-default-attributes"},"group_of_quantity":0,"min_quantity":10,"max_quantity":"","exclude_order_quantity_value_rules":"no","exclude_category_quantity_rules":"no","combine_variations":"yes","jetpack_sharing_enabled":true,"_links":{"self":[{"href":"https:\/\/fushaco.com\/sq\/wp-json\/wp\/v2\/product\/30043","targetHints":{"allow":["GET"]}}],"collection":[{"href":"https:\/\/fushaco.com\/sq\/wp-json\/wp\/v2\/product"}],"about":[{"href":"https:\/\/fushaco.com\/sq\/wp-json\/wp\/v2\/types\/product"}],"version-history":[{"count":5,"href":"https:\/\/fushaco.com\/sq\/wp-json\/wp\/v2\/product\/30043\/revisions"}],"predecessor-version":[{"id":32999,"href":"https:\/\/fushaco.com\/sq\/wp-json\/wp\/v2\/product\/30043\/revisions\/32999"}],"wp:featuredmedia":[{"embeddable":true,"href":"https:\/\/fushaco.com\/sq\/wp-json\/wp\/v2\/media\/30033"}],"wp:attachment":[{"href":"https:\/\/fushaco.com\/sq\/wp-json\/wp\/v2\/media?parent=30043"}],"wp:term":[{"taxonomy":"product_brand","embeddable":true,"href":"https:\/\/fushaco.com\/sq\/wp-json\/wp\/v2\/product_brand?post=30043"},{"taxonomy":"product_cat","embeddable":true,"href":"https:\/\/fushaco.com\/sq\/wp-json\/wp\/v2\/product_cat?post=30043"},{"taxonomy":"product_tag","embeddable":true,"href":"https:\/\/fushaco.com\/sq\/wp-json\/wp\/v2\/product_tag?post=30043"}],"curies":[{"name":"wp","href":"https:\/\/api.w.org\/{rel}","templated":true}]}}