{"id":30047,"date":"2025-10-08T15:14:31","date_gmt":"2025-10-08T15:14:31","guid":{"rendered":"https:\/\/fushaco.com\/?post_type=product&#038;p=30047"},"modified":"2026-04-13T15:46:14","modified_gmt":"2026-04-13T15:46:14","slug":"fush072","status":"publish","type":"product","link":"https:\/\/fushaco.com\/sq\/produkt\/fush072\/","title":{"rendered":"Arush Pellushi &#8211; FUSH072"},"content":{"rendered":"<p>Arush plushe super i but\u00eb dhe i adhuruesh\u00ebm, veshur me nj\u00eb bluz\u00eb t\u00eb bardh\u00eb me mbishkrimin <strong data-start=\"293\" data-end=\"304\">LOVE <\/strong>\u00a0me ngjyra t\u00eb gjalla. Nj\u00eb dhurat\u00eb perfekte p\u00ebr f\u00ebmij\u00eb, t\u00eb dashur\u00ebn, ose p\u00ebr dekorim romantik n\u00eb \u00e7do rast!<\/p>","protected":false},"excerpt":{"rendered":"<p data-start=\"1000\" data-end=\"1024\"><strong data-start=\"1002\" data-end=\"1022\">Karakteristikat:<\/strong><\/p>\n<ul data-start=\"1025\" data-end=\"1297\">\n<li data-start=\"1025\" data-end=\"1061\">\n<p data-start=\"1027\" data-end=\"1061\">Ngjyra: Bezh\u00eb me bluz\u00eb t\u00eb bardh\u00eb<\/p>\n<\/li>\n<li data-start=\"1062\" data-end=\"1101\">\n<p data-start=\"1064\" data-end=\"1101\">Mbishkrimi: \u201cLOVE \u201d shum\u00ebngjyr\u00ebsh<\/p>\n<\/li>\n<li data-start=\"1102\" data-end=\"1170\">\n<p data-start=\"1104\" data-end=\"1170\">Materiali: Plushe cil\u00ebsore, jasht\u00ebzakonisht i but\u00eb dhe rezistent<\/p>\n<\/li>\n<li data-start=\"1171\" data-end=\"1206\">\n<p data-start=\"1173\" data-end=\"1206\">Madh\u00ebsia: 25 \u2013 30 cm (mesatare)<\/p>\n<\/li>\n<li data-start=\"1207\" data-end=\"1242\">\n<p data-start=\"1209\" data-end=\"1242\">I leht\u00eb dhe i sigurt p\u00ebr f\u00ebmij\u00eb<\/p>\n<\/li>\n<li data-start=\"1243\" data-end=\"1297\">\n<p data-start=\"1245\" data-end=\"1297\">Mund t\u00eb lahet me dor\u00eb ose n\u00eb lavatri\u00e7e (me kujdes)<\/p>\n<\/li>\n<\/ul>","protected":false},"featured_media":30034,"template":"","meta":[],"product_brand":[],"product_cat":[282],"product_tag":[],"class_list":{"0":"post-30047","1":"product","2":"type-product","3":"status-publish","4":"has-post-thumbnail","6":"product_cat-arusha-pelushi","8":"first","9":"instock","10":"sale","11":"taxable","12":"shipping-taxable","13":"purchasable","14":"product-type-simple"},"group_of_quantity":0,"min_quantity":5,"max_quantity":"","exclude_order_quantity_value_rules":"no","exclude_category_quantity_rules":"no","combine_variations":"no","jetpack_sharing_enabled":true,"_links":{"self":[{"href":"https:\/\/fushaco.com\/sq\/wp-json\/wp\/v2\/product\/30047","targetHints":{"allow":["GET"]}}],"collection":[{"href":"https:\/\/fushaco.com\/sq\/wp-json\/wp\/v2\/product"}],"about":[{"href":"https:\/\/fushaco.com\/sq\/wp-json\/wp\/v2\/types\/product"}],"version-history":[{"count":4,"href":"https:\/\/fushaco.com\/sq\/wp-json\/wp\/v2\/product\/30047\/revisions"}],"predecessor-version":[{"id":32998,"href":"https:\/\/fushaco.com\/sq\/wp-json\/wp\/v2\/product\/30047\/revisions\/32998"}],"wp:featuredmedia":[{"embeddable":true,"href":"https:\/\/fushaco.com\/sq\/wp-json\/wp\/v2\/media\/30034"}],"wp:attachment":[{"href":"https:\/\/fushaco.com\/sq\/wp-json\/wp\/v2\/media?parent=30047"}],"wp:term":[{"taxonomy":"product_brand","embeddable":true,"href":"https:\/\/fushaco.com\/sq\/wp-json\/wp\/v2\/product_brand?post=30047"},{"taxonomy":"product_cat","embeddable":true,"href":"https:\/\/fushaco.com\/sq\/wp-json\/wp\/v2\/product_cat?post=30047"},{"taxonomy":"product_tag","embeddable":true,"href":"https:\/\/fushaco.com\/sq\/wp-json\/wp\/v2\/product_tag?post=30047"}],"curies":[{"name":"wp","href":"https:\/\/api.w.org\/{rel}","templated":true}]}}