{"id":30051,"date":"2025-10-08T15:20:49","date_gmt":"2025-10-08T15:20:49","guid":{"rendered":"https:\/\/fushaco.com\/?post_type=product&#038;p=30051"},"modified":"2025-12-17T16:56:17","modified_gmt":"2025-12-17T16:56:17","slug":"fush093","status":"publish","type":"product","link":"https:\/\/fushaco.com\/sq\/produkt\/fush093\/","title":{"rendered":"Balona Festiv &#8211; FUSH093"},"content":{"rendered":"<p>Set elegant balonash p\u00ebr dit\u00eblindje me tem\u00eb <strong data-start=\"252\" data-end=\"265\">romantike<\/strong>, n\u00eb nuanca <strong data-start=\"277\" data-end=\"315\">ari metalik, t\u00eb kuqe dhe t\u00eb bardh\u00eb<\/strong>. Ideal p\u00ebr festa intime, surpriza romantike apo dekorim dhomash me stil dhe ndri\u00e7im t\u00eb ngroht\u00eb.<\/p>","protected":false},"excerpt":{"rendered":"<p data-start=\"1396\" data-end=\"1421\"><strong data-start=\"1399\" data-end=\"1419\">Karakteristikat:<\/strong><\/p>\n<ul data-start=\"1422\" data-end=\"1608\">\n<li data-start=\"1422\" data-end=\"1454\">\n<p data-start=\"1424\" data-end=\"1454\">Tem\u00eb: Romantike \/ Dit\u00eblindje<\/p>\n<\/li>\n<li data-start=\"1455\" data-end=\"1489\">\n<p data-start=\"1457\" data-end=\"1489\">Ngjyrat: Ari, E kuqe, E bardh\u00eb<\/p>\n<\/li>\n<li data-start=\"1490\" data-end=\"1538\">\n<p data-start=\"1492\" data-end=\"1538\">Materiali: Lateks &amp; Folie me cil\u00ebsi t\u00eb lart\u00eb<\/p>\n<\/li>\n<li data-start=\"1539\" data-end=\"1571\">\n<p data-start=\"1541\" data-end=\"1571\">P\u00ebrdorim: Me aj\u00ebr ose helium<\/p>\n<\/li>\n<li data-start=\"1572\" data-end=\"1608\">\n<p data-start=\"1574\" data-end=\"1608\">Montim i leht\u00eb dhe shum\u00eb estetik<\/p>\n<\/li>\n<\/ul>","protected":false},"featured_media":30036,"template":"","meta":[],"product_brand":[],"product_cat":[295],"product_tag":[],"class_list":{"0":"post-30051","1":"product","2":"type-product","3":"status-publish","4":"has-post-thumbnail","6":"product_cat-ballone","8":"first","9":"instock","10":"sale","11":"taxable","12":"shipping-taxable","13":"purchasable","14":"product-type-simple"},"group_of_quantity":0,"min_quantity":0,"max_quantity":"","exclude_order_quantity_value_rules":"no","exclude_category_quantity_rules":"no","combine_variations":"no","jetpack_sharing_enabled":true,"_links":{"self":[{"href":"https:\/\/fushaco.com\/sq\/wp-json\/wp\/v2\/product\/30051","targetHints":{"allow":["GET"]}}],"collection":[{"href":"https:\/\/fushaco.com\/sq\/wp-json\/wp\/v2\/product"}],"about":[{"href":"https:\/\/fushaco.com\/sq\/wp-json\/wp\/v2\/types\/product"}],"version-history":[{"count":4,"href":"https:\/\/fushaco.com\/sq\/wp-json\/wp\/v2\/product\/30051\/revisions"}],"predecessor-version":[{"id":33025,"href":"https:\/\/fushaco.com\/sq\/wp-json\/wp\/v2\/product\/30051\/revisions\/33025"}],"wp:featuredmedia":[{"embeddable":true,"href":"https:\/\/fushaco.com\/sq\/wp-json\/wp\/v2\/media\/30036"}],"wp:attachment":[{"href":"https:\/\/fushaco.com\/sq\/wp-json\/wp\/v2\/media?parent=30051"}],"wp:term":[{"taxonomy":"product_brand","embeddable":true,"href":"https:\/\/fushaco.com\/sq\/wp-json\/wp\/v2\/product_brand?post=30051"},{"taxonomy":"product_cat","embeddable":true,"href":"https:\/\/fushaco.com\/sq\/wp-json\/wp\/v2\/product_cat?post=30051"},{"taxonomy":"product_tag","embeddable":true,"href":"https:\/\/fushaco.com\/sq\/wp-json\/wp\/v2\/product_tag?post=30051"}],"curies":[{"name":"wp","href":"https:\/\/api.w.org\/{rel}","templated":true}]}}