{"id":30053,"date":"2025-10-08T15:21:49","date_gmt":"2025-10-08T15:21:49","guid":{"rendered":"https:\/\/fushaco.com\/?post_type=product&#038;p=30053"},"modified":"2025-12-16T09:37:40","modified_gmt":"2025-12-16T09:37:40","slug":"fush094","status":"publish","type":"product","link":"https:\/\/fushaco.com\/sq\/produkt\/fush094\/","title":{"rendered":"Balona Festiv &#8211; FUSH094"},"content":{"rendered":"<p data-start=\"146\" data-end=\"379\">Set dekorimi me tem\u00eb <strong data-start=\"196\" data-end=\"209\">Spiderman<\/strong>, ideal p\u00ebr festa dit\u00eblindjesh plot energji dhe arg\u00ebtim! Me ngjyrat klasike <strong data-start=\"285\" data-end=\"313\">t\u00eb kuqe, blu dhe t\u00eb zeza<\/strong>, ky set krijon nj\u00eb ambient heroik q\u00eb \u00e7do f\u00ebmij\u00eb do ta adhuroj\u00eb.<\/p>\n<p data-start=\"146\" data-end=\"379\">","protected":false},"excerpt":{"rendered":"<p data-start=\"1317\" data-end=\"1342\"><strong data-start=\"1320\" data-end=\"1340\">Karakteristikat:<\/strong><\/p>\n<ul data-start=\"1343\" data-end=\"1527\">\n<li data-start=\"1343\" data-end=\"1374\">\n<p data-start=\"1345\" data-end=\"1374\">Tem\u00eb: Spiderman \/ Superhero<\/p>\n<\/li>\n<li data-start=\"1375\" data-end=\"1407\">\n<p data-start=\"1377\" data-end=\"1407\">Ngjyrat: E kuqe, Blu, E zez\u00eb<\/p>\n<\/li>\n<li data-start=\"1408\" data-end=\"1446\">\n<p data-start=\"1410\" data-end=\"1446\">Materiali: Lateks &amp; Folie cil\u00ebsore<\/p>\n<\/li>\n<li data-start=\"1447\" data-end=\"1479\">\n<p data-start=\"1449\" data-end=\"1479\">P\u00ebrdorim: Me aj\u00ebr ose helium<\/p>\n<\/li>\n<li data-start=\"1480\" data-end=\"1527\">\n<p data-start=\"1482\" data-end=\"1527\">Montim i leht\u00eb dhe shum\u00eb efektiv vizualisht<\/p>\n<\/li>\n<\/ul>","protected":false},"featured_media":30037,"template":"","meta":[],"product_brand":[],"product_cat":[295],"product_tag":[],"class_list":{"0":"post-30053","1":"product","2":"type-product","3":"status-publish","4":"has-post-thumbnail","6":"product_cat-ballone","8":"first","9":"instock","10":"sale","11":"taxable","12":"shipping-taxable","13":"purchasable","14":"product-type-simple"},"group_of_quantity":0,"min_quantity":0,"max_quantity":"","exclude_order_quantity_value_rules":"no","exclude_category_quantity_rules":"no","combine_variations":"no","jetpack_sharing_enabled":true,"_links":{"self":[{"href":"https:\/\/fushaco.com\/sq\/wp-json\/wp\/v2\/product\/30053","targetHints":{"allow":["GET"]}}],"collection":[{"href":"https:\/\/fushaco.com\/sq\/wp-json\/wp\/v2\/product"}],"about":[{"href":"https:\/\/fushaco.com\/sq\/wp-json\/wp\/v2\/types\/product"}],"version-history":[{"count":6,"href":"https:\/\/fushaco.com\/sq\/wp-json\/wp\/v2\/product\/30053\/revisions"}],"predecessor-version":[{"id":33024,"href":"https:\/\/fushaco.com\/sq\/wp-json\/wp\/v2\/product\/30053\/revisions\/33024"}],"wp:featuredmedia":[{"embeddable":true,"href":"https:\/\/fushaco.com\/sq\/wp-json\/wp\/v2\/media\/30037"}],"wp:attachment":[{"href":"https:\/\/fushaco.com\/sq\/wp-json\/wp\/v2\/media?parent=30053"}],"wp:term":[{"taxonomy":"product_brand","embeddable":true,"href":"https:\/\/fushaco.com\/sq\/wp-json\/wp\/v2\/product_brand?post=30053"},{"taxonomy":"product_cat","embeddable":true,"href":"https:\/\/fushaco.com\/sq\/wp-json\/wp\/v2\/product_cat?post=30053"},{"taxonomy":"product_tag","embeddable":true,"href":"https:\/\/fushaco.com\/sq\/wp-json\/wp\/v2\/product_tag?post=30053"}],"curies":[{"name":"wp","href":"https:\/\/api.w.org\/{rel}","templated":true}]}}