{"id":30056,"date":"2025-10-08T15:35:57","date_gmt":"2025-10-08T15:35:57","guid":{"rendered":"https:\/\/fushaco.com\/?post_type=product&#038;p=30056"},"modified":"2025-12-16T09:37:35","modified_gmt":"2025-12-16T09:37:35","slug":"fush095","status":"publish","type":"product","link":"https:\/\/fushaco.com\/sq\/produkt\/fush095\/","title":{"rendered":"Balona Festiv &#8211; FUSH095"},"content":{"rendered":"<p>Set magjik balonash me tem\u00eb <strong data-start=\"227\" data-end=\"237\">Frozen<\/strong>, perfekt p\u00ebr festa dit\u00eblindjesh p\u00ebr vajza! Me ngjyra <strong data-start=\"291\" data-end=\"326\">blu akulli, lejla dhe argjendt\u00eb<\/strong>, ky set sjell eleganc\u00eb, shk\u00eblqim dhe ndjesin\u00eb e bot\u00ebs s\u00eb akullt t\u00eb Els\u00ebs n\u00eb \u00e7do ambient festash<\/p>","protected":false},"excerpt":{"rendered":"<p data-start=\"1383\" data-end=\"1408\"><strong data-start=\"1386\" data-end=\"1406\">Karakteristikat:<\/strong><\/p>\n<ul data-start=\"1409\" data-end=\"1613\">\n<li data-start=\"1409\" data-end=\"1432\">\n<p data-start=\"1411\" data-end=\"1432\">Tem\u00eb: Frozen \/ Elsa<\/p>\n<\/li>\n<li data-start=\"1433\" data-end=\"1477\">\n<p data-start=\"1435\" data-end=\"1477\">Ngjyrat: Blu, Lejla, Argjendt\u00eb, E Bardh\u00eb<\/p>\n<\/li>\n<li data-start=\"1478\" data-end=\"1526\">\n<p data-start=\"1480\" data-end=\"1526\">Materiali: Lateks &amp; Folie me cil\u00ebsi t\u00eb lart\u00eb<\/p>\n<\/li>\n<li data-start=\"1527\" data-end=\"1559\">\n<p data-start=\"1529\" data-end=\"1559\">P\u00ebrdorim: Me aj\u00ebr ose helium<\/p>\n<\/li>\n<li data-start=\"1560\" data-end=\"1613\">\n<p data-start=\"1562\" data-end=\"1613\">Montim i leht\u00eb dhe i p\u00ebrshtatsh\u00ebm p\u00ebr \u00e7do ambient<\/p>\n<\/li>\n<\/ul>","protected":false},"featured_media":30057,"template":"","meta":[],"product_brand":[],"product_cat":[295],"product_tag":[],"class_list":{"0":"post-30056","1":"product","2":"type-product","3":"status-publish","4":"has-post-thumbnail","6":"product_cat-ballone","8":"first","9":"instock","10":"sale","11":"taxable","12":"shipping-taxable","13":"purchasable","14":"product-type-simple"},"group_of_quantity":0,"min_quantity":0,"max_quantity":"","exclude_order_quantity_value_rules":"no","exclude_category_quantity_rules":"no","combine_variations":"no","jetpack_sharing_enabled":true,"_links":{"self":[{"href":"https:\/\/fushaco.com\/sq\/wp-json\/wp\/v2\/product\/30056","targetHints":{"allow":["GET"]}}],"collection":[{"href":"https:\/\/fushaco.com\/sq\/wp-json\/wp\/v2\/product"}],"about":[{"href":"https:\/\/fushaco.com\/sq\/wp-json\/wp\/v2\/types\/product"}],"version-history":[{"count":5,"href":"https:\/\/fushaco.com\/sq\/wp-json\/wp\/v2\/product\/30056\/revisions"}],"predecessor-version":[{"id":33023,"href":"https:\/\/fushaco.com\/sq\/wp-json\/wp\/v2\/product\/30056\/revisions\/33023"}],"wp:featuredmedia":[{"embeddable":true,"href":"https:\/\/fushaco.com\/sq\/wp-json\/wp\/v2\/media\/30057"}],"wp:attachment":[{"href":"https:\/\/fushaco.com\/sq\/wp-json\/wp\/v2\/media?parent=30056"}],"wp:term":[{"taxonomy":"product_brand","embeddable":true,"href":"https:\/\/fushaco.com\/sq\/wp-json\/wp\/v2\/product_brand?post=30056"},{"taxonomy":"product_cat","embeddable":true,"href":"https:\/\/fushaco.com\/sq\/wp-json\/wp\/v2\/product_cat?post=30056"},{"taxonomy":"product_tag","embeddable":true,"href":"https:\/\/fushaco.com\/sq\/wp-json\/wp\/v2\/product_tag?post=30056"}],"curies":[{"name":"wp","href":"https:\/\/api.w.org\/{rel}","templated":true}]}}