{"id":30068,"date":"2025-10-08T15:37:14","date_gmt":"2025-10-08T15:37:14","guid":{"rendered":"https:\/\/fushaco.com\/?post_type=product&#038;p=30068"},"modified":"2025-12-17T16:53:13","modified_gmt":"2025-12-17T16:53:13","slug":"fush096","status":"publish","type":"product","link":"https:\/\/fushaco.com\/sq\/produkt\/fush096\/","title":{"rendered":"Balona Festiv &#8211; FUSH096"},"content":{"rendered":"<p>Set balonash me tem\u00eb <strong data-start=\"215\" data-end=\"232\">gara makinash<\/strong>, perfekt p\u00ebr festa dit\u00eblindjesh p\u00ebr djem! P\u00ebrfshin balona me ngjyra t\u00eb ndezura <strong data-start=\"312\" data-end=\"357\">t\u00eb kuqe, t\u00eb verdha, t\u00eb zeza dhe t\u00eb bardha<\/strong>, si dhe dekorin me shkronjat \u201cHAPPY BIRTHDAY\u201d. Krijoni nj\u00eb atmosfer\u00eb arg\u00ebtuese dhe dinamike q\u00eb \u00e7do f\u00ebmij\u00eb do ta adhuroj\u00eb!<\/p>","protected":false},"excerpt":{"rendered":"<p data-start=\"1422\" data-end=\"1447\"><strong data-start=\"1425\" data-end=\"1445\">Karakteristikat:<\/strong><\/p>\n<ul data-start=\"1448\" data-end=\"1674\">\n<li data-start=\"1448\" data-end=\"1484\">\n<p data-start=\"1450\" data-end=\"1484\">Tem\u00eb: Gara makinash \/ Auto World<\/p>\n<\/li>\n<li data-start=\"1485\" data-end=\"1544\">\n<p data-start=\"1487\" data-end=\"1544\">Ngjyra: E kuqe, e verdh\u00eb, e zez\u00eb, e bardh\u00eb, ari metalik<\/p>\n<\/li>\n<li data-start=\"1545\" data-end=\"1585\">\n<p data-start=\"1547\" data-end=\"1585\">Materiali: Lateks dhe folie cil\u00ebsore<\/p>\n<\/li>\n<li data-start=\"1586\" data-end=\"1618\">\n<p data-start=\"1588\" data-end=\"1618\">P\u00ebrdorim: Me aj\u00ebr ose helium<\/p>\n<\/li>\n<li data-start=\"1619\" data-end=\"1674\">\n<p data-start=\"1621\" data-end=\"1674\">I leht\u00eb p\u00ebr montim dhe p\u00ebr p\u00ebrdorim t\u00eb menj\u00ebhersh\u00ebm<\/p>\n<\/li>\n<\/ul>","protected":false},"featured_media":30058,"template":"","meta":[],"product_brand":[],"product_cat":[295],"product_tag":[],"class_list":{"0":"post-30068","1":"product","2":"type-product","3":"status-publish","4":"has-post-thumbnail","6":"product_cat-ballone","8":"first","9":"instock","10":"sale","11":"taxable","12":"shipping-taxable","13":"purchasable","14":"product-type-simple"},"group_of_quantity":0,"min_quantity":0,"max_quantity":"","exclude_order_quantity_value_rules":"no","exclude_category_quantity_rules":"no","combine_variations":"no","jetpack_sharing_enabled":true,"_links":{"self":[{"href":"https:\/\/fushaco.com\/sq\/wp-json\/wp\/v2\/product\/30068","targetHints":{"allow":["GET"]}}],"collection":[{"href":"https:\/\/fushaco.com\/sq\/wp-json\/wp\/v2\/product"}],"about":[{"href":"https:\/\/fushaco.com\/sq\/wp-json\/wp\/v2\/types\/product"}],"version-history":[{"count":5,"href":"https:\/\/fushaco.com\/sq\/wp-json\/wp\/v2\/product\/30068\/revisions"}],"predecessor-version":[{"id":33022,"href":"https:\/\/fushaco.com\/sq\/wp-json\/wp\/v2\/product\/30068\/revisions\/33022"}],"wp:featuredmedia":[{"embeddable":true,"href":"https:\/\/fushaco.com\/sq\/wp-json\/wp\/v2\/media\/30058"}],"wp:attachment":[{"href":"https:\/\/fushaco.com\/sq\/wp-json\/wp\/v2\/media?parent=30068"}],"wp:term":[{"taxonomy":"product_brand","embeddable":true,"href":"https:\/\/fushaco.com\/sq\/wp-json\/wp\/v2\/product_brand?post=30068"},{"taxonomy":"product_cat","embeddable":true,"href":"https:\/\/fushaco.com\/sq\/wp-json\/wp\/v2\/product_cat?post=30068"},{"taxonomy":"product_tag","embeddable":true,"href":"https:\/\/fushaco.com\/sq\/wp-json\/wp\/v2\/product_tag?post=30068"}],"curies":[{"name":"wp","href":"https:\/\/api.w.org\/{rel}","templated":true}]}}